{"id":2823,"date":"2022-12-29T17:30:06","date_gmt":"2022-12-29T20:30:06","guid":{"rendered":"https:\/\/www.emporioamazonervas.com.br\/?post_type=product&#038;p=2823"},"modified":"2022-12-29T18:33:29","modified_gmt":"2022-12-29T21:33:29","slug":"vinagre-de-fruta-coco-400ml-almaromi","status":"publish","type":"product","link":"https:\/\/www.emporioamazonervas.com.br\/index.php\/produto\/vinagre-de-fruta-coco-400ml-almaromi\/","title":{"rendered":"Vinagre de Fruta Coco 400ml &#8211; Almaromi"},"content":{"rendered":"<p style=\"text-align: justify\">O vinagre de coco \u00e9 excelente para a digest\u00e3o, e atua fortemente no intestino e por consequ\u00eancia tamb\u00e9m estimula a imunidade. Recomendado para pessoas com diabetes, pois mantem os n\u00edveis de a\u00e7\u00facar no sangue baixos. Tamb\u00e9m muito usado para pessoas que querem emagrecer, por controlar o apetite e reduzir a reten\u00e7\u00e3o de liquido. Tamb\u00e9m, utilizado pelos hipertensos, por ter propriedades minerais que mantem o n\u00edvel da press\u00e3o arterial no ideal e melhoram a sa\u00fade do cora\u00e7\u00e3o. Recomenda\u00e7\u00e3o de uso: Shot Matinal e Saladas<\/p>\n","protected":false},"excerpt":{"rendered":"<p>O vinagre de coco \u00e9 excelente para a digest\u00e3o, e atua fortemente no intestino e<a class=\"read-more\" href=\"https:\/\/www.emporioamazonervas.com.br\/index.php\/produto\/vinagre-de-fruta-coco-400ml-almaromi\/\">&#8230;<\/a><\/p>\n","protected":false},"featured_media":2825,"comment_status":"open","ping_status":"closed","template":"","meta":[],"product_cat":[109],"product_tag":[],"_links":{"self":[{"href":"https:\/\/www.emporioamazonervas.com.br\/index.php\/wp-json\/wp\/v2\/product\/2823"}],"collection":[{"href":"https:\/\/www.emporioamazonervas.com.br\/index.php\/wp-json\/wp\/v2\/product"}],"about":[{"href":"https:\/\/www.emporioamazonervas.com.br\/index.php\/wp-json\/wp\/v2\/types\/product"}],"replies":[{"embeddable":true,"href":"https:\/\/www.emporioamazonervas.com.br\/index.php\/wp-json\/wp\/v2\/comments?post=2823"}],"wp:featuredmedia":[{"embeddable":true,"href":"https:\/\/www.emporioamazonervas.com.br\/index.php\/wp-json\/wp\/v2\/media\/2825"}],"wp:attachment":[{"href":"https:\/\/www.emporioamazonervas.com.br\/index.php\/wp-json\/wp\/v2\/media?parent=2823"}],"wp:term":[{"taxonomy":"product_cat","embeddable":true,"href":"https:\/\/www.emporioamazonervas.com.br\/index.php\/wp-json\/wp\/v2\/product_cat?post=2823"},{"taxonomy":"product_tag","embeddable":true,"href":"https:\/\/www.emporioamazonervas.com.br\/index.php\/wp-json\/wp\/v2\/product_tag?post=2823"}],"curies":[{"name":"wp","href":"https:\/\/api.w.org\/{rel}","templated":true}]}}