{"id":2821,"date":"2022-12-29T17:07:30","date_gmt":"2022-12-29T20:07:30","guid":{"rendered":"https:\/\/www.emporioamazonervas.com.br\/?post_type=product&#038;p=2821"},"modified":"2022-12-29T17:07:30","modified_gmt":"2022-12-29T20:07:30","slug":"vinagre-de-cereal-arroz-400ml-almaromi","status":"publish","type":"product","link":"https:\/\/www.emporioamazonervas.com.br\/index.php\/produto\/vinagre-de-cereal-arroz-400ml-almaromi\/","title":{"rendered":"Vinagre de Cereal Arroz 400ml &#8211; Almaromi"},"content":{"rendered":"<ol>\n<li style=\"text-align: justify\"><b>Auxilia no emagrecimento:<\/b> de forma geral, os vinagres s\u00e3o pouco cal\u00f3ricos. Isso significa que voc\u00ea pode reduzir a ingest\u00e3o cal\u00f3rica trocando o molho da salada, que normalmente tem altos \u00edndices de s\u00f3dio, muitos n\u00edveis cal\u00f3ricos e de a\u00e7\u00facares, e usar ele [o vinagre de arroz].<\/li>\n<li style=\"text-align: justify\"><b>Melhora a fluidez do sangue: <\/b>o uso desse ingrediente otimiza o fluxo sangu\u00edneo e, por essa raz\u00e3o, ajuda a prevenir a hipertens\u00e3o ou beneficia o p\u00fablico que j\u00e1 possui problemas de press\u00e3o alta.<\/li>\n<li style=\"text-align: justify\"><b>Auxilia na preven\u00e7\u00e3o do c\u00e2ncer:<\/b>\u00a0outro efeito positivo \u00e9 a inibi\u00e7\u00e3o de uma enzima respons\u00e1vel pela forma\u00e7\u00e3o do \u00e1cido hipocloroso, subst\u00e2ncia altamente t\u00f3xica, mutag\u00eanica e cancer\u00edgena. Por ser um mediador de radicais livres, o vinagre age prevenindo o desenvolvimento do c\u00e2ncer, especialmente o de pele.<\/li>\n<li style=\"text-align: justify\"><b>\u00c9 bom para o cabelo:<\/b> apesar de ser uma a\u00e7\u00e3o indireta, o tempero popular da culin\u00e1ria japonesa tamb\u00e9m pode contribuir com a sa\u00fade capilar. Como no vinagre de arroz tem uma alta concentra\u00e7\u00e3o de \u00e1cido ac\u00e9tico, ent\u00e3o ele \u00e9 importante no sistema digestivo. Ou seja, ele aumenta a capacidade de absor\u00e7\u00e3o de nutrientes, vitaminas e minerais dos alimentos do plano alimentar.<\/li>\n<li style=\"text-align: justify\"><b>Melhora o quadro de resist\u00eancia \u00e0 insulina:<\/b>\u00a0diab\u00e9ticos ou pr\u00e9-diab\u00e9ticos tamb\u00e9m podem se beneficiar, pois o vinagre de arroz ajuda a controlar a glicose no sangue.<\/li>\n<\/ol>\n","protected":false},"excerpt":{"rendered":"<p>Auxilia no emagrecimento: de forma geral, os vinagres s\u00e3o pouco cal\u00f3ricos. Isso significa que voc\u00ea<a class=\"read-more\" href=\"https:\/\/www.emporioamazonervas.com.br\/index.php\/produto\/vinagre-de-cereal-arroz-400ml-almaromi\/\">&#8230;<\/a><\/p>\n","protected":false},"featured_media":2822,"comment_status":"open","ping_status":"closed","template":"","meta":[],"product_cat":[109],"product_tag":[187,929,949,961,557,116,960],"_links":{"self":[{"href":"https:\/\/www.emporioamazonervas.com.br\/index.php\/wp-json\/wp\/v2\/product\/2821"}],"collection":[{"href":"https:\/\/www.emporioamazonervas.com.br\/index.php\/wp-json\/wp\/v2\/product"}],"about":[{"href":"https:\/\/www.emporioamazonervas.com.br\/index.php\/wp-json\/wp\/v2\/types\/product"}],"replies":[{"embeddable":true,"href":"https:\/\/www.emporioamazonervas.com.br\/index.php\/wp-json\/wp\/v2\/comments?post=2821"}],"wp:featuredmedia":[{"embeddable":true,"href":"https:\/\/www.emporioamazonervas.com.br\/index.php\/wp-json\/wp\/v2\/media\/2822"}],"wp:attachment":[{"href":"https:\/\/www.emporioamazonervas.com.br\/index.php\/wp-json\/wp\/v2\/media?parent=2821"}],"wp:term":[{"taxonomy":"product_cat","embeddable":true,"href":"https:\/\/www.emporioamazonervas.com.br\/index.php\/wp-json\/wp\/v2\/product_cat?post=2821"},{"taxonomy":"product_tag","embeddable":true,"href":"https:\/\/www.emporioamazonervas.com.br\/index.php\/wp-json\/wp\/v2\/product_tag?post=2821"}],"curies":[{"name":"wp","href":"https:\/\/api.w.org\/{rel}","templated":true}]}}