{"id":2819,"date":"2022-12-29T15:25:54","date_gmt":"2022-12-29T18:25:54","guid":{"rendered":"https:\/\/www.emporioamazonervas.com.br\/?post_type=product&#038;p=2819"},"modified":"2022-12-29T15:38:02","modified_gmt":"2022-12-29T18:38:02","slug":"vinagre-de-vinho-tinto-400ml-almaromi","status":"publish","type":"product","link":"https:\/\/www.emporioamazonervas.com.br\/index.php\/produto\/vinagre-de-vinho-tinto-400ml-almaromi\/","title":{"rendered":"Vinagre de Vinho Tinto 400ml &#8211; Almaromi"},"content":{"rendered":"<p><strong>Vinagre de Vinho Tinto (4% de Acidez)<\/strong><\/p>\n<p>O Vinagre de Vinho Tinto Almaromi \u00e9 100% natural, sem conservantes e n\u00e3o filtrado.<\/p>\n<p>&nbsp;<\/p>\n<p><strong>Benef\u00edcios:<\/strong><\/p>\n<ul>\n<li><strong>Redu\u00e7\u00e3o da gordura corporal<\/strong><\/li>\n<\/ul>\n<p>O Vinagre de Vinho Tinto Almaromi \u00e9 um grande aliado na queima de gordura, j\u00e1 que cont\u00e9m \u00e1cido ac\u00e9tico, que suprime o ac\u00famulo de gordura no corpo, afetando o metabolismo.<\/p>\n<ul>\n<li><strong>Retardo nos sinais de envelhecimento<\/strong><\/li>\n<\/ul>\n<p>O Vinagre de Vinho Tinto Almaromi possui antioxidantes naturais que auxiliam a retardar o processo de envelhecimento natural, gra\u00e7as a suas antocianinas.<strong>\u200b<\/strong><\/p>\n<ul>\n<li><strong>Aux\u00edlio na digest\u00e3o<\/strong><\/li>\n<\/ul>\n<p>O Vinagre de Vinho Tinto Almaromi libera as toxinas do corpo, remove as bact\u00e9rias de levedura do trato digestivo e limpa o trato urin\u00e1rio. Esse processo melhora o trabalho dos \u00f3rg\u00e3os envolvidos no processo digestivo.<\/p>\n<p>&nbsp;<\/p>\n<p><strong>Onde usar:<\/strong><\/p>\n<p>O Vinagre de Vinho Tinto Almaromi fornece um sabor natural e marcante para marinados, saladas ou molhos.<\/p>\n<p style=\"text-align: justify\">\n","protected":false},"excerpt":{"rendered":"<p>Vinagre de Vinho Tinto (4% de Acidez) O Vinagre de Vinho Tinto Almaromi \u00e9 100%<a class=\"read-more\" href=\"https:\/\/www.emporioamazonervas.com.br\/index.php\/produto\/vinagre-de-vinho-tinto-400ml-almaromi\/\">&#8230;<\/a><\/p>\n","protected":false},"featured_media":2820,"comment_status":"open","ping_status":"closed","template":"","meta":[],"product_cat":[109],"product_tag":[316,528,795,412,116,959],"_links":{"self":[{"href":"https:\/\/www.emporioamazonervas.com.br\/index.php\/wp-json\/wp\/v2\/product\/2819"}],"collection":[{"href":"https:\/\/www.emporioamazonervas.com.br\/index.php\/wp-json\/wp\/v2\/product"}],"about":[{"href":"https:\/\/www.emporioamazonervas.com.br\/index.php\/wp-json\/wp\/v2\/types\/product"}],"replies":[{"embeddable":true,"href":"https:\/\/www.emporioamazonervas.com.br\/index.php\/wp-json\/wp\/v2\/comments?post=2819"}],"wp:featuredmedia":[{"embeddable":true,"href":"https:\/\/www.emporioamazonervas.com.br\/index.php\/wp-json\/wp\/v2\/media\/2820"}],"wp:attachment":[{"href":"https:\/\/www.emporioamazonervas.com.br\/index.php\/wp-json\/wp\/v2\/media?parent=2819"}],"wp:term":[{"taxonomy":"product_cat","embeddable":true,"href":"https:\/\/www.emporioamazonervas.com.br\/index.php\/wp-json\/wp\/v2\/product_cat?post=2819"},{"taxonomy":"product_tag","embeddable":true,"href":"https:\/\/www.emporioamazonervas.com.br\/index.php\/wp-json\/wp\/v2\/product_tag?post=2819"}],"curies":[{"name":"wp","href":"https:\/\/api.w.org\/{rel}","templated":true}]}}