{"id":2804,"date":"2022-12-27T12:25:00","date_gmt":"2022-12-27T15:25:00","guid":{"rendered":"https:\/\/www.emporioamazonervas.com.br\/?post_type=product&#038;p=2804"},"modified":"2022-12-27T12:28:37","modified_gmt":"2022-12-27T15:28:37","slug":"vinagre-de-maca-organico-400ml-almaromi","status":"publish","type":"product","link":"https:\/\/www.emporioamazonervas.com.br\/index.php\/produto\/vinagre-de-maca-organico-400ml-almaromi\/","title":{"rendered":"Vinagre de Ma\u00e7\u00e3 Org\u00e2nico 400ml &#8211; Almaromi"},"content":{"rendered":"<p style=\"text-align: justify\"><strong>Org\u00e2nico, Zero \u00e1lcool e Sem bisfenol-A<\/strong><\/p>\n<p style=\"text-align: justify\">O Vinagre de Ma\u00e7\u00e3 Almaromi Org\u00e2nico, \u00e9 certificado por \u00f3rg\u00e3o independente, o que traz mais garantia ao consumidor de que \u00e9 um produto verdadeiramente \u00a0org\u00e2nico desde a planta\u00e7\u00e3o da ma\u00e7\u00e3 at\u00e9 a produ\u00e7\u00e3o final do vinagre. O Vinagre de Ma\u00e7\u00e3 Almaromi \u00e9 100% natural e produzido para atender os mais exigentes paladares. Possui acidez de 4%, \u00a0embalagem especial e \u00e9 apresentado em garrafa de 400 ml.<\/p>\n<p style=\"text-align: justify\">O\u00a0<strong>Vinagre de Ma\u00e7\u00e3 Almaromi<\/strong>\u00a0\u00e9 elaborado a partir do suco de ma\u00e7\u00e3s inteiras esmagadas. \u00c9 100% natural, sem \u00e1lcool ou conservantes. \u00c9 preparado com suco de ma\u00e7\u00e3s, por isso mant\u00e9m diversas propriedades que os vinagres comuns n\u00e3o t\u00eam. Conhecido e utilizado como tempero, o vinagre \u00e9 um ingrediente fundamental na culin\u00e1ria para saborizar saladas e molhos, amaciar carnes e ainda fermentar massas.<\/p>\n","protected":false},"excerpt":{"rendered":"<p>Org\u00e2nico, Zero \u00e1lcool e Sem bisfenol-A O Vinagre de Ma\u00e7\u00e3 Almaromi Org\u00e2nico, \u00e9 certificado por<a class=\"read-more\" href=\"https:\/\/www.emporioamazonervas.com.br\/index.php\/produto\/vinagre-de-maca-organico-400ml-almaromi\/\">&#8230;<\/a><\/p>\n","protected":false},"featured_media":2808,"comment_status":"open","ping_status":"closed","template":"","meta":[],"product_cat":[109],"product_tag":[316,65,310,125,824,87,699],"_links":{"self":[{"href":"https:\/\/www.emporioamazonervas.com.br\/index.php\/wp-json\/wp\/v2\/product\/2804"}],"collection":[{"href":"https:\/\/www.emporioamazonervas.com.br\/index.php\/wp-json\/wp\/v2\/product"}],"about":[{"href":"https:\/\/www.emporioamazonervas.com.br\/index.php\/wp-json\/wp\/v2\/types\/product"}],"replies":[{"embeddable":true,"href":"https:\/\/www.emporioamazonervas.com.br\/index.php\/wp-json\/wp\/v2\/comments?post=2804"}],"wp:featuredmedia":[{"embeddable":true,"href":"https:\/\/www.emporioamazonervas.com.br\/index.php\/wp-json\/wp\/v2\/media\/2808"}],"wp:attachment":[{"href":"https:\/\/www.emporioamazonervas.com.br\/index.php\/wp-json\/wp\/v2\/media?parent=2804"}],"wp:term":[{"taxonomy":"product_cat","embeddable":true,"href":"https:\/\/www.emporioamazonervas.com.br\/index.php\/wp-json\/wp\/v2\/product_cat?post=2804"},{"taxonomy":"product_tag","embeddable":true,"href":"https:\/\/www.emporioamazonervas.com.br\/index.php\/wp-json\/wp\/v2\/product_tag?post=2804"}],"curies":[{"name":"wp","href":"https:\/\/api.w.org\/{rel}","templated":true}]}}