{"id":2802,"date":"2022-12-27T11:27:07","date_gmt":"2022-12-27T14:27:07","guid":{"rendered":"https:\/\/www.emporioamazonervas.com.br\/?post_type=product&#038;p=2802"},"modified":"2022-12-29T16:53:16","modified_gmt":"2022-12-29T19:53:16","slug":"vinagre-de-maca-organico-250ml-senhor-viccino","status":"publish","type":"product","link":"https:\/\/www.emporioamazonervas.com.br\/index.php\/produto\/vinagre-de-maca-organico-250ml-senhor-viccino\/","title":{"rendered":"Vinagre de Ma\u00e7a Org\u00e2nico 250ml &#8211; Senhor Viccino"},"content":{"rendered":"<p style=\"text-align: justify\">O vinagre de ma\u00e7\u00e3 possui mais subst\u00e2ncias ben\u00e9ficas do que os demais vinagres. O alimento conta com \u00e1cido ac\u00e9tico, enzimas, catequinas e quercetinas, que s\u00e3o antioxidantes, tra\u00e7os de fibra sol\u00favel, betacaroteno e minerais, especialmente o pot\u00e1ssio.<\/p>\n<p>&#8211; N\u00e3o cont\u00e9m gl\u00faten;<br \/>\n&#8211; N\u00e3o \u00e9 pasteurizado;<br \/>\n&#8211; N\u00e3o \u00e9 micro filtrado;<br \/>\n&#8211; N\u00e3o sofre aquecimento;<br \/>\n&#8211; N\u00e3o possui corantes;<br \/>\n&#8211; N\u00e3o possui conservantes;<br \/>\n&#8211; N\u00e3o possui aditivos;<br \/>\n&#8211; N\u00e3o possui ess\u00eancias.<\/p>\n","protected":false},"excerpt":{"rendered":"<p>O vinagre de ma\u00e7\u00e3 possui mais subst\u00e2ncias ben\u00e9ficas do que os demais vinagres. O alimento<a class=\"read-more\" href=\"https:\/\/www.emporioamazonervas.com.br\/index.php\/produto\/vinagre-de-maca-organico-250ml-senhor-viccino\/\">&#8230;<\/a><\/p>\n","protected":false},"featured_media":2803,"comment_status":"open","ping_status":"closed","template":"","meta":[],"product_cat":[109],"product_tag":[316,495,310,125,467,824,87,699],"_links":{"self":[{"href":"https:\/\/www.emporioamazonervas.com.br\/index.php\/wp-json\/wp\/v2\/product\/2802"}],"collection":[{"href":"https:\/\/www.emporioamazonervas.com.br\/index.php\/wp-json\/wp\/v2\/product"}],"about":[{"href":"https:\/\/www.emporioamazonervas.com.br\/index.php\/wp-json\/wp\/v2\/types\/product"}],"replies":[{"embeddable":true,"href":"https:\/\/www.emporioamazonervas.com.br\/index.php\/wp-json\/wp\/v2\/comments?post=2802"}],"wp:featuredmedia":[{"embeddable":true,"href":"https:\/\/www.emporioamazonervas.com.br\/index.php\/wp-json\/wp\/v2\/media\/2803"}],"wp:attachment":[{"href":"https:\/\/www.emporioamazonervas.com.br\/index.php\/wp-json\/wp\/v2\/media?parent=2802"}],"wp:term":[{"taxonomy":"product_cat","embeddable":true,"href":"https:\/\/www.emporioamazonervas.com.br\/index.php\/wp-json\/wp\/v2\/product_cat?post=2802"},{"taxonomy":"product_tag","embeddable":true,"href":"https:\/\/www.emporioamazonervas.com.br\/index.php\/wp-json\/wp\/v2\/product_tag?post=2802"}],"curies":[{"name":"wp","href":"https:\/\/api.w.org\/{rel}","templated":true}]}}