{"id":2794,"date":"2022-12-26T18:24:45","date_gmt":"2022-12-26T21:24:45","guid":{"rendered":"https:\/\/www.emporioamazonervas.com.br\/?post_type=product&#038;p=2794"},"modified":"2022-12-26T18:24:45","modified_gmt":"2022-12-26T21:24:45","slug":"zen-com-vitaminas-e-minerais-120-caps-400mg-apisnutri","status":"publish","type":"product","link":"https:\/\/www.emporioamazonervas.com.br\/index.php\/produto\/zen-com-vitaminas-e-minerais-120-caps-400mg-apisnutri\/","title":{"rendered":"Zen com Vitaminas e Minerais 120 Caps 400mg &#8211; ApisNutri"},"content":{"rendered":"<p>O sono \u00e9 essencial para a sa\u00fade f\u00edsica e mental. \u00e9 durante o sono que nosso corpo se recupera dos estresses do dia-a-dia e, por isso, \u00e9 importante ter uma boa noite de sono todas as noites. Mas nem sempre \u00e9 f\u00e1cil ter um bom descanso: \u00e0s vezes, os problemas do trabalho ou da faculdade acabam atrapalhando o nosso sono. Felizmente, existem produtos que podem ajudar a melhorar a qualidade do nosso sono.<br \/>\nZen \u00e9 um produto elaborado com princ\u00edpios ativos precursores da melatonina, subst\u00e2ncia esta, que em conjunto com outro horm\u00f4nio, a serotonina, s\u00e3o respons\u00e1veis pela indu\u00e7\u00e3o, preserva\u00e7\u00e3o e qualidade do sono. Cont\u00e9m Magn\u00e9sio, Zinco, Vitamina B, Vitamina C e diversas vitaminas e minerais que auxiliam na regula\u00e7\u00e3o do sono de forma natural.<br \/>\nComposi\u00e7\u00e3o:<br \/>\nMagn\u00e9sio, Zinco, Vitamina B6 (Piridoxina), Vitamina B9 (\u00c1cido F\u00f3lico).<\/p>\n","protected":false},"excerpt":{"rendered":"<p>O sono \u00e9 essencial para a sa\u00fade f\u00edsica e mental. \u00e9 durante o sono que<a class=\"read-more\" href=\"https:\/\/www.emporioamazonervas.com.br\/index.php\/produto\/zen-com-vitaminas-e-minerais-120-caps-400mg-apisnutri\/\">&#8230;<\/a><\/p>\n","protected":false},"featured_media":2795,"comment_status":"open","ping_status":"closed","template":"","meta":[],"product_cat":[173],"product_tag":[175,835,310,954,955,607,547,275,113,399,953,115],"_links":{"self":[{"href":"https:\/\/www.emporioamazonervas.com.br\/index.php\/wp-json\/wp\/v2\/product\/2794"}],"collection":[{"href":"https:\/\/www.emporioamazonervas.com.br\/index.php\/wp-json\/wp\/v2\/product"}],"about":[{"href":"https:\/\/www.emporioamazonervas.com.br\/index.php\/wp-json\/wp\/v2\/types\/product"}],"replies":[{"embeddable":true,"href":"https:\/\/www.emporioamazonervas.com.br\/index.php\/wp-json\/wp\/v2\/comments?post=2794"}],"wp:featuredmedia":[{"embeddable":true,"href":"https:\/\/www.emporioamazonervas.com.br\/index.php\/wp-json\/wp\/v2\/media\/2795"}],"wp:attachment":[{"href":"https:\/\/www.emporioamazonervas.com.br\/index.php\/wp-json\/wp\/v2\/media?parent=2794"}],"wp:term":[{"taxonomy":"product_cat","embeddable":true,"href":"https:\/\/www.emporioamazonervas.com.br\/index.php\/wp-json\/wp\/v2\/product_cat?post=2794"},{"taxonomy":"product_tag","embeddable":true,"href":"https:\/\/www.emporioamazonervas.com.br\/index.php\/wp-json\/wp\/v2\/product_tag?post=2794"}],"curies":[{"name":"wp","href":"https:\/\/api.w.org\/{rel}","templated":true}]}}