{"id":2790,"date":"2022-12-26T17:59:47","date_gmt":"2022-12-26T20:59:47","guid":{"rendered":"https:\/\/www.emporioamazonervas.com.br\/?post_type=product&#038;p=2790"},"modified":"2022-12-26T17:59:47","modified_gmt":"2022-12-26T20:59:47","slug":"oleo-de-primula-60-caps-500mg-apisnutri","status":"publish","type":"product","link":"https:\/\/www.emporioamazonervas.com.br\/index.php\/produto\/oleo-de-primula-60-caps-500mg-apisnutri\/","title":{"rendered":"\u00d3leo de Pr\u00edmula 60 Caps 500mg &#8211; ApisNutri"},"content":{"rendered":"<p style=\"text-align: justify\">Rico em \u00d4mega 6 (\u00e1cido linol\u00e9ico e \u00e1cido gama- linol\u00eanico). Esses \u00e1cidos graxos essenciais s\u00e3o importantes elementos estruturais das c\u00e9lulas e como precursores de prostaglandinas, subst\u00e2ncia respons\u00e1vel pela redu\u00e7\u00e3o da inflama\u00e7\u00e3o cr\u00f4nica e que ajuda a equilibrar os horm\u00f4nios femininos, auxiliando no combate aos efeitos da tens\u00e3o pr\u00e9-menstrual (TPM), evitando o envelhecimento precoce, controlando a press\u00e3o sangu\u00ednea e prevenindo doen\u00e7as cardiovasculares<\/p>\n","protected":false},"excerpt":{"rendered":"<p>Rico em \u00d4mega 6 (\u00e1cido linol\u00e9ico e \u00e1cido gama- linol\u00eanico). Esses \u00e1cidos graxos essenciais s\u00e3o<a class=\"read-more\" href=\"https:\/\/www.emporioamazonervas.com.br\/index.php\/produto\/oleo-de-primula-60-caps-500mg-apisnutri\/\">&#8230;<\/a><\/p>\n","protected":false},"featured_media":2791,"comment_status":"open","ping_status":"closed","template":"","meta":[],"product_cat":[173],"product_tag":[507,738,620,795,720,240,346,952,323,530],"_links":{"self":[{"href":"https:\/\/www.emporioamazonervas.com.br\/index.php\/wp-json\/wp\/v2\/product\/2790"}],"collection":[{"href":"https:\/\/www.emporioamazonervas.com.br\/index.php\/wp-json\/wp\/v2\/product"}],"about":[{"href":"https:\/\/www.emporioamazonervas.com.br\/index.php\/wp-json\/wp\/v2\/types\/product"}],"replies":[{"embeddable":true,"href":"https:\/\/www.emporioamazonervas.com.br\/index.php\/wp-json\/wp\/v2\/comments?post=2790"}],"wp:featuredmedia":[{"embeddable":true,"href":"https:\/\/www.emporioamazonervas.com.br\/index.php\/wp-json\/wp\/v2\/media\/2791"}],"wp:attachment":[{"href":"https:\/\/www.emporioamazonervas.com.br\/index.php\/wp-json\/wp\/v2\/media?parent=2790"}],"wp:term":[{"taxonomy":"product_cat","embeddable":true,"href":"https:\/\/www.emporioamazonervas.com.br\/index.php\/wp-json\/wp\/v2\/product_cat?post=2790"},{"taxonomy":"product_tag","embeddable":true,"href":"https:\/\/www.emporioamazonervas.com.br\/index.php\/wp-json\/wp\/v2\/product_tag?post=2790"}],"curies":[{"name":"wp","href":"https:\/\/api.w.org\/{rel}","templated":true}]}}