{"id":2786,"date":"2022-12-26T17:15:57","date_gmt":"2022-12-26T20:15:57","guid":{"rendered":"https:\/\/www.emporioamazonervas.com.br\/?post_type=product&#038;p=2786"},"modified":"2022-12-26T17:15:57","modified_gmt":"2022-12-26T20:15:57","slug":"picolinato-de-cromo-60-caps-videira-7","status":"publish","type":"product","link":"https:\/\/www.emporioamazonervas.com.br\/index.php\/produto\/picolinato-de-cromo-60-caps-videira-7\/","title":{"rendered":"Picolinato de Cromo 60 Caps &#8211; Videira 7"},"content":{"rendered":"<p style=\"text-align: justify\">Picolinato de Cromo \u00e9 um suplemento diet\u00e9tico, conhecido como a melhor fonte de cromo, que \u00e9 um mineral essencial para a produ\u00e7\u00e3o de insulina do corpo. O picolinato de cromo proporciona o aumento de insulina que melhora o recebimento de glicose, melhora a circula\u00e7\u00e3o sangu\u00ednea e manuten\u00e7\u00e3o dos n\u00edveis de a\u00e7\u00facar no sangue, com isso h\u00e1 o ganho de energia, a queima de gorduras e constru\u00e7\u00e3o muscular. \u00c9 um composto qu\u00edmico que \u00e9 considerado como suplemento alimentar para prevenir e tratar a defici\u00eancia de cromo. Ele \u00e9 um complexo vermelho brilhante derivado do cromo e \u00e1cido picolinato. Pequenas quantidades de cromo s\u00e3o necess\u00e1rias para utiliza\u00e7\u00e3o da glicose pela insulina, por\u00e9m sua defici\u00eancia \u00e9 extremamente rara e foi observada apenas em pacientes hospitalizados com dietas de longo prazo. O cromo auxilia o organismo a utilizar a insulina, um horm\u00f4nio que transfere o a\u00e7\u00facar do sangue (glicose) para as c\u00e9lulas onde \u00e9 usado como combust\u00edvel. Quando existe cromo suficiente, o corpo humano utiliza a insulina de forma eficiente e mant\u00e9m n\u00edveis sangu\u00edneos normais de glicose. Al\u00e9m disso, o cromo ajuda no processamento de prote\u00ednas para o aumento de massa muscular e na perda de peso como queimador de gorduras.<\/p>\n","protected":false},"excerpt":{"rendered":"<p>Picolinato de Cromo \u00e9 um suplemento diet\u00e9tico, conhecido como a melhor fonte de cromo, que<a class=\"read-more\" href=\"https:\/\/www.emporioamazonervas.com.br\/index.php\/produto\/picolinato-de-cromo-60-caps-videira-7\/\">&#8230;<\/a><\/p>\n","protected":false},"featured_media":2787,"comment_status":"open","ping_status":"closed","template":"","meta":[],"product_cat":[173],"product_tag":[592,674,949,789,633,330,631],"_links":{"self":[{"href":"https:\/\/www.emporioamazonervas.com.br\/index.php\/wp-json\/wp\/v2\/product\/2786"}],"collection":[{"href":"https:\/\/www.emporioamazonervas.com.br\/index.php\/wp-json\/wp\/v2\/product"}],"about":[{"href":"https:\/\/www.emporioamazonervas.com.br\/index.php\/wp-json\/wp\/v2\/types\/product"}],"replies":[{"embeddable":true,"href":"https:\/\/www.emporioamazonervas.com.br\/index.php\/wp-json\/wp\/v2\/comments?post=2786"}],"wp:featuredmedia":[{"embeddable":true,"href":"https:\/\/www.emporioamazonervas.com.br\/index.php\/wp-json\/wp\/v2\/media\/2787"}],"wp:attachment":[{"href":"https:\/\/www.emporioamazonervas.com.br\/index.php\/wp-json\/wp\/v2\/media?parent=2786"}],"wp:term":[{"taxonomy":"product_cat","embeddable":true,"href":"https:\/\/www.emporioamazonervas.com.br\/index.php\/wp-json\/wp\/v2\/product_cat?post=2786"},{"taxonomy":"product_tag","embeddable":true,"href":"https:\/\/www.emporioamazonervas.com.br\/index.php\/wp-json\/wp\/v2\/product_tag?post=2786"}],"curies":[{"name":"wp","href":"https:\/\/api.w.org\/{rel}","templated":true}]}}