{"id":2781,"date":"2022-12-26T15:59:50","date_gmt":"2022-12-26T18:59:50","guid":{"rendered":"https:\/\/www.emporioamazonervas.com.br\/?post_type=product&#038;p=2781"},"modified":"2022-12-26T16:06:04","modified_gmt":"2022-12-26T19:06:04","slug":"whey-100-sabor-chocolate-refil-907g-integralmedica","status":"publish","type":"product","link":"https:\/\/www.emporioamazonervas.com.br\/index.php\/produto\/whey-100-sabor-chocolate-refil-907g-integralmedica\/","title":{"rendered":"Whey 100% Sabor Chocolate Refil 907g &#8211; Integralm\u00e9dica"},"content":{"rendered":"<p style=\"text-align: justify\">O\u00a0<strong>Whey 100% Pure<\/strong>\u00a0\u00e9 o suplemento ideal e essencial para quem busca\u00a0<strong>ganho de massa magra e recupera\u00e7\u00e3o muscular<\/strong>. Composto pela prote\u00edna concentrada do soro de leite, s\u00e3o 20 g de prote\u00edna por dose, 9,7 g de amino\u00e1cidos essenciais e 4,6 g de BCAA.<\/p>\n<p style=\"text-align: justify\">Uma \u00f3tima op\u00e7\u00e3o para o\u00a0<strong>p\u00f3s treino<\/strong>, o Whey 100% Pure\u00a0<strong>auxilia na manuten\u00e7\u00e3o da massa magra<\/strong>, possui baixo teor de carboidrato, gordura e s\u00f3dio. Zero Gl\u00faten.<\/p>\n<p style=\"text-align: justify\">Alta qualidade para a sua suplementa\u00e7\u00e3o, o Whey 100% Pure Integralm\u00e9dica cont\u00e9m mat\u00e9ria-prima importada, e \u00f3tima absor\u00e7\u00e3o pelo organismo, evitando a sensa\u00e7\u00e3o de incha\u00e7o ap\u00f3s o consumo.<\/p>\n<p style=\"text-align: justify\">A prote\u00edna do soro \u00e9 a fonte mais nobre de prote\u00edna do leite com alto valor biol\u00f3gico, isso devido a sua alta concentra\u00e7\u00e3o de amino\u00e1cidos essenciais e amino\u00e1cidos de cadeia ramificada (BCAA), esses amino\u00e1cidos t\u00eam papel fundamental na s\u00edntese de prote\u00ednas e constru\u00e7\u00e3o muscular.<\/p>\n","protected":false},"excerpt":{"rendered":"<p>O\u00a0Whey 100% Pure\u00a0\u00e9 o suplemento ideal e essencial para quem busca\u00a0ganho de massa magra e<a class=\"read-more\" href=\"https:\/\/www.emporioamazonervas.com.br\/index.php\/produto\/whey-100-sabor-chocolate-refil-907g-integralmedica\/\">&#8230;<\/a><\/p>\n","protected":false},"featured_media":2782,"comment_status":"open","ping_status":"closed","template":"","meta":[],"product_cat":[39,497],"product_tag":[944,292,188,371,763,430],"_links":{"self":[{"href":"https:\/\/www.emporioamazonervas.com.br\/index.php\/wp-json\/wp\/v2\/product\/2781"}],"collection":[{"href":"https:\/\/www.emporioamazonervas.com.br\/index.php\/wp-json\/wp\/v2\/product"}],"about":[{"href":"https:\/\/www.emporioamazonervas.com.br\/index.php\/wp-json\/wp\/v2\/types\/product"}],"replies":[{"embeddable":true,"href":"https:\/\/www.emporioamazonervas.com.br\/index.php\/wp-json\/wp\/v2\/comments?post=2781"}],"wp:featuredmedia":[{"embeddable":true,"href":"https:\/\/www.emporioamazonervas.com.br\/index.php\/wp-json\/wp\/v2\/media\/2782"}],"wp:attachment":[{"href":"https:\/\/www.emporioamazonervas.com.br\/index.php\/wp-json\/wp\/v2\/media?parent=2781"}],"wp:term":[{"taxonomy":"product_cat","embeddable":true,"href":"https:\/\/www.emporioamazonervas.com.br\/index.php\/wp-json\/wp\/v2\/product_cat?post=2781"},{"taxonomy":"product_tag","embeddable":true,"href":"https:\/\/www.emporioamazonervas.com.br\/index.php\/wp-json\/wp\/v2\/product_tag?post=2781"}],"curies":[{"name":"wp","href":"https:\/\/api.w.org\/{rel}","templated":true}]}}