{"id":2737,"date":"2022-12-22T11:34:25","date_gmt":"2022-12-22T14:34:25","guid":{"rendered":"https:\/\/www.emporioamazonervas.com.br\/?post_type=product&#038;p=2737"},"modified":"2023-06-02T03:07:29","modified_gmt":"2023-06-02T06:07:29","slug":"pacoca-caixa","status":"publish","type":"product","link":"https:\/\/www.emporioamazonervas.com.br\/index.php\/produto\/pacoca-caixa\/","title":{"rendered":"Pa\u00e7oca Zero Adi\u00e7\u00e3o de A\u00e7\u00facar Caixa com 24 unidades &#8211; Power One"},"content":{"rendered":"<p dir=\"ltr\">Delicioso e tradicional doce de amendoim brasileiro, sem adi\u00e7\u00e3o de a\u00e7\u00facares e s\u00f3dio.<\/p>\n<ul>\n<li dir=\"ltr\">Zero A\u00e7\u00facares;<\/li>\n<li dir=\"ltr\">Zero S\u00f3dio;<\/li>\n<li dir=\"ltr\">Zero Lactose;<\/li>\n<li dir=\"ltr\">N\u00e3o Cont\u00e9m Gl\u00faten.<\/li>\n<\/ul>\n","protected":false},"excerpt":{"rendered":"<p>Delicioso e tradicional doce de amendoim brasileiro, sem adi\u00e7\u00e3o de a\u00e7\u00facares e s\u00f3dio. Zero A\u00e7\u00facares;<a class=\"read-more\" href=\"https:\/\/www.emporioamazonervas.com.br\/index.php\/produto\/pacoca-caixa\/\">&#8230;<\/a><\/p>\n","protected":false},"featured_media":2739,"comment_status":"open","ping_status":"closed","template":"","meta":[],"product_cat":[946],"product_tag":[947,124,193,393],"_links":{"self":[{"href":"https:\/\/www.emporioamazonervas.com.br\/index.php\/wp-json\/wp\/v2\/product\/2737"}],"collection":[{"href":"https:\/\/www.emporioamazonervas.com.br\/index.php\/wp-json\/wp\/v2\/product"}],"about":[{"href":"https:\/\/www.emporioamazonervas.com.br\/index.php\/wp-json\/wp\/v2\/types\/product"}],"replies":[{"embeddable":true,"href":"https:\/\/www.emporioamazonervas.com.br\/index.php\/wp-json\/wp\/v2\/comments?post=2737"}],"wp:featuredmedia":[{"embeddable":true,"href":"https:\/\/www.emporioamazonervas.com.br\/index.php\/wp-json\/wp\/v2\/media\/2739"}],"wp:attachment":[{"href":"https:\/\/www.emporioamazonervas.com.br\/index.php\/wp-json\/wp\/v2\/media?parent=2737"}],"wp:term":[{"taxonomy":"product_cat","embeddable":true,"href":"https:\/\/www.emporioamazonervas.com.br\/index.php\/wp-json\/wp\/v2\/product_cat?post=2737"},{"taxonomy":"product_tag","embeddable":true,"href":"https:\/\/www.emporioamazonervas.com.br\/index.php\/wp-json\/wp\/v2\/product_tag?post=2737"}],"curies":[{"name":"wp","href":"https:\/\/api.w.org\/{rel}","templated":true}]}}