{"id":2696,"date":"2022-12-15T16:49:37","date_gmt":"2022-12-15T19:49:37","guid":{"rendered":"https:\/\/www.emporioamazonervas.com.br\/?post_type=product&#038;p=2696"},"modified":"2023-06-02T03:08:24","modified_gmt":"2023-06-02T06:08:24","slug":"palito-de-fibras-fibritos-sabor-abacaxi-e-coco-25g-biosoft","status":"publish","type":"product","link":"https:\/\/www.emporioamazonervas.com.br\/index.php\/produto\/palito-de-fibras-fibritos-sabor-abacaxi-e-coco-25g-biosoft\/","title":{"rendered":"Palito de Fibras Fibritos Sabor: Abacaxi e Coco 25g &#8211; Biosoft"},"content":{"rendered":"<p style=\"text-align: justify\">A\u00a0barra de cereal Fibritos \u00e9 uma deliciosa op\u00e7\u00e3o para quem precisa de um lanche intermedi\u00e1rio r\u00e1pido no seu dia a dia.<\/p>\n<p style=\"font-weight: 400;text-align: justify\">Em sua composi\u00e7\u00e3o \u00e9 poss\u00edvel encontrar ingredientes naturais como cereais, que oferecem mais saciedade e tamb\u00e9m agregam em nossa sa\u00fade.<\/p>\n<p style=\"font-weight: 400;text-align: justify\">O produto \u00e9 sem lactose, o que permite que pessoas intolerantes o introduzam em sua dieta.<\/p>\n<p style=\"font-weight: 400;text-align: justify\">Com um baixo teor de s\u00f3dio, livre de gorduras trans e sem ingredientes de origem animal, essa barrinha tamb\u00e9m pode ser consumida pelas pessoas que praticam o veganismo.<\/p>\n","protected":false},"excerpt":{"rendered":"<p>A\u00a0barra de cereal Fibritos \u00e9 uma deliciosa op\u00e7\u00e3o para quem precisa de um lanche intermedi\u00e1rio<a class=\"read-more\" href=\"https:\/\/www.emporioamazonervas.com.br\/index.php\/produto\/palito-de-fibras-fibritos-sabor-abacaxi-e-coco-25g-biosoft\/\">&#8230;<\/a><\/p>\n","protected":false},"featured_media":2699,"comment_status":"open","ping_status":"closed","template":"","meta":[],"product_cat":[216],"product_tag":[940,939,401,938,421,513,193],"_links":{"self":[{"href":"https:\/\/www.emporioamazonervas.com.br\/index.php\/wp-json\/wp\/v2\/product\/2696"}],"collection":[{"href":"https:\/\/www.emporioamazonervas.com.br\/index.php\/wp-json\/wp\/v2\/product"}],"about":[{"href":"https:\/\/www.emporioamazonervas.com.br\/index.php\/wp-json\/wp\/v2\/types\/product"}],"replies":[{"embeddable":true,"href":"https:\/\/www.emporioamazonervas.com.br\/index.php\/wp-json\/wp\/v2\/comments?post=2696"}],"wp:featuredmedia":[{"embeddable":true,"href":"https:\/\/www.emporioamazonervas.com.br\/index.php\/wp-json\/wp\/v2\/media\/2699"}],"wp:attachment":[{"href":"https:\/\/www.emporioamazonervas.com.br\/index.php\/wp-json\/wp\/v2\/media?parent=2696"}],"wp:term":[{"taxonomy":"product_cat","embeddable":true,"href":"https:\/\/www.emporioamazonervas.com.br\/index.php\/wp-json\/wp\/v2\/product_cat?post=2696"},{"taxonomy":"product_tag","embeddable":true,"href":"https:\/\/www.emporioamazonervas.com.br\/index.php\/wp-json\/wp\/v2\/product_tag?post=2696"}],"curies":[{"name":"wp","href":"https:\/\/api.w.org\/{rel}","templated":true}]}}