{"id":2684,"date":"2022-12-13T15:39:33","date_gmt":"2022-12-13T18:39:33","guid":{"rendered":"https:\/\/www.emporioamazonervas.com.br\/?post_type=product&#038;p=2684"},"modified":"2022-12-13T15:39:33","modified_gmt":"2022-12-13T18:39:33","slug":"oleo-essencial-menta-piperita-10ml-via-aroma","status":"publish","type":"product","link":"https:\/\/www.emporioamazonervas.com.br\/index.php\/produto\/oleo-essencial-menta-piperita-10ml-via-aroma\/","title":{"rendered":"\u00d3leo Essencial Menta Piperita 10ml &#8211; Via Aroma"},"content":{"rendered":"<p style=\"font-weight: 400\"><strong>Benef\u00edcios do \u00d3leo Essencial Menta Piperita (hortel\u00e3 pimenta)<\/strong><\/p>\n<p style=\"font-weight: 400\"><strong>Aspectos emocionais<\/strong><\/p>\n<ul style=\"font-weight: 400\">\n<li>Revigorante, traz energia e vitalidade;<\/li>\n<li>Proporciona equil\u00edbrio e conforto;<\/li>\n<li>Pode agir positivamente sobre esgotamento mental;<\/li>\n<li>Ajuda com cansa\u00e7o, fadiga, tristeza, estresse e tontura.<\/li>\n<\/ul>\n<p style=\"font-weight: 400\"><strong>Aspectos f\u00edsicos<\/strong><\/p>\n<ul style=\"font-weight: 400\">\n<li>A\u00e7\u00e3o anti-inflamat\u00f3ria, analg\u00e9sica e antiss\u00e9ptica;<\/li>\n<li>T\u00f4nico digestivo, bom para indigest\u00e3o, azia e mal-estar;<\/li>\n<li>Pode aliviar dores de cabe\u00e7a e enxaquecas;<\/li>\n<li>\u00datil para dores musculares no geral;<\/li>\n<li>Expectorante e descongestionante, promove libera\u00e7\u00e3o das vias nasais;<\/li>\n<li>Auxilia com problemas respirat\u00f3rios (rinite, sinusite).<\/li>\n<\/ul>\n<p style=\"font-weight: 400\"><strong>Aspectos cosm\u00e9ticos<\/strong><\/p>\n<ul style=\"font-weight: 400\">\n<li>Antioxidante, ajuda a reduzir oleosidade da pele e cabelos;<\/li>\n<li>Auxilia no trato de acnes e cravos;<\/li>\n<li>Refrescante, alivia insola\u00e7\u00e3o;<\/li>\n<li>Estimulante, ajuda no trato de celulites<\/li>\n<\/ul>\n","protected":false},"excerpt":{"rendered":"<p>Benef\u00edcios do \u00d3leo Essencial Menta Piperita (hortel\u00e3 pimenta) Aspectos emocionais Revigorante, traz energia e vitalidade;<a class=\"read-more\" href=\"https:\/\/www.emporioamazonervas.com.br\/index.php\/produto\/oleo-essencial-menta-piperita-10ml-via-aroma\/\">&#8230;<\/a><\/p>\n","protected":false},"featured_media":2685,"comment_status":"open","ping_status":"closed","template":"","meta":[],"product_cat":[858],"product_tag":[675,680,507,316,504,908,528,579,646,894,910,937,921,860,886,868,524,556,557,681,934],"_links":{"self":[{"href":"https:\/\/www.emporioamazonervas.com.br\/index.php\/wp-json\/wp\/v2\/product\/2684"}],"collection":[{"href":"https:\/\/www.emporioamazonervas.com.br\/index.php\/wp-json\/wp\/v2\/product"}],"about":[{"href":"https:\/\/www.emporioamazonervas.com.br\/index.php\/wp-json\/wp\/v2\/types\/product"}],"replies":[{"embeddable":true,"href":"https:\/\/www.emporioamazonervas.com.br\/index.php\/wp-json\/wp\/v2\/comments?post=2684"}],"wp:featuredmedia":[{"embeddable":true,"href":"https:\/\/www.emporioamazonervas.com.br\/index.php\/wp-json\/wp\/v2\/media\/2685"}],"wp:attachment":[{"href":"https:\/\/www.emporioamazonervas.com.br\/index.php\/wp-json\/wp\/v2\/media?parent=2684"}],"wp:term":[{"taxonomy":"product_cat","embeddable":true,"href":"https:\/\/www.emporioamazonervas.com.br\/index.php\/wp-json\/wp\/v2\/product_cat?post=2684"},{"taxonomy":"product_tag","embeddable":true,"href":"https:\/\/www.emporioamazonervas.com.br\/index.php\/wp-json\/wp\/v2\/product_tag?post=2684"}],"curies":[{"name":"wp","href":"https:\/\/api.w.org\/{rel}","templated":true}]}}