{"id":2677,"date":"2022-12-13T12:47:01","date_gmt":"2022-12-13T15:47:01","guid":{"rendered":"https:\/\/www.emporioamazonervas.com.br\/?post_type=product&#038;p=2677"},"modified":"2023-06-02T03:04:42","modified_gmt":"2023-06-02T06:04:42","slug":"oleo-essencial-lavanda-10ml-via-aroma","status":"publish","type":"product","link":"https:\/\/www.emporioamazonervas.com.br\/index.php\/produto\/oleo-essencial-lavanda-10ml-via-aroma\/","title":{"rendered":"\u00d3leo Essencial Lavanda 10ml &#8211; Via Aroma"},"content":{"rendered":"<p style=\"font-weight: 400\"><strong>Benef\u00edcios do \u00d3leo Essencial Lavanda<\/strong><\/p>\n<p style=\"font-weight: 400\"><strong>Aspectos emocionais<\/strong><\/p>\n<ul style=\"font-weight: 400\">\n<li style=\"text-align: justify\">Relaxante e calmante;<\/li>\n<li style=\"text-align: justify\">Auxilia na redu\u00e7\u00e3o de ansiedade e estresse;<\/li>\n<li style=\"text-align: justify\">Pode ajudar com crises de p\u00e2nico e ins\u00f4nia;<\/li>\n<li style=\"text-align: justify\">Equilibrador emocional, promove tranquilidade.<\/li>\n<\/ul>\n<p style=\"font-weight: 400;text-align: justify\"><strong>Aspectos f\u00edsicos<\/strong><\/p>\n<ul style=\"font-weight: 400;text-align: justify\">\n<li>A\u00e7\u00e3o anti-inflamat\u00f3ria, analg\u00e9sica, antiss\u00e9ptica e imunoestimulante;<\/li>\n<li>Sedativo, melhora a qualidade do sono;<\/li>\n<li>Melhora a imunidade do organismo;<\/li>\n<li>Pode auxiliar com dores musculares e reum\u00e1ticas.<\/li>\n<\/ul>\n<p style=\"font-weight: 400;text-align: justify\"><strong>Aspectos cosm\u00e9ticos<\/strong><\/p>\n<ul style=\"font-weight: 400\">\n<li style=\"text-align: justify\">Adstringente e cicatrizante;<\/li>\n<li style=\"text-align: justify\">Regenerador da pele, pode ser \u00fatil para herpes, insola\u00e7\u00e3o, alergias;<\/li>\n<li style=\"text-align: justify\">Bom para manuten\u00e7\u00e3o da hidrata\u00e7\u00e3o da pele;<\/li>\n<li style=\"text-align: justify\">Pode auxiliar com acnes.<\/li>\n<\/ul>\n","protected":false},"excerpt":{"rendered":"<p>Benef\u00edcios do \u00d3leo Essencial Lavanda Aspectos emocionais Relaxante e calmante; Auxilia na redu\u00e7\u00e3o de ansiedade<a class=\"read-more\" href=\"https:\/\/www.emporioamazonervas.com.br\/index.php\/produto\/oleo-essencial-lavanda-10ml-via-aroma\/\">&#8230;<\/a><\/p>\n","protected":false},"featured_media":2678,"comment_status":"open","ping_status":"closed","template":"","meta":[],"product_cat":[858],"product_tag":[895,926,931,507,690,602,646,918,913,837,847,921,886,885,865,662,547],"_links":{"self":[{"href":"https:\/\/www.emporioamazonervas.com.br\/index.php\/wp-json\/wp\/v2\/product\/2677"}],"collection":[{"href":"https:\/\/www.emporioamazonervas.com.br\/index.php\/wp-json\/wp\/v2\/product"}],"about":[{"href":"https:\/\/www.emporioamazonervas.com.br\/index.php\/wp-json\/wp\/v2\/types\/product"}],"replies":[{"embeddable":true,"href":"https:\/\/www.emporioamazonervas.com.br\/index.php\/wp-json\/wp\/v2\/comments?post=2677"}],"wp:featuredmedia":[{"embeddable":true,"href":"https:\/\/www.emporioamazonervas.com.br\/index.php\/wp-json\/wp\/v2\/media\/2678"}],"wp:attachment":[{"href":"https:\/\/www.emporioamazonervas.com.br\/index.php\/wp-json\/wp\/v2\/media?parent=2677"}],"wp:term":[{"taxonomy":"product_cat","embeddable":true,"href":"https:\/\/www.emporioamazonervas.com.br\/index.php\/wp-json\/wp\/v2\/product_cat?post=2677"},{"taxonomy":"product_tag","embeddable":true,"href":"https:\/\/www.emporioamazonervas.com.br\/index.php\/wp-json\/wp\/v2\/product_tag?post=2677"}],"curies":[{"name":"wp","href":"https:\/\/api.w.org\/{rel}","templated":true}]}}