{"id":2658,"date":"2022-12-13T11:16:05","date_gmt":"2022-12-13T14:16:05","guid":{"rendered":"https:\/\/www.emporioamazonervas.com.br\/?post_type=product&#038;p=2658"},"modified":"2023-06-02T03:04:58","modified_gmt":"2023-06-02T06:04:58","slug":"oleo-essencial-olibano-5ml-via-aroma","status":"publish","type":"product","link":"https:\/\/www.emporioamazonervas.com.br\/index.php\/produto\/oleo-essencial-olibano-5ml-via-aroma\/","title":{"rendered":"\u00d3leo Essencial Ol\u00edbano 5ml &#8211; Via Aroma"},"content":{"rendered":"<p style=\"font-weight: 400\"><strong>Benef\u00edcios do \u00d3leo Essencial Ol\u00edbano<\/strong><\/p>\n<p style=\"font-weight: 400\"><strong>Aspectos emocionais<\/strong><\/p>\n<ul style=\"font-weight: 400\">\n<li>Relaxante, traz sensa\u00e7\u00e3o de bem-estar;<\/li>\n<li>Calmante, ajuda a aliviar ang\u00fastias e bloqueios mentais;<\/li>\n<li>Promove clareza e concentra\u00e7\u00e3o;<\/li>\n<li>Facilita a medita\u00e7\u00e3o (ajuda a induzir o estado meditativo);<\/li>\n<li>Purificador do ambiente.<\/li>\n<\/ul>\n<p style=\"font-weight: 400\"><strong>Aspectos f\u00edsicos<\/strong><\/p>\n<ul style=\"font-weight: 400\">\n<li>A\u00e7\u00e3o anti-inflamat\u00f3ria, analg\u00e9sica e antiss\u00e9ptica;<\/li>\n<li>Ajuda a desobstruir as vias respirat\u00f3rias, pode ser \u00fatil para asma e bronquite;<\/li>\n<li>Alivia sintomas de tosse;<\/li>\n<li>Ajuda a melhorar a imunidade do organismo.<\/li>\n<\/ul>\n<p style=\"font-weight: 400\"><strong>Aspectos cosm\u00e9ticos<\/strong><\/p>\n<ul style=\"font-weight: 400\">\n<li>Regenerador celular para peles secas e envelhecidas;<\/li>\n<li>Promove rejuvenescimento da pele;<\/li>\n<li>Ajuda na preven\u00e7\u00e3o de rugas, bom para peles maduras;<\/li>\n<li>Cicatrizante, bom para redu\u00e7\u00e3o de estrias;<\/li>\n<li>Antioxidante, pode reduzir inflama\u00e7\u00f5es da pele.<\/li>\n<\/ul>\n","protected":false},"excerpt":{"rendered":"<p>Benef\u00edcios do \u00d3leo Essencial Ol\u00edbano Aspectos emocionais Relaxante, traz sensa\u00e7\u00e3o de bem-estar; Calmante, ajuda a<a class=\"read-more\" href=\"https:\/\/www.emporioamazonervas.com.br\/index.php\/produto\/oleo-essencial-olibano-5ml-via-aroma\/\">&#8230;<\/a><\/p>\n","protected":false},"featured_media":2659,"comment_status":"open","ping_status":"closed","template":"","meta":[],"product_cat":[858],"product_tag":[316,775,690,602,880,921,886,920,923,865,922],"_links":{"self":[{"href":"https:\/\/www.emporioamazonervas.com.br\/index.php\/wp-json\/wp\/v2\/product\/2658"}],"collection":[{"href":"https:\/\/www.emporioamazonervas.com.br\/index.php\/wp-json\/wp\/v2\/product"}],"about":[{"href":"https:\/\/www.emporioamazonervas.com.br\/index.php\/wp-json\/wp\/v2\/types\/product"}],"replies":[{"embeddable":true,"href":"https:\/\/www.emporioamazonervas.com.br\/index.php\/wp-json\/wp\/v2\/comments?post=2658"}],"wp:featuredmedia":[{"embeddable":true,"href":"https:\/\/www.emporioamazonervas.com.br\/index.php\/wp-json\/wp\/v2\/media\/2659"}],"wp:attachment":[{"href":"https:\/\/www.emporioamazonervas.com.br\/index.php\/wp-json\/wp\/v2\/media?parent=2658"}],"wp:term":[{"taxonomy":"product_cat","embeddable":true,"href":"https:\/\/www.emporioamazonervas.com.br\/index.php\/wp-json\/wp\/v2\/product_cat?post=2658"},{"taxonomy":"product_tag","embeddable":true,"href":"https:\/\/www.emporioamazonervas.com.br\/index.php\/wp-json\/wp\/v2\/product_tag?post=2658"}],"curies":[{"name":"wp","href":"https:\/\/api.w.org\/{rel}","templated":true}]}}