{"id":2653,"date":"2022-12-13T10:57:31","date_gmt":"2022-12-13T13:57:31","guid":{"rendered":"https:\/\/www.emporioamazonervas.com.br\/?post_type=product&#038;p=2653"},"modified":"2022-12-13T10:57:32","modified_gmt":"2022-12-13T13:57:32","slug":"oleo-essencial-geranio-10ml-via-aroma","status":"publish","type":"product","link":"https:\/\/www.emporioamazonervas.com.br\/index.php\/produto\/oleo-essencial-geranio-10ml-via-aroma\/","title":{"rendered":"\u00d3leo Essencial Ger\u00e2nio 10ml &#8211; Via Aroma"},"content":{"rendered":"<p style=\"font-weight: 400\"><strong>Benef\u00edcios do \u00d3leo Essencial Ger\u00e2nio<\/strong><\/p>\n<p style=\"font-weight: 400\"><strong>Aspectos emocionais<\/strong><\/p>\n<ul style=\"font-weight: 400\">\n<li>Traz equil\u00edbrio emocional;<\/li>\n<li>\u00datil para conflitos internos com a figura materna;<\/li>\n<li>Auxilia na redu\u00e7\u00e3o de medos e inseguran\u00e7as;<\/li>\n<li>Facilita o relacionamento interpessoal.<\/li>\n<\/ul>\n<p style=\"font-weight: 400\"><strong>Aspectos f\u00edsicos<\/strong><\/p>\n<ul style=\"font-weight: 400\">\n<li>A\u00e7\u00e3o anti-inflamat\u00f3ria e antiss\u00e9ptica;<\/li>\n<li>Equilibrador hormonal feminino;<\/li>\n<li>Ajuda com sintomas de TPM e menopausa;<\/li>\n<li>Pode ser eficaz contra candid\u00edase.<\/li>\n<\/ul>\n<p style=\"font-weight: 400\"><strong>Aspectos cosm\u00e9ticos<\/strong><\/p>\n<ul style=\"font-weight: 400\">\n<li>Rejuvenescedor, auxilia com envelhecimento precoce;<\/li>\n<li>\u00datil no trato de acnes, psor\u00edase, eczemas e ros\u00e1cea;<\/li>\n<li>Ajuda com celulites e estrias (massagem).<\/li>\n<\/ul>\n","protected":false},"excerpt":{"rendered":"<p>Benef\u00edcios do \u00d3leo Essencial Ger\u00e2nio Aspectos emocionais Traz equil\u00edbrio emocional; \u00datil para conflitos internos com<a class=\"read-more\" href=\"https:\/\/www.emporioamazonervas.com.br\/index.php\/produto\/oleo-essencial-geranio-10ml-via-aroma\/\">&#8230;<\/a><\/p>\n","protected":false},"featured_media":2654,"comment_status":"open","ping_status":"closed","template":"","meta":[],"product_cat":[858],"product_tag":[895,892,675,507,593,918,720,917,240,886,600,530],"_links":{"self":[{"href":"https:\/\/www.emporioamazonervas.com.br\/index.php\/wp-json\/wp\/v2\/product\/2653"}],"collection":[{"href":"https:\/\/www.emporioamazonervas.com.br\/index.php\/wp-json\/wp\/v2\/product"}],"about":[{"href":"https:\/\/www.emporioamazonervas.com.br\/index.php\/wp-json\/wp\/v2\/types\/product"}],"replies":[{"embeddable":true,"href":"https:\/\/www.emporioamazonervas.com.br\/index.php\/wp-json\/wp\/v2\/comments?post=2653"}],"wp:featuredmedia":[{"embeddable":true,"href":"https:\/\/www.emporioamazonervas.com.br\/index.php\/wp-json\/wp\/v2\/media\/2654"}],"wp:attachment":[{"href":"https:\/\/www.emporioamazonervas.com.br\/index.php\/wp-json\/wp\/v2\/media?parent=2653"}],"wp:term":[{"taxonomy":"product_cat","embeddable":true,"href":"https:\/\/www.emporioamazonervas.com.br\/index.php\/wp-json\/wp\/v2\/product_cat?post=2653"},{"taxonomy":"product_tag","embeddable":true,"href":"https:\/\/www.emporioamazonervas.com.br\/index.php\/wp-json\/wp\/v2\/product_tag?post=2653"}],"curies":[{"name":"wp","href":"https:\/\/api.w.org\/{rel}","templated":true}]}}