{"id":2648,"date":"2022-12-09T18:12:28","date_gmt":"2022-12-09T21:12:28","guid":{"rendered":"https:\/\/www.emporioamazonervas.com.br\/?post_type=product&#038;p=2648"},"modified":"2022-12-09T18:12:28","modified_gmt":"2022-12-09T21:12:28","slug":"oleo-essencial-grapefruit-10ml-via-aroma","status":"publish","type":"product","link":"https:\/\/www.emporioamazonervas.com.br\/index.php\/produto\/oleo-essencial-grapefruit-10ml-via-aroma\/","title":{"rendered":"\u00d3leo Essencial Grapefruit 10ml &#8211; Via Aroma"},"content":{"rendered":"<p style=\"font-weight: 400\"><strong>Benef\u00edcios do \u00d3leo Essencial Grapefruit<\/strong><\/p>\n<p style=\"font-weight: 400\"><strong>Aspectos emocionais<\/strong><\/p>\n<ul style=\"font-weight: 400\">\n<li>Revigorante, ajuda a afastar des\u00e2nimo e tristeza;<\/li>\n<li>Energizante, auxilia com exaust\u00e3o mental, irritabilidade e frustra\u00e7\u00f5es;<\/li>\n<li>Traz sensa\u00e7\u00e3o de descontra\u00e7\u00e3o e motiva\u00e7\u00e3o;<\/li>\n<li>Promove otimismo e criatividade.<\/li>\n<\/ul>\n<p style=\"font-weight: 400\"><strong>Aspectos f\u00edsicos<\/strong><\/p>\n<ul style=\"font-weight: 400\">\n<li>A\u00e7\u00e3o anti-inflamat\u00f3ria e antiss\u00e9ptica;<\/li>\n<li>A\u00e7\u00e3o antidepressiva, ajuda com tristeza e apatia;<\/li>\n<li>Auxilia no al\u00edvio de dor de cabe\u00e7a e enxaqueca;<\/li>\n<li>Diur\u00e9tico, bom para enjoos e n\u00e1usea;<\/li>\n<li>Pode ajudar com horm\u00f4nios da TPM e menopausa.<\/li>\n<\/ul>\n<p style=\"font-weight: 400\"><strong>Aspectos cosm\u00e9ticos<\/strong><\/p>\n<ul style=\"font-weight: 400\">\n<li>Diur\u00e9tico, pode aliviar reten\u00e7\u00e3o de l\u00edquidos;<\/li>\n<li>Ajuda com celulites, varizes e edemas (massagem);<\/li>\n<li>Redu\u00e7\u00e3o da oleosidade da pele e cabelos.<\/li>\n<\/ul>\n<p style=\"font-weight: 400\">\n","protected":false},"excerpt":{"rendered":"<p>Benef\u00edcios do \u00d3leo Essencial Grapefruit Aspectos emocionais Revigorante, ajuda a afastar des\u00e2nimo e tristeza; Energizante,<a class=\"read-more\" href=\"https:\/\/www.emporioamazonervas.com.br\/index.php\/produto\/oleo-essencial-grapefruit-10ml-via-aroma\/\">&#8230;<\/a><\/p>\n","protected":false},"featured_media":2650,"comment_status":"open","ping_status":"closed","template":"","meta":[],"product_cat":[858],"product_tag":[675,507,916,908,897,894,915,240,886,868,785,524,530],"_links":{"self":[{"href":"https:\/\/www.emporioamazonervas.com.br\/index.php\/wp-json\/wp\/v2\/product\/2648"}],"collection":[{"href":"https:\/\/www.emporioamazonervas.com.br\/index.php\/wp-json\/wp\/v2\/product"}],"about":[{"href":"https:\/\/www.emporioamazonervas.com.br\/index.php\/wp-json\/wp\/v2\/types\/product"}],"replies":[{"embeddable":true,"href":"https:\/\/www.emporioamazonervas.com.br\/index.php\/wp-json\/wp\/v2\/comments?post=2648"}],"wp:featuredmedia":[{"embeddable":true,"href":"https:\/\/www.emporioamazonervas.com.br\/index.php\/wp-json\/wp\/v2\/media\/2650"}],"wp:attachment":[{"href":"https:\/\/www.emporioamazonervas.com.br\/index.php\/wp-json\/wp\/v2\/media?parent=2648"}],"wp:term":[{"taxonomy":"product_cat","embeddable":true,"href":"https:\/\/www.emporioamazonervas.com.br\/index.php\/wp-json\/wp\/v2\/product_cat?post=2648"},{"taxonomy":"product_tag","embeddable":true,"href":"https:\/\/www.emporioamazonervas.com.br\/index.php\/wp-json\/wp\/v2\/product_tag?post=2648"}],"curies":[{"name":"wp","href":"https:\/\/api.w.org\/{rel}","templated":true}]}}