{"id":2646,"date":"2022-12-09T17:47:19","date_gmt":"2022-12-09T20:47:19","guid":{"rendered":"https:\/\/www.emporioamazonervas.com.br\/?post_type=product&#038;p=2646"},"modified":"2022-12-09T17:47:19","modified_gmt":"2022-12-09T20:47:19","slug":"oleo-essencial-gengibre-10ml-via-aroma","status":"publish","type":"product","link":"https:\/\/www.emporioamazonervas.com.br\/index.php\/produto\/oleo-essencial-gengibre-10ml-via-aroma\/","title":{"rendered":"\u00d3leo Essencial Gengibre 10ml &#8211; Via Aroma"},"content":{"rendered":"<p style=\"font-weight: 400\"><strong>Benef\u00edcios do \u00d3leo Essencial Gengibre<\/strong><\/p>\n<p style=\"font-weight: 400\"><strong>Aspectos emocionais<\/strong><\/p>\n<ul style=\"font-weight: 400\">\n<li>Estimulante e reanimador;<\/li>\n<li>Agu\u00e7a os sentidos e ajuda com quest\u00f5es de mem\u00f3ria;<\/li>\n<li>Ativa a autoconfian\u00e7a, coragem e determina\u00e7\u00e3o;<\/li>\n<li>Traz sensa\u00e7\u00e3o de fortalecimento emocional.<\/li>\n<\/ul>\n<p style=\"font-weight: 400\"><strong>Aspectos f\u00edsicos<\/strong><\/p>\n<ul style=\"font-weight: 400\">\n<li>A\u00e7\u00e3o anti-inflamat\u00f3ria, antiss\u00e9ptica e analg\u00e9sica;<\/li>\n<li>Pode aliviar inflama\u00e7\u00f5es e baixar febres;<\/li>\n<li>T\u00f4nico digestivo, auxilia com enjoos, n\u00e1useas, gases e v\u00f4mitos;<\/li>\n<li>Ben\u00e9fico para o sistema digest\u00f3rio;<\/li>\n<li>Melhora a imunidade do organismo.<\/li>\n<\/ul>\n<p style=\"font-weight: 400\"><strong>Aspectos cosm\u00e9ticos<\/strong><\/p>\n<ul style=\"font-weight: 400\">\n<li>Ajuda a ativar a circula\u00e7\u00e3o, bom para massagens;<\/li>\n<li>Antioxidante, bom para reduzir acnes e manchas;<\/li>\n<li>Estimula a circula\u00e7\u00e3o sangu\u00ednea, \u00fatil para edemas.<\/li>\n<\/ul>\n<p style=\"font-weight: 400\">\n","protected":false},"excerpt":{"rendered":"<p>Benef\u00edcios do \u00d3leo Essencial Gengibre Aspectos emocionais Estimulante e reanimador; Agu\u00e7a os sentidos e ajuda<a class=\"read-more\" href=\"https:\/\/www.emporioamazonervas.com.br\/index.php\/produto\/oleo-essencial-gengibre-10ml-via-aroma\/\">&#8230;<\/a><\/p>\n","protected":false},"featured_media":2647,"comment_status":"open","ping_status":"closed","template":"","meta":[],"product_cat":[858],"product_tag":[895,892,507,316,914,592,897,134,249,886,556,888,765],"_links":{"self":[{"href":"https:\/\/www.emporioamazonervas.com.br\/index.php\/wp-json\/wp\/v2\/product\/2646"}],"collection":[{"href":"https:\/\/www.emporioamazonervas.com.br\/index.php\/wp-json\/wp\/v2\/product"}],"about":[{"href":"https:\/\/www.emporioamazonervas.com.br\/index.php\/wp-json\/wp\/v2\/types\/product"}],"replies":[{"embeddable":true,"href":"https:\/\/www.emporioamazonervas.com.br\/index.php\/wp-json\/wp\/v2\/comments?post=2646"}],"wp:featuredmedia":[{"embeddable":true,"href":"https:\/\/www.emporioamazonervas.com.br\/index.php\/wp-json\/wp\/v2\/media\/2647"}],"wp:attachment":[{"href":"https:\/\/www.emporioamazonervas.com.br\/index.php\/wp-json\/wp\/v2\/media?parent=2646"}],"wp:term":[{"taxonomy":"product_cat","embeddable":true,"href":"https:\/\/www.emporioamazonervas.com.br\/index.php\/wp-json\/wp\/v2\/product_cat?post=2646"},{"taxonomy":"product_tag","embeddable":true,"href":"https:\/\/www.emporioamazonervas.com.br\/index.php\/wp-json\/wp\/v2\/product_tag?post=2646"}],"curies":[{"name":"wp","href":"https:\/\/api.w.org\/{rel}","templated":true}]}}