{"id":2640,"date":"2022-12-09T17:26:23","date_gmt":"2022-12-09T20:26:23","guid":{"rendered":"https:\/\/www.emporioamazonervas.com.br\/?post_type=product&#038;p=2640"},"modified":"2022-12-09T17:26:24","modified_gmt":"2022-12-09T20:26:24","slug":"oleo-essencial-eucalipto-citriodora-10ml-via-aroma","status":"publish","type":"product","link":"https:\/\/www.emporioamazonervas.com.br\/index.php\/produto\/oleo-essencial-eucalipto-citriodora-10ml-via-aroma\/","title":{"rendered":"\u00d3leo Essencial Eucalipto citriodora 10ml &#8211; Via Aroma"},"content":{"rendered":"<p style=\"font-weight: 400\"><strong>Benef\u00edcios do \u00d3leo Essencial Eucalipto Citriodora<\/strong><\/p>\n<p style=\"font-weight: 400\"><strong>Aspectos emocionais<\/strong><\/p>\n<ul style=\"font-weight: 400\">\n<li>Revigorante, auxilia na concentra\u00e7\u00e3o;<\/li>\n<li>Reduz o cansa\u00e7o mental;<\/li>\n<li>Ajuda a manejar raiva e irritabilidade;<\/li>\n<li>Relaxante, minimiza ansiedade e estresse;<\/li>\n<li>Pode auxiliar no sono.<\/li>\n<\/ul>\n<p style=\"font-weight: 400\"><strong>Aspectos f\u00edsicos<\/strong><\/p>\n<ul style=\"font-weight: 400\">\n<li>A\u00e7\u00e3o anti-inflamat\u00f3ria, analg\u00e9sica e antiss\u00e9ptica;<\/li>\n<li>Alivia dores musculares e articulares;<\/li>\n<li>Pode auxiliar hipertensos, diab\u00e9ticos e epil\u00e9ticos;<\/li>\n<li>Ajuda na melhora da imunidade;<\/li>\n<li>Expectorante e descongestionante, ajuda com quest\u00f5es respirat\u00f3rias;<\/li>\n<\/ul>\n<p style=\"font-weight: 400\"><strong>Aspectos cosm\u00e9ticos<\/strong><\/p>\n<ul style=\"font-weight: 400\">\n<li>Repelente natural, alivia picadas de insetos;<\/li>\n<li>Desodorante, evita odores desagrad\u00e1veis.<\/li>\n<\/ul>\n","protected":false},"excerpt":{"rendered":"<p>Benef\u00edcios do \u00d3leo Essencial Eucalipto Citriodora Aspectos emocionais Revigorante, auxilia na concentra\u00e7\u00e3o; Reduz o cansa\u00e7o<a class=\"read-more\" href=\"https:\/\/www.emporioamazonervas.com.br\/index.php\/produto\/oleo-essencial-eucalipto-citriodora-10ml-via-aroma\/\">&#8230;<\/a><\/p>\n","protected":false},"featured_media":2641,"comment_status":"open","ping_status":"closed","template":"","meta":[],"product_cat":[858],"product_tag":[775,909,908,511,907,910,226,886,885,865,904,765,547],"_links":{"self":[{"href":"https:\/\/www.emporioamazonervas.com.br\/index.php\/wp-json\/wp\/v2\/product\/2640"}],"collection":[{"href":"https:\/\/www.emporioamazonervas.com.br\/index.php\/wp-json\/wp\/v2\/product"}],"about":[{"href":"https:\/\/www.emporioamazonervas.com.br\/index.php\/wp-json\/wp\/v2\/types\/product"}],"replies":[{"embeddable":true,"href":"https:\/\/www.emporioamazonervas.com.br\/index.php\/wp-json\/wp\/v2\/comments?post=2640"}],"wp:featuredmedia":[{"embeddable":true,"href":"https:\/\/www.emporioamazonervas.com.br\/index.php\/wp-json\/wp\/v2\/media\/2641"}],"wp:attachment":[{"href":"https:\/\/www.emporioamazonervas.com.br\/index.php\/wp-json\/wp\/v2\/media?parent=2640"}],"wp:term":[{"taxonomy":"product_cat","embeddable":true,"href":"https:\/\/www.emporioamazonervas.com.br\/index.php\/wp-json\/wp\/v2\/product_cat?post=2640"},{"taxonomy":"product_tag","embeddable":true,"href":"https:\/\/www.emporioamazonervas.com.br\/index.php\/wp-json\/wp\/v2\/product_tag?post=2640"}],"curies":[{"name":"wp","href":"https:\/\/api.w.org\/{rel}","templated":true}]}}