{"id":2638,"date":"2022-12-09T17:17:42","date_gmt":"2022-12-09T20:17:42","guid":{"rendered":"https:\/\/www.emporioamazonervas.com.br\/?post_type=product&#038;p=2638"},"modified":"2022-12-09T17:17:43","modified_gmt":"2022-12-09T20:17:43","slug":"oleo-essencial-cravo-folhas-10ml-via-aroma","status":"publish","type":"product","link":"https:\/\/www.emporioamazonervas.com.br\/index.php\/produto\/oleo-essencial-cravo-folhas-10ml-via-aroma\/","title":{"rendered":"\u00d3leo Essencial Cravo Folhas 10ml &#8211; Via Aroma"},"content":{"rendered":"<p style=\"font-weight: 400\"><strong>Benef\u00edcios do \u00d3leo Essencial Cravo Folhas<\/strong><\/p>\n<p style=\"font-weight: 400\"><strong>Aspectos emocionais<\/strong><\/p>\n<ul style=\"font-weight: 400\">\n<li>Renova a energia do ambiente;<\/li>\n<li>Traz positividade;<\/li>\n<li>Calmante, ajuda a fortalecer sentimentos de seguran\u00e7a;<\/li>\n<li>Auxilia com traumas e medos.<\/li>\n<\/ul>\n<p style=\"font-weight: 400\"><strong>Aspectos f\u00edsicos<\/strong><\/p>\n<ul style=\"font-weight: 400\">\n<li>A\u00e7\u00e3o anti-inflamat\u00f3ria, analg\u00e9sica, ansiol\u00edtica e antiss\u00e9ptica;<\/li>\n<li>Pode amenizar aftas e herpes.<\/li>\n<\/ul>\n<p style=\"font-weight: 400\"><strong>Aspectos cosm\u00e9ticos<\/strong><\/p>\n<ul style=\"font-weight: 400\">\n<li>Ajuda na preven\u00e7\u00e3o do envelhecimento precoce;<\/li>\n<li>Pode reduzir manchas na pele e evitar rugas;<\/li>\n<li>Auxilia no tratamento de unhas encravadas e quebradi\u00e7as.<\/li>\n<\/ul>\n","protected":false},"excerpt":{"rendered":"<p>Benef\u00edcios do \u00d3leo Essencial Cravo Folhas Aspectos emocionais Renova a energia do ambiente; Traz positividade;<a class=\"read-more\" href=\"https:\/\/www.emporioamazonervas.com.br\/index.php\/produto\/oleo-essencial-cravo-folhas-10ml-via-aroma\/\">&#8230;<\/a><\/p>\n","protected":false},"featured_media":2639,"comment_status":"open","ping_status":"closed","template":"","meta":[],"product_cat":[858],"product_tag":[895,848,680,507,690,906,795,886,556,555],"_links":{"self":[{"href":"https:\/\/www.emporioamazonervas.com.br\/index.php\/wp-json\/wp\/v2\/product\/2638"}],"collection":[{"href":"https:\/\/www.emporioamazonervas.com.br\/index.php\/wp-json\/wp\/v2\/product"}],"about":[{"href":"https:\/\/www.emporioamazonervas.com.br\/index.php\/wp-json\/wp\/v2\/types\/product"}],"replies":[{"embeddable":true,"href":"https:\/\/www.emporioamazonervas.com.br\/index.php\/wp-json\/wp\/v2\/comments?post=2638"}],"wp:featuredmedia":[{"embeddable":true,"href":"https:\/\/www.emporioamazonervas.com.br\/index.php\/wp-json\/wp\/v2\/media\/2639"}],"wp:attachment":[{"href":"https:\/\/www.emporioamazonervas.com.br\/index.php\/wp-json\/wp\/v2\/media?parent=2638"}],"wp:term":[{"taxonomy":"product_cat","embeddable":true,"href":"https:\/\/www.emporioamazonervas.com.br\/index.php\/wp-json\/wp\/v2\/product_cat?post=2638"},{"taxonomy":"product_tag","embeddable":true,"href":"https:\/\/www.emporioamazonervas.com.br\/index.php\/wp-json\/wp\/v2\/product_tag?post=2638"}],"curies":[{"name":"wp","href":"https:\/\/api.w.org\/{rel}","templated":true}]}}