{"id":2634,"date":"2022-12-09T17:05:51","date_gmt":"2022-12-09T20:05:51","guid":{"rendered":"https:\/\/www.emporioamazonervas.com.br\/?post_type=product&#038;p=2634"},"modified":"2022-12-09T17:05:51","modified_gmt":"2022-12-09T20:05:51","slug":"oleo-essencial-canela-da-china-10ml-via-aroma","status":"publish","type":"product","link":"https:\/\/www.emporioamazonervas.com.br\/index.php\/produto\/oleo-essencial-canela-da-china-10ml-via-aroma\/","title":{"rendered":"\u00d3leo Essencial Canela da China 10ml &#8211; Via Aroma"},"content":{"rendered":"<p style=\"font-weight: 400\"><strong>Benef\u00edcios do \u00d3leo Essencial Canela da China<\/strong><\/p>\n<p style=\"font-weight: 400\"><strong>Aspectos emocionais<\/strong><\/p>\n<ul style=\"font-weight: 400\">\n<li>Reduz a sensa\u00e7\u00e3o de medo e tens\u00e3o;<\/li>\n<li>Desperta o \u00e2nimo e traz alegria;<\/li>\n<li>Estimula a criatividade;<\/li>\n<li>Trabalha a autoconfian\u00e7a.<\/li>\n<\/ul>\n<p style=\"font-weight: 400\"><strong>Aspectos f\u00edsicos<\/strong><\/p>\n<ul style=\"font-weight: 400\">\n<li>A\u00e7\u00e3o antiss\u00e9ptica, anti-inflamat\u00f3ria e analg\u00e9sica;<\/li>\n<li>Pode ser eficaz em casos de artrite, reumatismo e tendinite;<\/li>\n<li>Ajuda a combater infec\u00e7\u00f5es, tosses, resfriados e gripes;<\/li>\n<li>Afrodis\u00edaco, desperta a libido;<\/li>\n<li>Auxilia na regula\u00e7\u00e3o do fluxo menstrual;<\/li>\n<li>Estimulante digestivo.<\/li>\n<\/ul>\n<p style=\"font-weight: 400\"><strong>Aspectos cosm\u00e9ticos<\/strong><\/p>\n<ul style=\"font-weight: 400\">\n<li>Auxilia na reten\u00e7\u00e3o de l\u00edquidos;<\/li>\n<li>Ajuda a tratar celulite, usado em drenagens linf\u00e1ticas;<\/li>\n<li>\u00datil como redutor de verrugas e flacidez.<\/li>\n<\/ul>\n","protected":false},"excerpt":{"rendered":"<p>Benef\u00edcios do \u00d3leo Essencial Canela da China Aspectos emocionais Reduz a sensa\u00e7\u00e3o de medo e<a class=\"read-more\" href=\"https:\/\/www.emporioamazonervas.com.br\/index.php\/produto\/oleo-essencial-canela-da-china-10ml-via-aroma\/\">&#8230;<\/a><\/p>\n","protected":false},"featured_media":2635,"comment_status":"open","ping_status":"closed","template":"","meta":[],"product_cat":[858],"product_tag":[898,675,533,896,900,897,327,886,899,785],"_links":{"self":[{"href":"https:\/\/www.emporioamazonervas.com.br\/index.php\/wp-json\/wp\/v2\/product\/2634"}],"collection":[{"href":"https:\/\/www.emporioamazonervas.com.br\/index.php\/wp-json\/wp\/v2\/product"}],"about":[{"href":"https:\/\/www.emporioamazonervas.com.br\/index.php\/wp-json\/wp\/v2\/types\/product"}],"replies":[{"embeddable":true,"href":"https:\/\/www.emporioamazonervas.com.br\/index.php\/wp-json\/wp\/v2\/comments?post=2634"}],"wp:featuredmedia":[{"embeddable":true,"href":"https:\/\/www.emporioamazonervas.com.br\/index.php\/wp-json\/wp\/v2\/media\/2635"}],"wp:attachment":[{"href":"https:\/\/www.emporioamazonervas.com.br\/index.php\/wp-json\/wp\/v2\/media?parent=2634"}],"wp:term":[{"taxonomy":"product_cat","embeddable":true,"href":"https:\/\/www.emporioamazonervas.com.br\/index.php\/wp-json\/wp\/v2\/product_cat?post=2634"},{"taxonomy":"product_tag","embeddable":true,"href":"https:\/\/www.emporioamazonervas.com.br\/index.php\/wp-json\/wp\/v2\/product_tag?post=2634"}],"curies":[{"name":"wp","href":"https:\/\/api.w.org\/{rel}","templated":true}]}}