{"id":2632,"date":"2022-12-09T16:59:25","date_gmt":"2022-12-09T19:59:25","guid":{"rendered":"https:\/\/www.emporioamazonervas.com.br\/?post_type=product&#038;p=2632"},"modified":"2022-12-09T16:59:25","modified_gmt":"2022-12-09T19:59:25","slug":"oleo-essencial-camomila-romana-3ml-via-aroma","status":"publish","type":"product","link":"https:\/\/www.emporioamazonervas.com.br\/index.php\/produto\/oleo-essencial-camomila-romana-3ml-via-aroma\/","title":{"rendered":"\u00d3leo Essencial Camomila Romana 3ml &#8211; Via Aroma"},"content":{"rendered":"<p style=\"font-weight: 400\"><strong>Benef\u00edcios do \u00d3leo Essencial Camomila Romana<\/strong><\/p>\n<p style=\"font-weight: 400\"><strong>Aspectos emocionais<\/strong><\/p>\n<ul style=\"font-weight: 400\">\n<li>Relaxante e tranquilizante, com a\u00e7\u00e3o sedativa;<\/li>\n<li>Pode aliviar tens\u00f5es, ansiedades e medos;<\/li>\n<li>\u00datil para trato de sintomas de depress\u00e3o e p\u00e2nico (acalma);<\/li>\n<li>Auxilia no manjo da raiva e agressividade.<\/li>\n<\/ul>\n<p style=\"font-weight: 400\"><strong>Aspectos f\u00edsicos<\/strong><\/p>\n<ul style=\"font-weight: 400\">\n<li>A\u00e7\u00e3o antiss\u00e9ptica, anti-inflamat\u00f3ria e analg\u00e9sica;<\/li>\n<li>Sedativo, ajuda a combater dores de cabe\u00e7a e enxaquecas;<\/li>\n<li>Alivia articula\u00e7\u00f5es inflamadas e dores musculares;<\/li>\n<li>Bom para otite e dor de dente em crian\u00e7as;<\/li>\n<li>Pode aliviar dores musculares, dor de cabe\u00e7a, dentes e ouvidos de adultos e crian\u00e7as.<\/li>\n<\/ul>\n<p style=\"font-weight: 400\"><strong>Aspectos cosm\u00e9ticos<\/strong><\/p>\n<ul style=\"font-weight: 400\">\n<li>Regenerador do tecido celular da pele;<\/li>\n<li>Calmante para a pele, \u00fatil para dermatites e alergias;<\/li>\n<li>Ajuda com queimaduras, bolhas, herpes e inflama\u00e7\u00f5es.<\/li>\n<\/ul>\n","protected":false},"excerpt":{"rendered":"<p>Benef\u00edcios do \u00d3leo Essencial Camomila Romana Aspectos emocionais Relaxante e tranquilizante, com a\u00e7\u00e3o sedativa; Pode<a class=\"read-more\" href=\"https:\/\/www.emporioamazonervas.com.br\/index.php\/produto\/oleo-essencial-camomila-romana-3ml-via-aroma\/\">&#8230;<\/a><\/p>\n","protected":false},"featured_media":2633,"comment_status":"open","ping_status":"closed","template":"","meta":[],"product_cat":[858],"product_tag":[895,871,579,646,894,886,865,556,893],"_links":{"self":[{"href":"https:\/\/www.emporioamazonervas.com.br\/index.php\/wp-json\/wp\/v2\/product\/2632"}],"collection":[{"href":"https:\/\/www.emporioamazonervas.com.br\/index.php\/wp-json\/wp\/v2\/product"}],"about":[{"href":"https:\/\/www.emporioamazonervas.com.br\/index.php\/wp-json\/wp\/v2\/types\/product"}],"replies":[{"embeddable":true,"href":"https:\/\/www.emporioamazonervas.com.br\/index.php\/wp-json\/wp\/v2\/comments?post=2632"}],"wp:featuredmedia":[{"embeddable":true,"href":"https:\/\/www.emporioamazonervas.com.br\/index.php\/wp-json\/wp\/v2\/media\/2633"}],"wp:attachment":[{"href":"https:\/\/www.emporioamazonervas.com.br\/index.php\/wp-json\/wp\/v2\/media?parent=2632"}],"wp:term":[{"taxonomy":"product_cat","embeddable":true,"href":"https:\/\/www.emporioamazonervas.com.br\/index.php\/wp-json\/wp\/v2\/product_cat?post=2632"},{"taxonomy":"product_tag","embeddable":true,"href":"https:\/\/www.emporioamazonervas.com.br\/index.php\/wp-json\/wp\/v2\/product_tag?post=2632"}],"curies":[{"name":"wp","href":"https:\/\/api.w.org\/{rel}","templated":true}]}}