{"id":2629,"date":"2022-12-09T16:30:15","date_gmt":"2022-12-09T19:30:15","guid":{"rendered":"https:\/\/www.emporioamazonervas.com.br\/?post_type=product&#038;p=2629"},"modified":"2022-12-09T16:30:16","modified_gmt":"2022-12-09T19:30:16","slug":"oleo-essencial-artemisia-5ml-via-aroma","status":"publish","type":"product","link":"https:\/\/www.emporioamazonervas.com.br\/index.php\/produto\/oleo-essencial-artemisia-5ml-via-aroma\/","title":{"rendered":"\u00d3leo Essencial Artem\u00edsia 5ml &#8211; Via Aroma"},"content":{"rendered":"<p><b>Benef\u00edcios do \u00d3leo Essencial Artem\u00edsia<\/b><\/p>\n<p><b>Aspectos emocionais<\/b><\/p>\n<ul>\n<li>Conhecida como \u201cerva da lua\u201d, muito associado ao poder feminino;<\/li>\n<li>Estimulante mental, pode ajudar a lembrar dos sonhos;<\/li>\n<li>Promove a autoconfian\u00e7a e traz seguran\u00e7a ao dizer \u201cn\u00e3o\u201d;<\/li>\n<li>Traz mais estabilidade emocional;<\/li>\n<li>Bom para aliviar a tens\u00e3o e estresse do dia a dia.<\/li>\n<\/ul>\n<p><b>Aspectos f\u00edsicos<\/b><\/p>\n<ul>\n<li>A\u00e7\u00e3o anti-inflamat\u00f3ria, analg\u00e9sica, antimicrobiana e antiviral;<\/li>\n<li>Equilibrador hormonal feminino, ajuda na TPM e menopausa;<\/li>\n<li>Auxilia com c\u00f3licas, dores de cabe\u00e7a e outros sintomas de dist\u00farbios menstruais;<\/li>\n<li>Estimulante digestivo, pode aliviar azia e sintomas de m\u00e1 digest\u00e3o;<\/li>\n<li>Efeito antiparasit\u00e1rio, \u00fatil para inibir atua\u00e7\u00e3o de parasitas;<\/li>\n<li>Fortalecedor do sistema imunol\u00f3gico.<\/li>\n<\/ul>\n<p><b>Aspectos cosm\u00e9ticos<\/b><\/p>\n<ul>\n<li><span style=\"font-size: 1rem\">Auxilia no trato de eczemas, psor\u00edase e acnes;<\/span><\/li>\n<li>Tem efeito detox que limpa e regenera a pele;<\/li>\n<li>Ajuda a deter o envelhecimento precoce da pele.<\/li>\n<\/ul>\n","protected":false},"excerpt":{"rendered":"<p>Benef\u00edcios do \u00d3leo Essencial Artem\u00edsia Aspectos emocionais Conhecida como \u201cerva da lua\u201d, muito associado ao<a class=\"read-more\" href=\"https:\/\/www.emporioamazonervas.com.br\/index.php\/produto\/oleo-essencial-artemisia-5ml-via-aroma\/\">&#8230;<\/a><\/p>\n","protected":false},"featured_media":2631,"comment_status":"open","ping_status":"closed","template":"","meta":[],"product_cat":[858],"product_tag":[892,527,603,891,889,890,511,240,600,556,626,530],"_links":{"self":[{"href":"https:\/\/www.emporioamazonervas.com.br\/index.php\/wp-json\/wp\/v2\/product\/2629"}],"collection":[{"href":"https:\/\/www.emporioamazonervas.com.br\/index.php\/wp-json\/wp\/v2\/product"}],"about":[{"href":"https:\/\/www.emporioamazonervas.com.br\/index.php\/wp-json\/wp\/v2\/types\/product"}],"replies":[{"embeddable":true,"href":"https:\/\/www.emporioamazonervas.com.br\/index.php\/wp-json\/wp\/v2\/comments?post=2629"}],"wp:featuredmedia":[{"embeddable":true,"href":"https:\/\/www.emporioamazonervas.com.br\/index.php\/wp-json\/wp\/v2\/media\/2631"}],"wp:attachment":[{"href":"https:\/\/www.emporioamazonervas.com.br\/index.php\/wp-json\/wp\/v2\/media?parent=2629"}],"wp:term":[{"taxonomy":"product_cat","embeddable":true,"href":"https:\/\/www.emporioamazonervas.com.br\/index.php\/wp-json\/wp\/v2\/product_cat?post=2629"},{"taxonomy":"product_tag","embeddable":true,"href":"https:\/\/www.emporioamazonervas.com.br\/index.php\/wp-json\/wp\/v2\/product_tag?post=2629"}],"curies":[{"name":"wp","href":"https:\/\/api.w.org\/{rel}","templated":true}]}}