{"id":2627,"date":"2022-12-09T16:18:17","date_gmt":"2022-12-09T19:18:17","guid":{"rendered":"https:\/\/www.emporioamazonervas.com.br\/?post_type=product&#038;p=2627"},"modified":"2022-12-09T16:18:17","modified_gmt":"2022-12-09T19:18:17","slug":"oleo-essencial-anis-estrelado-10ml-via-aroma","status":"publish","type":"product","link":"https:\/\/www.emporioamazonervas.com.br\/index.php\/produto\/oleo-essencial-anis-estrelado-10ml-via-aroma\/","title":{"rendered":"\u00d3leo Essencial Anis Estrelado 10ml &#8211; Via Aroma"},"content":{"rendered":"<p style=\"font-weight: 400;text-align: justify\"><strong>Benef\u00edcios do \u00d3leo Essencial Anis Estrelado<\/strong><\/p>\n<p style=\"font-weight: 400;text-align: justify\"><strong>Aspectos emocionais<\/strong><\/p>\n<ul style=\"font-weight: 400;text-align: justify\">\n<li>Relaxante;<\/li>\n<li>Traz positividade ao dia a dia;<\/li>\n<li>Auxilia com aspectos de tens\u00e3o, medos e timidez.<\/li>\n<\/ul>\n<p style=\"font-weight: 400;text-align: justify\"><strong>Aspectos f\u00edsicos<\/strong><\/p>\n<ul style=\"font-weight: 400;text-align: justify\">\n<li>A\u00e7\u00e3o analg\u00e9sica e anti-inflamat\u00f3ria;<\/li>\n<li>Ajuda com c\u00f3licas e disfun\u00e7\u00f5es menstruais;<\/li>\n<li>Ben\u00e9fico para o sistema digestivo (n\u00e1usea, v\u00f4mitos, enjoos);<\/li>\n<li>Afrodis\u00edaco, ajuda a ativar a libido.<\/li>\n<\/ul>\n<p style=\"font-weight: 400;text-align: justify\"><strong>Aspectos cosm\u00e9ticos<\/strong><\/p>\n<ul style=\"font-weight: 400\">\n<li style=\"text-align: justify\">A\u00e7\u00e3o diur\u00e9tica, ajuda com reten\u00e7\u00e3o de l\u00edquidos;<\/li>\n<li style=\"text-align: justify\">Ajuda a reduzir edemas;<\/li>\n<li style=\"text-align: justify\">Estimula o col\u00e1geno da pele, promove brilho e maciez.<\/li>\n<\/ul>\n","protected":false},"excerpt":{"rendered":"<p>Benef\u00edcios do \u00d3leo Essencial Anis Estrelado Aspectos emocionais Relaxante; Traz positividade ao dia a dia;<a class=\"read-more\" href=\"https:\/\/www.emporioamazonervas.com.br\/index.php\/produto\/oleo-essencial-anis-estrelado-10ml-via-aroma\/\">&#8230;<\/a><\/p>\n","protected":false},"featured_media":2628,"comment_status":"open","ping_status":"closed","template":"","meta":[],"product_cat":[858],"product_tag":[680,453,507,738,784,327,859,865,785,888],"_links":{"self":[{"href":"https:\/\/www.emporioamazonervas.com.br\/index.php\/wp-json\/wp\/v2\/product\/2627"}],"collection":[{"href":"https:\/\/www.emporioamazonervas.com.br\/index.php\/wp-json\/wp\/v2\/product"}],"about":[{"href":"https:\/\/www.emporioamazonervas.com.br\/index.php\/wp-json\/wp\/v2\/types\/product"}],"replies":[{"embeddable":true,"href":"https:\/\/www.emporioamazonervas.com.br\/index.php\/wp-json\/wp\/v2\/comments?post=2627"}],"wp:featuredmedia":[{"embeddable":true,"href":"https:\/\/www.emporioamazonervas.com.br\/index.php\/wp-json\/wp\/v2\/media\/2628"}],"wp:attachment":[{"href":"https:\/\/www.emporioamazonervas.com.br\/index.php\/wp-json\/wp\/v2\/media?parent=2627"}],"wp:term":[{"taxonomy":"product_cat","embeddable":true,"href":"https:\/\/www.emporioamazonervas.com.br\/index.php\/wp-json\/wp\/v2\/product_cat?post=2627"},{"taxonomy":"product_tag","embeddable":true,"href":"https:\/\/www.emporioamazonervas.com.br\/index.php\/wp-json\/wp\/v2\/product_tag?post=2627"}],"curies":[{"name":"wp","href":"https:\/\/api.w.org\/{rel}","templated":true}]}}