{"id":2623,"date":"2022-12-09T12:47:23","date_gmt":"2022-12-09T15:47:23","guid":{"rendered":"https:\/\/www.emporioamazonervas.com.br\/?post_type=product&#038;p=2623"},"modified":"2022-12-09T12:47:23","modified_gmt":"2022-12-09T15:47:23","slug":"blend-oleo-essencial-kids-calminha-ai-10ml-via-aroma","status":"publish","type":"product","link":"https:\/\/www.emporioamazonervas.com.br\/index.php\/produto\/blend-oleo-essencial-kids-calminha-ai-10ml-via-aroma\/","title":{"rendered":"Blend \u00d3leo Essencial Kids Calminha A\u00ed 10ml &#8211; Via Aroma"},"content":{"rendered":"<p style=\"text-align: justify\">Os Blends de \u00d3leos Essenciais Kids Via Aroma foram desenvolvidos com muito carinho especialmente para as crian\u00e7as. O\u00a0<b>Blend Kids Calminha a\u00ed<\/b>\u00a0promove gostosas sensa\u00e7\u00f5es de aconchego para aquietar as emo\u00e7\u00f5es turbulentas nos momentos de maior inquieta\u00e7\u00e3o dos pequenos.<\/p>\n<ul style=\"text-align: justify\">\n<li>Para todas as idades;<\/li>\n<li>Sinergia de \u00f3leos essenciais naturais e puros;<\/li>\n<li>Acalma e relaxa a mente e o corpo;<\/li>\n<li>Com \u00f3leo essencial de Lavanda, Tangerina e Petitgrain.<\/li>\n<\/ul>\n<p style=\"text-align: justify\">Confira os \u00d3leos Essenciais Via Aroma presentes nesta composi\u00e7\u00e3o:<\/p>\n<p style=\"text-align: justify\"><b>\u00d3leo Essencial de Lavanda<\/b><\/p>\n<ul style=\"text-align: justify\">\n<li>Relaxante e calmante, \u00e9 um \u00f3leo bastante suave que ajuda a reduzir ansiedade e estresse, \u00fatil para todas as idades;<\/li>\n<li>Melhora a qualidade do sono para uma noite mais tranquila.<\/li>\n<\/ul>\n<p style=\"text-align: justify\"><b>\u00d3leo Essencial de Tangerina<\/b><\/p>\n<ul style=\"text-align: justify\">\n<li>Calmante, ajuda na redu\u00e7\u00e3o de estresse e tens\u00f5es, al\u00e9m de afastar sentimentos de inquieta\u00e7\u00e3o e ansiedade;<\/li>\n<li>Traz inspira\u00e7\u00e3o e estimula a criatividade, al\u00e9m de melhorar a qualidade do sono em casos de dificuldades para dormir.<\/li>\n<\/ul>\n<p style=\"text-align: justify\"><b>\u00d3leo Essencial de Petitgrain<\/b><\/p>\n<ul>\n<li style=\"text-align: justify\">Promove tranquilidade e otimismo, traz clareza de pensamento. Acalma, sendo eficaz para auxiliar com crises de p\u00e2nico e ansiedade infantil;<\/li>\n<li style=\"text-align: justify\">Incentiva a autoaceita\u00e7\u00e3o, liberando traumas emocionas.<\/li>\n<\/ul>\n","protected":false},"excerpt":{"rendered":"<p>Os Blends de \u00d3leos Essenciais Kids Via Aroma foram desenvolvidos com muito carinho especialmente para<a class=\"read-more\" href=\"https:\/\/www.emporioamazonervas.com.br\/index.php\/produto\/blend-oleo-essencial-kids-calminha-ai-10ml-via-aroma\/\">&#8230;<\/a><\/p>\n","protected":false},"featured_media":2624,"comment_status":"open","ping_status":"closed","template":"","meta":[],"product_cat":[858],"product_tag":[875,848,882,870,883,847,884,885,865,127],"_links":{"self":[{"href":"https:\/\/www.emporioamazonervas.com.br\/index.php\/wp-json\/wp\/v2\/product\/2623"}],"collection":[{"href":"https:\/\/www.emporioamazonervas.com.br\/index.php\/wp-json\/wp\/v2\/product"}],"about":[{"href":"https:\/\/www.emporioamazonervas.com.br\/index.php\/wp-json\/wp\/v2\/types\/product"}],"replies":[{"embeddable":true,"href":"https:\/\/www.emporioamazonervas.com.br\/index.php\/wp-json\/wp\/v2\/comments?post=2623"}],"wp:featuredmedia":[{"embeddable":true,"href":"https:\/\/www.emporioamazonervas.com.br\/index.php\/wp-json\/wp\/v2\/media\/2624"}],"wp:attachment":[{"href":"https:\/\/www.emporioamazonervas.com.br\/index.php\/wp-json\/wp\/v2\/media?parent=2623"}],"wp:term":[{"taxonomy":"product_cat","embeddable":true,"href":"https:\/\/www.emporioamazonervas.com.br\/index.php\/wp-json\/wp\/v2\/product_cat?post=2623"},{"taxonomy":"product_tag","embeddable":true,"href":"https:\/\/www.emporioamazonervas.com.br\/index.php\/wp-json\/wp\/v2\/product_tag?post=2623"}],"curies":[{"name":"wp","href":"https:\/\/api.w.org\/{rel}","templated":true}]}}