{"id":2619,"date":"2022-12-09T12:20:23","date_gmt":"2022-12-09T15:20:23","guid":{"rendered":"https:\/\/www.emporioamazonervas.com.br\/?post_type=product&#038;p=2619"},"modified":"2022-12-09T12:21:01","modified_gmt":"2022-12-09T15:21:01","slug":"oleo-essencial-kids-hora-do-soninho","status":"publish","type":"product","link":"https:\/\/www.emporioamazonervas.com.br\/index.php\/produto\/oleo-essencial-kids-hora-do-soninho\/","title":{"rendered":"Blend \u00d3leo Essencial Kids Hora do Soninho 10ml &#8211; Via Aroma"},"content":{"rendered":"<p style=\"text-align: justify\">Os Blends de \u00d3leos Essenciais Kids foram desenvolvidos com muito carinho especialmente para as crian\u00e7as. O <b>Blend Kids Hora do soninho<\/b>\u00a0ajuda a dormir como um nen\u00ea todas as noites. Essa sinergia promove um sono mais tranquilo, sem tanta agita\u00e7\u00e3o, e ajuda a acalmar a ansiedade infantil que impede o sono.<\/p>\n<ul style=\"text-align: justify\">\n<li>Indicado para\u00a0<b>crian\u00e7as<\/b>\u00a0<b>maiores de 1 ano<\/b>;<\/li>\n<li>Sinergia de \u00f3leos essenciais naturais e puros;<\/li>\n<li>Ajuda as crian\u00e7as a dormirem melhor;<\/li>\n<li>Com \u00f3leo essencial de Camomila Romana, Manjerona, Ylang Ylang e Lavanda.<\/li>\n<\/ul>\n<p style=\"text-align: justify\">Confira os \u00d3leos Essenciais Via Aroma presentes nesta composi\u00e7\u00e3o:<\/p>\n<p style=\"text-align: justify\"><b>\u00d3leo Essencial de Camomila Romana<\/b><\/p>\n<ul style=\"text-align: justify\">\n<li>Rico em \u00e9steres, tem uma importante fun\u00e7\u00e3o relaxante do sistema nervoso central, podendo aliviar tens\u00f5es, ansiedades e medos das crian\u00e7as;<\/li>\n<li>Com a\u00e7\u00e3o sedativa, ajuda na indu\u00e7\u00e3o do sono em situa\u00e7\u00f5es de ansiedade, al\u00e9m de promover um sono restaurador.<\/li>\n<\/ul>\n<p style=\"text-align: justify\"><b>\u00d3leo Essencial de Manjerona<\/b><\/p>\n<ul style=\"text-align: justify\">\n<li>Um \u00f3leo reconhecido como um indutor de sono, tem uma a\u00e7\u00e3o bastante eficaz contra casos de ins\u00f4nia.<\/li>\n<li>Libertador, auxilia na supera\u00e7\u00e3o de traumas emocionais e psicol\u00f3gicos. Remete \u00e0s sensa\u00e7\u00f5es de acolhimento e aconchego, promovendo um cen\u00e1rio ideal para uma boa noite de sono.<\/li>\n<\/ul>\n<p style=\"text-align: justify\"><b>\u00d3leo Essencial de Lavanda<\/b><\/p>\n<ul style=\"text-align: justify\">\n<li>Melhora a qualidade do sono para uma noite mais tranquila;<\/li>\n<li>Relaxante e calmante, \u00e9 um \u00f3leo bastante suave que ajuda a reduzir ansiedade e estresse, \u00fatil para todas as idades.<\/li>\n<\/ul>\n<p style=\"text-align: justify\"><b>\u00d3leo Essencial de Ylang Ylang<\/b><\/p>\n<ul>\n<li style=\"text-align: justify\">Relaxante e sedativo, ajuda a diminuir tens\u00e3o, ansiedade, irritabilidade e raiva, podendo ser ben\u00e9fico para sintomas de depress\u00e3o, p\u00e2nico e fobias;<\/li>\n<li style=\"text-align: justify\">Pode amenizar taquicardia e palpita\u00e7\u00f5es, relaxando o corpo e a mente e promovendo mais tranquilidade na hora de dormir.<\/li>\n<\/ul>\n","protected":false},"excerpt":{"rendered":"<p style=\"text-align: justify\">Os Blends de \u00d3leos Essenciais Kids foram desenvolvidos com muito carinho especialmente para as crian\u00e7as. O <b>Blend Kids Hora do soninho<\/b>\u00a0ajuda a dormir como um nen\u00ea todas as noites. Essa sinergia promove um sono mais tranquilo, sem tanta agita\u00e7\u00e3o, e ajuda a acalmar a ansiedade infantil que impede o sono.<\/p>\n","protected":false},"featured_media":2620,"comment_status":"open","ping_status":"closed","template":"","meta":[],"product_cat":[858],"product_tag":[875,874,331,870,871,869,691,847,873,876,872],"_links":{"self":[{"href":"https:\/\/www.emporioamazonervas.com.br\/index.php\/wp-json\/wp\/v2\/product\/2619"}],"collection":[{"href":"https:\/\/www.emporioamazonervas.com.br\/index.php\/wp-json\/wp\/v2\/product"}],"about":[{"href":"https:\/\/www.emporioamazonervas.com.br\/index.php\/wp-json\/wp\/v2\/types\/product"}],"replies":[{"embeddable":true,"href":"https:\/\/www.emporioamazonervas.com.br\/index.php\/wp-json\/wp\/v2\/comments?post=2619"}],"wp:featuredmedia":[{"embeddable":true,"href":"https:\/\/www.emporioamazonervas.com.br\/index.php\/wp-json\/wp\/v2\/media\/2620"}],"wp:attachment":[{"href":"https:\/\/www.emporioamazonervas.com.br\/index.php\/wp-json\/wp\/v2\/media?parent=2619"}],"wp:term":[{"taxonomy":"product_cat","embeddable":true,"href":"https:\/\/www.emporioamazonervas.com.br\/index.php\/wp-json\/wp\/v2\/product_cat?post=2619"},{"taxonomy":"product_tag","embeddable":true,"href":"https:\/\/www.emporioamazonervas.com.br\/index.php\/wp-json\/wp\/v2\/product_tag?post=2619"}],"curies":[{"name":"wp","href":"https:\/\/api.w.org\/{rel}","templated":true}]}}