{"id":2600,"date":"2022-12-08T10:30:33","date_gmt":"2022-12-08T13:30:33","guid":{"rendered":"https:\/\/www.emporioamazonervas.com.br\/?post_type=product&#038;p=2600"},"modified":"2022-12-08T10:30:33","modified_gmt":"2022-12-08T13:30:33","slug":"essencia-hidrossoluvel-lavanda-francesa-30ml-via-aroma","status":"publish","type":"product","link":"https:\/\/www.emporioamazonervas.com.br\/index.php\/produto\/essencia-hidrossoluvel-lavanda-francesa-30ml-via-aroma\/","title":{"rendered":"Ess\u00eancia Hidrossol\u00favel Lavanda Francesa 30ml &#8211; Via Aroma"},"content":{"rendered":"<p style=\"font-weight: 400;text-align: justify\">Floral, relaxante e sofisticada, a\u00a0<strong>Ess\u00eancia Hidrossol\u00favel Lavanda Francesa\u00a0<\/strong>traz mais requinte aos seus ambientes. Feitas especialmente para usar no\u00a0<u>Difusor Ultrass\u00f4nico<\/u>, as fragr\u00e2ncias hidrossol\u00faveis da Linha Cl\u00e1ssica oferecem perfumes duradouros que podem ser usados em todos os espa\u00e7os e trazem sensa\u00e7\u00f5es de bem-estar ao seu dia a dia.<\/p>\n<p style=\"font-weight: 400;text-align: justify\"><strong>Qual cheiro \u00e9 esse?<\/strong><\/p>\n<p style=\"font-weight: 400;text-align: justify\">Mundialmente conhecida pelos mares floridos que pintam o horizonte de lil\u00e1s, a lavanda \u00e9 uma planta muito variada. Caracter\u00edsticas das regi\u00f5es montanhosas na Europa, \u00e9 amplamente utilizada desde a antiguidade. Esta fragr\u00e2ncia traz toda a\u00a0<strong>tranquilidade<\/strong>\u00a0da lavanda somada \u00e0s notas de fundo intensas para maior\u00a0<strong>sofistica\u00e7\u00e3o<\/strong>\u00a0do ambiente.<\/p>\n<p style=\"font-weight: 400;text-align: justify\">A fragr\u00e2ncia<strong> Lavanda Francesa <\/strong>tem um aroma\u00a0<strong>relaxante<\/strong>\u00a0e\u00a0<strong>tranquilizante<\/strong>\u00a0capaz de tornar qualquer espa\u00e7o mais\u00a0<strong>sofisticado<\/strong>. Traz notas de lavanda com notas c\u00edtricas superficiais que harmonizam com os aromas mais marcantes de corpo e fundo. Esse cheirinho cria uma\u00a0<strong>atmosfera pac\u00edfica<\/strong>, com toques de\u00a0<strong>requinte<\/strong>\u00a0e\u00a0<strong>eleg\u00e2ncia<\/strong>.<\/p>\n<ul style=\"font-weight: 400\">\n<li style=\"text-align: justify\"><strong>Notas de sa\u00edda<\/strong>: Lavanda, Lim\u00e3o, Tangerina.<\/li>\n<li style=\"text-align: justify\"><strong>Notas de corpo<\/strong>: Coentro, J\u00fapiter.<\/li>\n<li style=\"text-align: justify\"><strong>Notas de fundo<\/strong>: Musgo de Carvalho, Patchoulli.<\/li>\n<\/ul>\n","protected":false},"excerpt":{"rendered":"<p style=\"font-weight: 400;text-align: justify\">Floral, relaxante e sofisticada, a\u00a0<strong>Ess\u00eancia Hidrossol\u00favel Lavanda Francesa\u00a0<\/strong>traz mais requinte aos seus ambientes. Feitas especialmente para usar no\u00a0<u>Difusor Ultrass\u00f4nico<\/u>, as fragr\u00e2ncias hidrossol\u00faveis da Linha Cl\u00e1ssica oferecem perfumes duradouros que podem ser usados em todos os espa\u00e7os e trazem sensa\u00e7\u00f5es de bem-estar ao seu dia a dia.<\/p>\n<p style=\"font-weight: 400;text-align: justify\">\n","protected":false},"featured_media":2604,"comment_status":"open","ping_status":"closed","template":"","meta":[],"product_cat":[845],"product_tag":[848,843,849,851,846,852,850,549],"_links":{"self":[{"href":"https:\/\/www.emporioamazonervas.com.br\/index.php\/wp-json\/wp\/v2\/product\/2600"}],"collection":[{"href":"https:\/\/www.emporioamazonervas.com.br\/index.php\/wp-json\/wp\/v2\/product"}],"about":[{"href":"https:\/\/www.emporioamazonervas.com.br\/index.php\/wp-json\/wp\/v2\/types\/product"}],"replies":[{"embeddable":true,"href":"https:\/\/www.emporioamazonervas.com.br\/index.php\/wp-json\/wp\/v2\/comments?post=2600"}],"wp:featuredmedia":[{"embeddable":true,"href":"https:\/\/www.emporioamazonervas.com.br\/index.php\/wp-json\/wp\/v2\/media\/2604"}],"wp:attachment":[{"href":"https:\/\/www.emporioamazonervas.com.br\/index.php\/wp-json\/wp\/v2\/media?parent=2600"}],"wp:term":[{"taxonomy":"product_cat","embeddable":true,"href":"https:\/\/www.emporioamazonervas.com.br\/index.php\/wp-json\/wp\/v2\/product_cat?post=2600"},{"taxonomy":"product_tag","embeddable":true,"href":"https:\/\/www.emporioamazonervas.com.br\/index.php\/wp-json\/wp\/v2\/product_tag?post=2600"}],"curies":[{"name":"wp","href":"https:\/\/api.w.org\/{rel}","templated":true}]}}