{"id":2588,"date":"2022-12-05T18:10:59","date_gmt":"2022-12-05T21:10:59","guid":{"rendered":"https:\/\/www.emporioamazonervas.com.br\/?post_type=product&#038;p=2588"},"modified":"2022-12-08T10:10:12","modified_gmt":"2022-12-08T13:10:12","slug":"home-spray-capim-limao-60ml-via-aroma","status":"publish","type":"product","link":"https:\/\/www.emporioamazonervas.com.br\/index.php\/produto\/home-spray-capim-limao-60ml-via-aroma\/","title":{"rendered":"Home Spray Capim Lim\u00e3o 60ml &#8211; Via Aroma"},"content":{"rendered":"<p style=\"text-align: justify\"><strong>Home Spray Capim Lim\u00e3o <\/strong>\u00a0garante seu cheirinho favorito em todos os lugares. Com o tamanho perfeito para carregar em bolsas e mochilas, deixa seu espa\u00e7o mais cheiroso de forma r\u00e1pida e pr\u00e1tica. Na vers\u00e3o pequena (60ml), vem com tampa para proteger o produto e evitar vazamentos.<\/p>\n<p style=\"text-align: justify\">Uma das plantas com maior variedade de nomes populares, o\u00a0<strong>Capim Lim\u00e3o<\/strong>\u00a0tamb\u00e9m \u00e9 conhecido como capim-cheiroso, lemongrass, erva-cidreira, capim-cidreira, capim-santo, capim-de-cheiro e outras in\u00fameras denomina\u00e7\u00f5es, dependendo da regi\u00e3o onde voc\u00ea est\u00e1. Mas n\u00e3o importa como \u00e9 chamado, pois o seu aroma \u00e9 inconfund\u00edvel e muito agrad\u00e1vel.<\/p>\n<p style=\"text-align: justify\">A fragr\u00e2ncia\u00a0<strong>Capim Lim\u00e3o <\/strong>\u00a0\u00e9\u00a0<strong>refrescante<\/strong>\u00a0demais, perfeita para trazer a sensa\u00e7\u00e3o de est\u00edmulo e vigor ao ambiente. Com notas herbais caracter\u00edsticas da plantinha de mesmo nome, traz a\u00a0<strong>leveza<\/strong>\u00a0e o\u00a0<strong>bem-estar<\/strong>\u00a0associados \u00e0 natureza para dentro da sua casa.<\/p>\n<p>&nbsp;<\/p>\n","protected":false},"excerpt":{"rendered":"<p style=\"text-align: justify\">A fragr\u00e2ncia\u00a0<strong>Capim Lim\u00e3o <\/strong>\u00a0\u00e9\u00a0<strong>refrescante<\/strong>\u00a0demais, perfeita para trazer a sensa\u00e7\u00e3o de est\u00edmulo e vigor ao ambiente. Com notas herbais caracter\u00edsticas da plantinha de mesmo nome, traz a\u00a0<strong>leveza<\/strong>\u00a0e o\u00a0<strong>bem-estar<\/strong>\u00a0associados \u00e0 natureza para dentro da sua casa.<\/p>\n","protected":false},"featured_media":2590,"comment_status":"open","ping_status":"closed","template":"","meta":[],"product_cat":[58],"product_tag":[843,839,844,841,840,842,808],"_links":{"self":[{"href":"https:\/\/www.emporioamazonervas.com.br\/index.php\/wp-json\/wp\/v2\/product\/2588"}],"collection":[{"href":"https:\/\/www.emporioamazonervas.com.br\/index.php\/wp-json\/wp\/v2\/product"}],"about":[{"href":"https:\/\/www.emporioamazonervas.com.br\/index.php\/wp-json\/wp\/v2\/types\/product"}],"replies":[{"embeddable":true,"href":"https:\/\/www.emporioamazonervas.com.br\/index.php\/wp-json\/wp\/v2\/comments?post=2588"}],"wp:featuredmedia":[{"embeddable":true,"href":"https:\/\/www.emporioamazonervas.com.br\/index.php\/wp-json\/wp\/v2\/media\/2590"}],"wp:attachment":[{"href":"https:\/\/www.emporioamazonervas.com.br\/index.php\/wp-json\/wp\/v2\/media?parent=2588"}],"wp:term":[{"taxonomy":"product_cat","embeddable":true,"href":"https:\/\/www.emporioamazonervas.com.br\/index.php\/wp-json\/wp\/v2\/product_cat?post=2588"},{"taxonomy":"product_tag","embeddable":true,"href":"https:\/\/www.emporioamazonervas.com.br\/index.php\/wp-json\/wp\/v2\/product_tag?post=2588"}],"curies":[{"name":"wp","href":"https:\/\/api.w.org\/{rel}","templated":true}]}}