{"id":2586,"date":"2022-11-29T18:37:36","date_gmt":"2022-11-29T21:37:36","guid":{"rendered":"https:\/\/www.emporioamazonervas.com.br\/?post_type=product&#038;p=2586"},"modified":"2022-11-29T18:39:03","modified_gmt":"2022-11-29T21:39:03","slug":"n-acetilcisteina-nca-750mg-clinicmais","status":"publish","type":"product","link":"https:\/\/www.emporioamazonervas.com.br\/index.php\/produto\/n-acetilcisteina-nca-750mg-clinicmais\/","title":{"rendered":"N-Acetilciste\u00edna NCA 750mg &#8211; ClinicMais"},"content":{"rendered":"<p style=\"text-align: justify\"><strong>A N-Acetisciste\u00edna Suplemento Alimentar NAC \u00e9 um tipo acetilada da L-ciste\u00edna, que \u00e9 um amino\u00e1cido respons\u00e1vel pela forma\u00e7\u00e3o da glutationa, um dos principais antioxidantes do organismo.<\/strong><\/p>\n<p style=\"text-align: justify\">A N-Acetilciste\u00edna foi introduzida como um\u00a0<strong>medicamento utilizado<\/strong>\u00a0para\u00a0<strong>tratar<\/strong>\u00a0<strong>doen\u00e7as respirat\u00f3rias,<\/strong>\u00a0pois\u00a0<strong>protege o sistema respirat\u00f3ri<\/strong>o e auxilia na expectora\u00e7\u00e3o. Esse componente desempenha um papel importante na\u00a0<strong>prote\u00e7\u00e3o antioxidante cerebral<\/strong>\u00a0e auxilia na preven\u00e7\u00e3o das doen\u00e7as degenerativas cerebrais associadas ao envelhecimento.<\/p>\n<p style=\"text-align: justify\">O Suplemento Alimentar NAC ClinicMais auxilia na contra\u00e7\u00e3o muscular e reduz a inflama\u00e7\u00e3o muscular auxiliando na recupera\u00e7\u00e3o ap\u00f3s exerc\u00edcios intensos.<\/p>\n<ul style=\"text-align: justify\">\n<li>Poder antioxidante que reduz o estresse oxidativo;<\/li>\n<li>Auxilia na prote\u00e7\u00e3o das c\u00e9lulas do sistema imunol\u00f3gico;<\/li>\n<\/ul>\n<p style=\"text-align: justify\">&#8211; N\u00c3O CONT\u00c9M GL\u00daTEN.<\/p>\n","protected":false},"excerpt":{"rendered":"<p style=\"text-align: justify\">O Suplemento Alimentar NAC ClinicMais auxilia na contra\u00e7\u00e3o muscular e reduz a inflama\u00e7\u00e3o muscular auxiliando na recupera\u00e7\u00e3o ap\u00f3s exerc\u00edcios intensos.<\/p>\n<ul style=\"text-align: justify\">\n<li>Poder antioxidante que reduz o estresse oxidativo;<\/li>\n<li>Auxilia na prote\u00e7\u00e3o das c\u00e9lulas do sistema imunol\u00f3gico;<\/li>\n<\/ul>\n<p style=\"text-align: justify\">&#8211; N\u00c3O CONT\u00c9M GL\u00daTEN.<\/p>\n","protected":false},"featured_media":2587,"comment_status":"open","ping_status":"closed","template":"","meta":[],"product_cat":[173],"product_tag":[316,838,595,321,679,765,681],"_links":{"self":[{"href":"https:\/\/www.emporioamazonervas.com.br\/index.php\/wp-json\/wp\/v2\/product\/2586"}],"collection":[{"href":"https:\/\/www.emporioamazonervas.com.br\/index.php\/wp-json\/wp\/v2\/product"}],"about":[{"href":"https:\/\/www.emporioamazonervas.com.br\/index.php\/wp-json\/wp\/v2\/types\/product"}],"replies":[{"embeddable":true,"href":"https:\/\/www.emporioamazonervas.com.br\/index.php\/wp-json\/wp\/v2\/comments?post=2586"}],"wp:featuredmedia":[{"embeddable":true,"href":"https:\/\/www.emporioamazonervas.com.br\/index.php\/wp-json\/wp\/v2\/media\/2587"}],"wp:attachment":[{"href":"https:\/\/www.emporioamazonervas.com.br\/index.php\/wp-json\/wp\/v2\/media?parent=2586"}],"wp:term":[{"taxonomy":"product_cat","embeddable":true,"href":"https:\/\/www.emporioamazonervas.com.br\/index.php\/wp-json\/wp\/v2\/product_cat?post=2586"},{"taxonomy":"product_tag","embeddable":true,"href":"https:\/\/www.emporioamazonervas.com.br\/index.php\/wp-json\/wp\/v2\/product_tag?post=2586"}],"curies":[{"name":"wp","href":"https:\/\/api.w.org\/{rel}","templated":true}]}}