{"id":2582,"date":"2022-11-29T18:17:17","date_gmt":"2022-11-29T21:17:17","guid":{"rendered":"https:\/\/www.emporioamazonervas.com.br\/?post_type=product&#038;p=2582"},"modified":"2022-11-29T18:17:18","modified_gmt":"2022-11-29T21:17:18","slug":"melatonina-sabor-camomila-gotas-30ml-apisnutri","status":"publish","type":"product","link":"https:\/\/www.emporioamazonervas.com.br\/index.php\/produto\/melatonina-sabor-camomila-gotas-30ml-apisnutri\/","title":{"rendered":"Melatonina Sabor: Camomila gotas 30ml &#8211; ApisNutri"},"content":{"rendered":"<p style=\"text-align: justify\"><strong>Melatonina Gotas Apisnutri<\/strong>\u00a0\u00e9 formulada com mat\u00e9ria prima de qualidade e importada, oferece dosagem m\u00e1xima de melatonina autorizada pela ANVISA, 0,21mg por dose (2 gotas), al\u00e9m de contar com o sabor natural de camomila.<\/p>\n<p style=\"text-align: justify\">Sobre a melatonina: \u00e9 um horm\u00f4nio que possui como principal fun\u00e7\u00e3o regular o\u00a0<strong>ciclo circadian<\/strong>o do organismo, que \u00e9 o nosso rel\u00f3gio biol\u00f3gico de 24h, onde ocorre a libera\u00e7\u00e3o de horm\u00f4nios que nos mant\u00e9m mais alertas e acordados durante o dia e mais lentos durante a noite.<\/p>\n<p style=\"text-align: justify\">Os benef\u00edcios da melatonina v\u00e3o al\u00e9m de proporcionar\u00a0<strong>melhoria e regularidade do sono<\/strong>, \u00e9 importante para equilibrar os hor\u00e1rios de dormir e acordar, o que impacta na fisiologia do organismo, fazendo com que cada atividade ocorra no seu momento certo.<\/p>\n<p style=\"text-align: justify\"><strong>Importante:<\/strong>\u00a0a melatonina \u00e9 o principal\u00a0<strong>estimulador do sono<\/strong>, mas tamb\u00e9m\u00a0controla diversas fun\u00e7\u00f5es indispens\u00e1veis \u00e0 vida, que variam ao longo do ciclo de vig\u00edlia e sono, o nosso ciclo fisiol\u00f3gico de 24h.<\/p>\n","protected":false},"excerpt":{"rendered":"<p>Melatonina Gotas Apisnutri\u00a0\u00e9 formulada com mat\u00e9ria prima de qualidade e importada, oferece dosagem m\u00e1xima de<a class=\"read-more\" href=\"https:\/\/www.emporioamazonervas.com.br\/index.php\/produto\/melatonina-sabor-camomila-gotas-30ml-apisnutri\/\">&#8230;<\/a><\/p>\n","protected":false},"featured_media":2583,"comment_status":"open","ping_status":"closed","template":"","meta":[],"product_cat":[470],"product_tag":[54,690,509,691,835,668],"_links":{"self":[{"href":"https:\/\/www.emporioamazonervas.com.br\/index.php\/wp-json\/wp\/v2\/product\/2582"}],"collection":[{"href":"https:\/\/www.emporioamazonervas.com.br\/index.php\/wp-json\/wp\/v2\/product"}],"about":[{"href":"https:\/\/www.emporioamazonervas.com.br\/index.php\/wp-json\/wp\/v2\/types\/product"}],"replies":[{"embeddable":true,"href":"https:\/\/www.emporioamazonervas.com.br\/index.php\/wp-json\/wp\/v2\/comments?post=2582"}],"wp:featuredmedia":[{"embeddable":true,"href":"https:\/\/www.emporioamazonervas.com.br\/index.php\/wp-json\/wp\/v2\/media\/2583"}],"wp:attachment":[{"href":"https:\/\/www.emporioamazonervas.com.br\/index.php\/wp-json\/wp\/v2\/media?parent=2582"}],"wp:term":[{"taxonomy":"product_cat","embeddable":true,"href":"https:\/\/www.emporioamazonervas.com.br\/index.php\/wp-json\/wp\/v2\/product_cat?post=2582"},{"taxonomy":"product_tag","embeddable":true,"href":"https:\/\/www.emporioamazonervas.com.br\/index.php\/wp-json\/wp\/v2\/product_tag?post=2582"}],"curies":[{"name":"wp","href":"https:\/\/api.w.org\/{rel}","templated":true}]}}