{"id":2580,"date":"2022-11-29T17:57:39","date_gmt":"2022-11-29T20:57:39","guid":{"rendered":"https:\/\/www.emporioamazonervas.com.br\/?post_type=product&#038;p=2580"},"modified":"2023-08-07T16:34:04","modified_gmt":"2023-08-07T19:34:04","slug":"bebida-de-arroz-em-po-sabor-morango-300g-risovita","status":"publish","type":"product","link":"https:\/\/www.emporioamazonervas.com.br\/index.php\/produto\/bebida-de-arroz-em-po-sabor-morango-300g-risovita\/","title":{"rendered":"Bebida de Arroz em P\u00f3 Sabor: Morango 300g &#8211; RisoVita"},"content":{"rendered":"<p style=\"text-align: justify\"><span class=\"block\">A bebida de arroz em p\u00f3 \u00e9 elaborada a partir da concentra\u00e7\u00e3o da vers\u00e3o l\u00edquida seguida de um processo sofisticado de secagem. Deste modo, todos os nutrientes e a qualidade do gr\u00e3o s\u00e3o conservados. Por isso, se torna naturalmente isenta de lactose, colesterol e gl\u00faten. <\/span><span class=\"block\">Sem apresentar conservantes, tamb\u00e9m \u00e9 rica em c\u00e1lcio e fonte de fibras, bem como enriquecida de vitaminas A e E. <\/span><\/p>\n<p style=\"text-align: justify\"><span class=\"block\">O produto consegue atender pessoas com APLV, cel\u00edacos, intolerantes \u00e0 lactose ou restri\u00e7\u00f5es alimentares, al\u00e9m de todos que s\u00e3o atentos ao bem-estar.<\/span><\/p>\n","protected":false},"excerpt":{"rendered":"<p>A bebida de arroz em p\u00f3 \u00e9 elaborada a partir da concentra\u00e7\u00e3o da vers\u00e3o l\u00edquida<a class=\"read-more\" href=\"https:\/\/www.emporioamazonervas.com.br\/index.php\/produto\/bebida-de-arroz-em-po-sabor-morango-300g-risovita\/\">&#8230;<\/a><\/p>\n","protected":false},"featured_media":2581,"comment_status":"open","ping_status":"closed","template":"","meta":[],"product_cat":[131],"product_tag":[833,827,401,834,84,112,114],"_links":{"self":[{"href":"https:\/\/www.emporioamazonervas.com.br\/index.php\/wp-json\/wp\/v2\/product\/2580"}],"collection":[{"href":"https:\/\/www.emporioamazonervas.com.br\/index.php\/wp-json\/wp\/v2\/product"}],"about":[{"href":"https:\/\/www.emporioamazonervas.com.br\/index.php\/wp-json\/wp\/v2\/types\/product"}],"replies":[{"embeddable":true,"href":"https:\/\/www.emporioamazonervas.com.br\/index.php\/wp-json\/wp\/v2\/comments?post=2580"}],"wp:featuredmedia":[{"embeddable":true,"href":"https:\/\/www.emporioamazonervas.com.br\/index.php\/wp-json\/wp\/v2\/media\/2581"}],"wp:attachment":[{"href":"https:\/\/www.emporioamazonervas.com.br\/index.php\/wp-json\/wp\/v2\/media?parent=2580"}],"wp:term":[{"taxonomy":"product_cat","embeddable":true,"href":"https:\/\/www.emporioamazonervas.com.br\/index.php\/wp-json\/wp\/v2\/product_cat?post=2580"},{"taxonomy":"product_tag","embeddable":true,"href":"https:\/\/www.emporioamazonervas.com.br\/index.php\/wp-json\/wp\/v2\/product_tag?post=2580"}],"curies":[{"name":"wp","href":"https:\/\/api.w.org\/{rel}","templated":true}]}}