{"id":2572,"date":"2022-11-29T17:04:24","date_gmt":"2022-11-29T20:04:24","guid":{"rendered":"https:\/\/www.emporioamazonervas.com.br\/?post_type=product&#038;p=2572"},"modified":"2022-11-29T17:04:24","modified_gmt":"2022-11-29T20:04:24","slug":"mistura-para-bolo-sabor-chocolate-400g-risovita","status":"publish","type":"product","link":"https:\/\/www.emporioamazonervas.com.br\/index.php\/produto\/mistura-para-bolo-sabor-chocolate-400g-risovita\/","title":{"rendered":"Mistura para Bolo Sabor: Chocolate 400g &#8211; RisoVita"},"content":{"rendered":"<p style=\"text-align: justify\"><span class=\"block\">Para aqueles que amam um bolo de chocolate, a mistura da RisoVita \u00e9 uma excelente op\u00e7\u00e3o. De forma pr\u00e1tica e r\u00e1pida, basta adicionar ovos, leite e \u00f3leo. O resultado ser\u00e1 delicioso, saboroso e saud\u00e1vel.\u00a0<\/span><span class=\"block\">Por ser feito a partir do gr\u00e3o do arroz, o produto se torna mais saud\u00e1vel e n\u00e3o deixa residual, dessa forma, \u00e9 livre de qualquer alerg\u00eanico.<\/span><\/p>\n","protected":false},"excerpt":{"rendered":"<p>Para aqueles que amam um bolo de chocolate, a mistura da RisoVita \u00e9 uma excelente<a class=\"read-more\" href=\"https:\/\/www.emporioamazonervas.com.br\/index.php\/produto\/mistura-para-bolo-sabor-chocolate-400g-risovita\/\">&#8230;<\/a><\/p>\n","protected":false},"featured_media":2573,"comment_status":"open","ping_status":"closed","template":"","meta":[],"product_cat":[820],"product_tag":[823,827,488,825,826,208,84],"_links":{"self":[{"href":"https:\/\/www.emporioamazonervas.com.br\/index.php\/wp-json\/wp\/v2\/product\/2572"}],"collection":[{"href":"https:\/\/www.emporioamazonervas.com.br\/index.php\/wp-json\/wp\/v2\/product"}],"about":[{"href":"https:\/\/www.emporioamazonervas.com.br\/index.php\/wp-json\/wp\/v2\/types\/product"}],"replies":[{"embeddable":true,"href":"https:\/\/www.emporioamazonervas.com.br\/index.php\/wp-json\/wp\/v2\/comments?post=2572"}],"wp:featuredmedia":[{"embeddable":true,"href":"https:\/\/www.emporioamazonervas.com.br\/index.php\/wp-json\/wp\/v2\/media\/2573"}],"wp:attachment":[{"href":"https:\/\/www.emporioamazonervas.com.br\/index.php\/wp-json\/wp\/v2\/media?parent=2572"}],"wp:term":[{"taxonomy":"product_cat","embeddable":true,"href":"https:\/\/www.emporioamazonervas.com.br\/index.php\/wp-json\/wp\/v2\/product_cat?post=2572"},{"taxonomy":"product_tag","embeddable":true,"href":"https:\/\/www.emporioamazonervas.com.br\/index.php\/wp-json\/wp\/v2\/product_tag?post=2572"}],"curies":[{"name":"wp","href":"https:\/\/api.w.org\/{rel}","templated":true}]}}