{"id":2570,"date":"2022-11-29T16:47:00","date_gmt":"2022-11-29T19:47:00","guid":{"rendered":"https:\/\/www.emporioamazonervas.com.br\/?post_type=product&#038;p=2570"},"modified":"2023-02-18T20:59:19","modified_gmt":"2023-02-18T23:59:19","slug":"farinha-especial-para-bolos-500g-risovita","status":"publish","type":"product","link":"https:\/\/www.emporioamazonervas.com.br\/index.php\/produto\/farinha-especial-para-bolos-500g-risovita\/","title":{"rendered":"Farinha Especial para Bolos 500g &#8211; RisoVita"},"content":{"rendered":"<p style=\"text-align: justify\"><span class=\"block\">Com o intuito de substituir a farinha de trigo no preparo de receitas que utilizam fermento qu\u00edmico, como bolos, muffins e cupcakes, a RisoVita desenvolveu a farinha especial para bolos.\u00a0<\/span><span class=\"block\">Por ser feito a partir do gr\u00e3o do arroz, o produto se torna mais saud\u00e1vel e n\u00e3o deixa residual, dessa forma, \u00e9 livre de qualquer alerg\u00eanico. Por isso, pessoas com APLV, com dietas restritivas, cel\u00edacos e intolerantes \u00e0 lactose podem consumi-lo.<\/span><\/p>\n","protected":false},"excerpt":{"rendered":"<p>Com o intuito de substituir a farinha de trigo no preparo de receitas que utilizam<a class=\"read-more\" href=\"https:\/\/www.emporioamazonervas.com.br\/index.php\/produto\/farinha-especial-para-bolos-500g-risovita\/\">&#8230;<\/a><\/p>\n","protected":false},"featured_media":2571,"comment_status":"open","ping_status":"closed","template":"","meta":[],"product_cat":[820],"product_tag":[827,185,831,825,208,84],"_links":{"self":[{"href":"https:\/\/www.emporioamazonervas.com.br\/index.php\/wp-json\/wp\/v2\/product\/2570"}],"collection":[{"href":"https:\/\/www.emporioamazonervas.com.br\/index.php\/wp-json\/wp\/v2\/product"}],"about":[{"href":"https:\/\/www.emporioamazonervas.com.br\/index.php\/wp-json\/wp\/v2\/types\/product"}],"replies":[{"embeddable":true,"href":"https:\/\/www.emporioamazonervas.com.br\/index.php\/wp-json\/wp\/v2\/comments?post=2570"}],"wp:featuredmedia":[{"embeddable":true,"href":"https:\/\/www.emporioamazonervas.com.br\/index.php\/wp-json\/wp\/v2\/media\/2571"}],"wp:attachment":[{"href":"https:\/\/www.emporioamazonervas.com.br\/index.php\/wp-json\/wp\/v2\/media?parent=2570"}],"wp:term":[{"taxonomy":"product_cat","embeddable":true,"href":"https:\/\/www.emporioamazonervas.com.br\/index.php\/wp-json\/wp\/v2\/product_cat?post=2570"},{"taxonomy":"product_tag","embeddable":true,"href":"https:\/\/www.emporioamazonervas.com.br\/index.php\/wp-json\/wp\/v2\/product_tag?post=2570"}],"curies":[{"name":"wp","href":"https:\/\/api.w.org\/{rel}","templated":true}]}}