{"id":2564,"date":"2022-11-29T16:25:28","date_gmt":"2022-11-29T19:25:28","guid":{"rendered":"https:\/\/www.emporioamazonervas.com.br\/?post_type=product&#038;p=2564"},"modified":"2022-11-29T16:25:28","modified_gmt":"2022-11-29T19:25:28","slug":"mix-de-farinhas-especial-para-paes-pizzas-massas-500g-risovita","status":"publish","type":"product","link":"https:\/\/www.emporioamazonervas.com.br\/index.php\/produto\/mix-de-farinhas-especial-para-paes-pizzas-massas-500g-risovita\/","title":{"rendered":"Mix de Farinhas Especial para P\u00e3es\/Pizzas\/Massas 500g &#8211; RisoVita"},"content":{"rendered":"<p style=\"text-align: justify\"><span class=\"block\">O mix de farinhas RisoVita \u00e9 composto por tr\u00eas tipos de farinhas, todas sem gl\u00faten. A mistura foi desenvolvida para substituir a farinha de trigo no preparo de receitas que utilizam fermento biol\u00f3gico, como p\u00e3es, pizzas e massas. <\/span><span class=\"block\">Por ser feito a partir do gr\u00e3o do arroz, o produto se torna mais saud\u00e1vel e n\u00e3o deixa residual, dessa forma, \u00e9 livre de qualquer alerg\u00eanico. Por isso, pessoas com APLV, com dietas restritivas, cel\u00edacos e intolerantes \u00e0 lactose podem consumi-lo.<\/span><\/p>\n","protected":false},"excerpt":{"rendered":"<p>O mix de farinhas RisoVita \u00e9 composto por tr\u00eas tipos de farinhas, todas sem gl\u00faten.<a class=\"read-more\" href=\"https:\/\/www.emporioamazonervas.com.br\/index.php\/produto\/mix-de-farinhas-especial-para-paes-pizzas-massas-500g-risovita\/\">&#8230;<\/a><\/p>\n","protected":false},"featured_media":2565,"comment_status":"open","ping_status":"closed","template":"","meta":[],"product_cat":[820],"product_tag":[827,185,828,825,84],"_links":{"self":[{"href":"https:\/\/www.emporioamazonervas.com.br\/index.php\/wp-json\/wp\/v2\/product\/2564"}],"collection":[{"href":"https:\/\/www.emporioamazonervas.com.br\/index.php\/wp-json\/wp\/v2\/product"}],"about":[{"href":"https:\/\/www.emporioamazonervas.com.br\/index.php\/wp-json\/wp\/v2\/types\/product"}],"replies":[{"embeddable":true,"href":"https:\/\/www.emporioamazonervas.com.br\/index.php\/wp-json\/wp\/v2\/comments?post=2564"}],"wp:featuredmedia":[{"embeddable":true,"href":"https:\/\/www.emporioamazonervas.com.br\/index.php\/wp-json\/wp\/v2\/media\/2565"}],"wp:attachment":[{"href":"https:\/\/www.emporioamazonervas.com.br\/index.php\/wp-json\/wp\/v2\/media?parent=2564"}],"wp:term":[{"taxonomy":"product_cat","embeddable":true,"href":"https:\/\/www.emporioamazonervas.com.br\/index.php\/wp-json\/wp\/v2\/product_cat?post=2564"},{"taxonomy":"product_tag","embeddable":true,"href":"https:\/\/www.emporioamazonervas.com.br\/index.php\/wp-json\/wp\/v2\/product_tag?post=2564"}],"curies":[{"name":"wp","href":"https:\/\/api.w.org\/{rel}","templated":true}]}}