{"id":2560,"date":"2022-11-29T15:43:30","date_gmt":"2022-11-29T18:43:30","guid":{"rendered":"https:\/\/www.emporioamazonervas.com.br\/?post_type=product&#038;p=2560"},"modified":"2022-11-29T17:04:49","modified_gmt":"2022-11-29T20:04:49","slug":"mistura-para-bolo-sabor-coco-400g-risovita","status":"publish","type":"product","link":"https:\/\/www.emporioamazonervas.com.br\/index.php\/produto\/mistura-para-bolo-sabor-coco-400g-risovita\/","title":{"rendered":"Mistura para Bolo Sabor: Coco 400g &#8211; RisoVita"},"content":{"rendered":"<p style=\"text-align: justify\"><span class=\"block\">A mistura para bolo sabor coco foi desenvolvida para facilitar o preparo de bolos sem gl\u00faten. Utilizando-se ou n\u00e3o de ovos, leite e com pouco \u00f3leo \u00e9 poss\u00edvel fazer bolos de forma r\u00e1pida, pr\u00e1tica, e, principalmente, mais saud\u00e1vel e com mais sabor.<\/span><\/p>\n<p style=\"text-align: justify\"><span class=\"block\">\u00c9 livre de qualquer alerg\u00eanico.<\/span><\/p>\n","protected":false},"excerpt":{"rendered":"<p>A mistura para bolo sabor coco foi desenvolvida para facilitar o preparo de bolos sem<a class=\"read-more\" href=\"https:\/\/www.emporioamazonervas.com.br\/index.php\/produto\/mistura-para-bolo-sabor-coco-400g-risovita\/\">&#8230;<\/a><\/p>\n","protected":false},"featured_media":2561,"comment_status":"open","ping_status":"closed","template":"","meta":[],"product_cat":[820],"product_tag":[823,144,825,826,84],"_links":{"self":[{"href":"https:\/\/www.emporioamazonervas.com.br\/index.php\/wp-json\/wp\/v2\/product\/2560"}],"collection":[{"href":"https:\/\/www.emporioamazonervas.com.br\/index.php\/wp-json\/wp\/v2\/product"}],"about":[{"href":"https:\/\/www.emporioamazonervas.com.br\/index.php\/wp-json\/wp\/v2\/types\/product"}],"replies":[{"embeddable":true,"href":"https:\/\/www.emporioamazonervas.com.br\/index.php\/wp-json\/wp\/v2\/comments?post=2560"}],"wp:featuredmedia":[{"embeddable":true,"href":"https:\/\/www.emporioamazonervas.com.br\/index.php\/wp-json\/wp\/v2\/media\/2561"}],"wp:attachment":[{"href":"https:\/\/www.emporioamazonervas.com.br\/index.php\/wp-json\/wp\/v2\/media?parent=2560"}],"wp:term":[{"taxonomy":"product_cat","embeddable":true,"href":"https:\/\/www.emporioamazonervas.com.br\/index.php\/wp-json\/wp\/v2\/product_cat?post=2560"},{"taxonomy":"product_tag","embeddable":true,"href":"https:\/\/www.emporioamazonervas.com.br\/index.php\/wp-json\/wp\/v2\/product_tag?post=2560"}],"curies":[{"name":"wp","href":"https:\/\/api.w.org\/{rel}","templated":true}]}}