{"id":2554,"date":"2022-11-23T10:42:44","date_gmt":"2022-11-23T13:42:44","guid":{"rendered":"https:\/\/www.emporioamazonervas.com.br\/?post_type=product&#038;p=2554"},"modified":"2023-02-18T20:58:40","modified_gmt":"2023-02-18T23:58:40","slug":"farinha-de-arroz-1kg-risovita","status":"publish","type":"product","link":"https:\/\/www.emporioamazonervas.com.br\/index.php\/produto\/farinha-de-arroz-1kg-risovita\/","title":{"rendered":"Farinha de Arroz 1kg &#8211; RisoVita"},"content":{"rendered":"<p style=\"text-align: justify\"><span style=\"font-size: 1rem\">A Farinha de Arroz\u00a0<\/span><span style=\"font-size: 1rem\">RisoVita <\/span><span style=\"font-size: 1rem\">\u00e9 uma \u00f3tima op\u00e7\u00e3o para cel\u00edacos.<\/span><span style=\"font-size: 1rem\"> \u00c9 produzida pela simples moagem dos gr\u00e3os de arroz. \u00c9 livre de qualquer alerg\u00eanico, inclusive leite e derivados. Sem a adi\u00e7\u00e3o de nenhum outro ingrediente, \u00e9 isenta de aditivos qu\u00edmicos ou conservantes. <\/span><span style=\"font-size: 1rem\">O processo de moagem \u00e9 feito de maneira que a farinha fique com uma granulometria extremamente fina, o que confere maior maciez e excelente textura as receitas. <\/span><span style=\"font-size: 1rem\">Pioneira na fabrica\u00e7\u00e3o de bebidas \u00e0 base de arroz, a RisoVita utiliza a alta tecnologia italiana no processo de fabrica\u00e7\u00e3o, trazendo a qualidade encontrada em produtos importados para o mercado nacional.<\/span><\/p>\n<ul class=\"a-unordered-list a-vertical a-spacing-mini\">\n<li><span class=\"a-list-item\">Ideal para ser utilizada para bolos, p\u00e3es e empanados<\/span><\/li>\n<li><span class=\"a-list-item\">N\u00e3o cont\u00e9m gl\u00faten.\u00a0<\/span><\/li>\n<\/ul>\n","protected":false},"excerpt":{"rendered":"<p><span style=\"font-size: 1rem\">A Farinha de Arroz\u00a0<\/span><span style=\"font-size: 1rem\">RisoVita <\/span><span style=\"font-size: 1rem\">\u00e9 uma \u00f3tima op\u00e7\u00e3o para cel\u00edacos.<\/span><\/p>\n<ul class=\"a-unordered-list a-vertical a-spacing-mini\">\n<li><span class=\"a-list-item\">Ideal para ser utilizada para bolos, p\u00e3es e empanados<\/span><\/li>\n<li><span class=\"a-list-item\">N\u00e3o cont\u00e9m gl\u00faten.\u00a0<\/span><\/li>\n<\/ul>\n","protected":false},"featured_media":2555,"comment_status":"open","ping_status":"closed","template":"","meta":[],"product_cat":[820],"product_tag":[823,821,822,824,84],"_links":{"self":[{"href":"https:\/\/www.emporioamazonervas.com.br\/index.php\/wp-json\/wp\/v2\/product\/2554"}],"collection":[{"href":"https:\/\/www.emporioamazonervas.com.br\/index.php\/wp-json\/wp\/v2\/product"}],"about":[{"href":"https:\/\/www.emporioamazonervas.com.br\/index.php\/wp-json\/wp\/v2\/types\/product"}],"replies":[{"embeddable":true,"href":"https:\/\/www.emporioamazonervas.com.br\/index.php\/wp-json\/wp\/v2\/comments?post=2554"}],"wp:featuredmedia":[{"embeddable":true,"href":"https:\/\/www.emporioamazonervas.com.br\/index.php\/wp-json\/wp\/v2\/media\/2555"}],"wp:attachment":[{"href":"https:\/\/www.emporioamazonervas.com.br\/index.php\/wp-json\/wp\/v2\/media?parent=2554"}],"wp:term":[{"taxonomy":"product_cat","embeddable":true,"href":"https:\/\/www.emporioamazonervas.com.br\/index.php\/wp-json\/wp\/v2\/product_cat?post=2554"},{"taxonomy":"product_tag","embeddable":true,"href":"https:\/\/www.emporioamazonervas.com.br\/index.php\/wp-json\/wp\/v2\/product_tag?post=2554"}],"curies":[{"name":"wp","href":"https:\/\/api.w.org\/{rel}","templated":true}]}}