{"id":2550,"date":"2022-11-22T18:38:12","date_gmt":"2022-11-22T21:38:12","guid":{"rendered":"https:\/\/www.emporioamazonervas.com.br\/?post_type=product&#038;p=2550"},"modified":"2022-11-22T18:43:50","modified_gmt":"2022-11-22T21:43:50","slug":"creme-de-amendoim-sabor-chocolate-branco-1005kg-power1one","status":"publish","type":"product","link":"https:\/\/www.emporioamazonervas.com.br\/index.php\/produto\/creme-de-amendoim-sabor-chocolate-branco-1005kg-power1one\/","title":{"rendered":"Creme de Amendoim Sabor: Chocolate Branco 1,005kg &#8211; Power1One"},"content":{"rendered":"<p dir=\"ltr\" style=\"text-align: justify\">Creme de Amendoim sabor Chocolate Branco<\/p>\n<p dir=\"ltr\" style=\"text-align: justify\">O sabor exuberante do amendoim e do chocolate branco se misturam nesta deliciosa e marcante combina\u00e7\u00e3o, proporcionando um creme maravilhoso de consist\u00eancia cremosa.<\/p>\n<p dir=\"ltr\" style=\"text-align: justify\">Zero A\u00e7\u00facares;<\/p>\n<p dir=\"ltr\" style=\"text-align: justify\">N\u00e3o Cont\u00e9m Gl\u00faten.<\/p>\n","protected":false},"excerpt":{"rendered":"<p>Creme de Amendoim sabor Chocolate Branco O sabor exuberante do amendoim e do chocolate branco<a class=\"read-more\" href=\"https:\/\/www.emporioamazonervas.com.br\/index.php\/produto\/creme-de-amendoim-sabor-chocolate-branco-1005kg-power1one\/\">&#8230;<\/a><\/p>\n","protected":false},"featured_media":2551,"comment_status":"open","ping_status":"closed","template":"","meta":[],"product_cat":[427],"product_tag":[816,814,817,810,84,124],"_links":{"self":[{"href":"https:\/\/www.emporioamazonervas.com.br\/index.php\/wp-json\/wp\/v2\/product\/2550"}],"collection":[{"href":"https:\/\/www.emporioamazonervas.com.br\/index.php\/wp-json\/wp\/v2\/product"}],"about":[{"href":"https:\/\/www.emporioamazonervas.com.br\/index.php\/wp-json\/wp\/v2\/types\/product"}],"replies":[{"embeddable":true,"href":"https:\/\/www.emporioamazonervas.com.br\/index.php\/wp-json\/wp\/v2\/comments?post=2550"}],"wp:featuredmedia":[{"embeddable":true,"href":"https:\/\/www.emporioamazonervas.com.br\/index.php\/wp-json\/wp\/v2\/media\/2551"}],"wp:attachment":[{"href":"https:\/\/www.emporioamazonervas.com.br\/index.php\/wp-json\/wp\/v2\/media?parent=2550"}],"wp:term":[{"taxonomy":"product_cat","embeddable":true,"href":"https:\/\/www.emporioamazonervas.com.br\/index.php\/wp-json\/wp\/v2\/product_cat?post=2550"},{"taxonomy":"product_tag","embeddable":true,"href":"https:\/\/www.emporioamazonervas.com.br\/index.php\/wp-json\/wp\/v2\/product_tag?post=2550"}],"curies":[{"name":"wp","href":"https:\/\/api.w.org\/{rel}","templated":true}]}}