{"id":2548,"date":"2022-11-22T18:31:59","date_gmt":"2022-11-22T21:31:59","guid":{"rendered":"https:\/\/www.emporioamazonervas.com.br\/?post_type=product&#038;p=2548"},"modified":"2023-06-02T02:50:43","modified_gmt":"2023-06-02T05:50:43","slug":"creme-de-amendoim-peanut-butter-500g-power1one","status":"publish","type":"product","link":"https:\/\/www.emporioamazonervas.com.br\/index.php\/produto\/creme-de-amendoim-peanut-butter-500g-power1one\/","title":{"rendered":"Creme de Amendoim Peanut Butter 500g &#8211; Power1One"},"content":{"rendered":"<p dir=\"ltr\" style=\"text-align: justify\">O Creme de Amendoim Peanut Butter possui um sabor docinho e super amanteigado com um leve toque salgado. O sabor cl\u00e1ssico da pasta de amendoim americana agora e zero adi\u00e7\u00e3o de a\u00e7\u00facares.<\/p>\n","protected":false},"excerpt":{"rendered":"<p>O Creme de Amendoim Peanut Butter possui um sabor docinho e super amanteigado com um<a class=\"read-more\" href=\"https:\/\/www.emporioamazonervas.com.br\/index.php\/produto\/creme-de-amendoim-peanut-butter-500g-power1one\/\">&#8230;<\/a><\/p>\n","protected":false},"featured_media":2549,"comment_status":"open","ping_status":"closed","template":"","meta":[],"product_cat":[427],"product_tag":[815,814,84,124],"_links":{"self":[{"href":"https:\/\/www.emporioamazonervas.com.br\/index.php\/wp-json\/wp\/v2\/product\/2548"}],"collection":[{"href":"https:\/\/www.emporioamazonervas.com.br\/index.php\/wp-json\/wp\/v2\/product"}],"about":[{"href":"https:\/\/www.emporioamazonervas.com.br\/index.php\/wp-json\/wp\/v2\/types\/product"}],"replies":[{"embeddable":true,"href":"https:\/\/www.emporioamazonervas.com.br\/index.php\/wp-json\/wp\/v2\/comments?post=2548"}],"wp:featuredmedia":[{"embeddable":true,"href":"https:\/\/www.emporioamazonervas.com.br\/index.php\/wp-json\/wp\/v2\/media\/2549"}],"wp:attachment":[{"href":"https:\/\/www.emporioamazonervas.com.br\/index.php\/wp-json\/wp\/v2\/media?parent=2548"}],"wp:term":[{"taxonomy":"product_cat","embeddable":true,"href":"https:\/\/www.emporioamazonervas.com.br\/index.php\/wp-json\/wp\/v2\/product_cat?post=2548"},{"taxonomy":"product_tag","embeddable":true,"href":"https:\/\/www.emporioamazonervas.com.br\/index.php\/wp-json\/wp\/v2\/product_tag?post=2548"}],"curies":[{"name":"wp","href":"https:\/\/api.w.org\/{rel}","templated":true}]}}