{"id":2541,"date":"2022-11-22T18:05:05","date_gmt":"2022-11-22T21:05:05","guid":{"rendered":"https:\/\/www.emporioamazonervas.com.br\/?post_type=product&#038;p=2541"},"modified":"2022-11-22T18:05:05","modified_gmt":"2022-11-22T21:05:05","slug":"pasta-de-amendoim-sabor-beijinho-500g-power1one","status":"publish","type":"product","link":"https:\/\/www.emporioamazonervas.com.br\/index.php\/produto\/pasta-de-amendoim-sabor-beijinho-500g-power1one\/","title":{"rendered":"Pasta de Amendoim Sabor: Beijinho 500g &#8211; Power1One"},"content":{"rendered":"<p dir=\"ltr\" style=\"text-align: justify\">A Pasta de Amendoim sabor Beijinho \u00e9 uma deliciosa pasta de amendoim com coco ralado, \u00f3leo de coco, cravo e xilitol. Possui sabor \u00fanico, ingredientes saud\u00e1veis e zero adi\u00e7\u00e3o de a\u00e7\u00facar.<\/p>\n<p dir=\"ltr\" style=\"text-align: justify\">Vegano;<\/p>\n<p dir=\"ltr\" style=\"text-align: justify\">Zero A\u00e7\u00facares;<\/p>\n<p dir=\"ltr\" style=\"text-align: justify\">Zero Lactose;<\/p>\n<p dir=\"ltr\" style=\"text-align: justify\">N\u00e3o Cont\u00e9m Gl\u00faten.<\/p>\n","protected":false},"excerpt":{"rendered":"<p>A Pasta de Amendoim sabor Beijinho \u00e9 uma deliciosa pasta de amendoim com coco ralado,<a class=\"read-more\" href=\"https:\/\/www.emporioamazonervas.com.br\/index.php\/produto\/pasta-de-amendoim-sabor-beijinho-500g-power1one\/\">&#8230;<\/a><\/p>\n","protected":false},"featured_media":2542,"comment_status":"open","ping_status":"closed","template":"","meta":[],"product_cat":[427],"product_tag":[813,809,421,810,84,124,193],"_links":{"self":[{"href":"https:\/\/www.emporioamazonervas.com.br\/index.php\/wp-json\/wp\/v2\/product\/2541"}],"collection":[{"href":"https:\/\/www.emporioamazonervas.com.br\/index.php\/wp-json\/wp\/v2\/product"}],"about":[{"href":"https:\/\/www.emporioamazonervas.com.br\/index.php\/wp-json\/wp\/v2\/types\/product"}],"replies":[{"embeddable":true,"href":"https:\/\/www.emporioamazonervas.com.br\/index.php\/wp-json\/wp\/v2\/comments?post=2541"}],"wp:featuredmedia":[{"embeddable":true,"href":"https:\/\/www.emporioamazonervas.com.br\/index.php\/wp-json\/wp\/v2\/media\/2542"}],"wp:attachment":[{"href":"https:\/\/www.emporioamazonervas.com.br\/index.php\/wp-json\/wp\/v2\/media?parent=2541"}],"wp:term":[{"taxonomy":"product_cat","embeddable":true,"href":"https:\/\/www.emporioamazonervas.com.br\/index.php\/wp-json\/wp\/v2\/product_cat?post=2541"},{"taxonomy":"product_tag","embeddable":true,"href":"https:\/\/www.emporioamazonervas.com.br\/index.php\/wp-json\/wp\/v2\/product_tag?post=2541"}],"curies":[{"name":"wp","href":"https:\/\/api.w.org\/{rel}","templated":true}]}}