{"id":2539,"date":"2022-11-22T17:59:28","date_gmt":"2022-11-22T20:59:28","guid":{"rendered":"https:\/\/www.emporioamazonervas.com.br\/?post_type=product&#038;p=2539"},"modified":"2022-11-22T17:59:28","modified_gmt":"2022-11-22T20:59:28","slug":"pasta-de-amendoim-sweet-sabor-brownie-500g-power1one","status":"publish","type":"product","link":"https:\/\/www.emporioamazonervas.com.br\/index.php\/produto\/pasta-de-amendoim-sweet-sabor-brownie-500g-power1one\/","title":{"rendered":"Pasta de Amendoim Sweet Sabor: Brownie 500g &#8211; Power1One"},"content":{"rendered":"<p><strong>Pasta de Amendoim Sweet sabor Brownie<\/strong><\/p>\n<p>A linha Sweet foi criada para ado\u00e7ar as refei\u00e7\u00f5es da fam\u00edlia toda! Sabores deliciosos, sem a\u00e7\u00facares refinados e sem gl\u00faten. Uma sensa\u00e7\u00e3o surpreendente para todos os momentos do dia!<\/p>\n<p>Zero Adi\u00e7\u00e3o de A\u00e7\u00facares;<\/p>\n<p>Zero Lactose;<\/p>\n<p>Vegano;<\/p>\n<p><span style=\"font-size: 1rem\">N\u00e3o Cont\u00e9m Gl\u00faten.<\/span><\/p>\n","protected":false},"excerpt":{"rendered":"<p>Pasta de Amendoim Sweet sabor Brownie A linha Sweet foi criada para ado\u00e7ar as refei\u00e7\u00f5es<a class=\"read-more\" href=\"https:\/\/www.emporioamazonervas.com.br\/index.php\/produto\/pasta-de-amendoim-sweet-sabor-brownie-500g-power1one\/\">&#8230;<\/a><\/p>\n","protected":false},"featured_media":2540,"comment_status":"open","ping_status":"closed","template":"","meta":[],"product_cat":[427],"product_tag":[812,809,421,84,86,124],"_links":{"self":[{"href":"https:\/\/www.emporioamazonervas.com.br\/index.php\/wp-json\/wp\/v2\/product\/2539"}],"collection":[{"href":"https:\/\/www.emporioamazonervas.com.br\/index.php\/wp-json\/wp\/v2\/product"}],"about":[{"href":"https:\/\/www.emporioamazonervas.com.br\/index.php\/wp-json\/wp\/v2\/types\/product"}],"replies":[{"embeddable":true,"href":"https:\/\/www.emporioamazonervas.com.br\/index.php\/wp-json\/wp\/v2\/comments?post=2539"}],"wp:featuredmedia":[{"embeddable":true,"href":"https:\/\/www.emporioamazonervas.com.br\/index.php\/wp-json\/wp\/v2\/media\/2540"}],"wp:attachment":[{"href":"https:\/\/www.emporioamazonervas.com.br\/index.php\/wp-json\/wp\/v2\/media?parent=2539"}],"wp:term":[{"taxonomy":"product_cat","embeddable":true,"href":"https:\/\/www.emporioamazonervas.com.br\/index.php\/wp-json\/wp\/v2\/product_cat?post=2539"},{"taxonomy":"product_tag","embeddable":true,"href":"https:\/\/www.emporioamazonervas.com.br\/index.php\/wp-json\/wp\/v2\/product_tag?post=2539"}],"curies":[{"name":"wp","href":"https:\/\/api.w.org\/{rel}","templated":true}]}}