{"id":2530,"date":"2022-11-18T17:20:16","date_gmt":"2022-11-18T20:20:16","guid":{"rendered":"https:\/\/www.emporioamazonervas.com.br\/?post_type=product&#038;p=2530"},"modified":"2022-11-18T17:20:16","modified_gmt":"2022-11-18T20:20:16","slug":"fresh-mais-cha-gelado-sabor-frutas-negras-15-saches-cha-mais","status":"publish","type":"product","link":"https:\/\/www.emporioamazonervas.com.br\/index.php\/produto\/fresh-mais-cha-gelado-sabor-frutas-negras-15-saches-cha-mais\/","title":{"rendered":"Fresh Mais Ch\u00e1 Gelado Sabor: Frutas Negras 15 sach\u00eas &#8211; Ch\u00e1 Mais"},"content":{"rendered":"<p style=\"text-align: justify\">Ch\u00e1 em sach\u00ea para preparo direto na \u00e1gua gelada.<\/p>\n<p style=\"text-align: justify\">Pensando em sua rotina, a Ch\u00e1 Mais desenvolveu o Ch\u00e1 gelado mais pr\u00e1tico e saud\u00e1vel, especialmente para voc\u00ea.<\/p>\n<p style=\"text-align: justify\">Com o Fresh Mais os seus dias ser\u00e3o mais fresco, pois conta com a exclusiva tecnologia do ch\u00e1 gelado. Al\u00e9m de ter um preparo r\u00e1pido, auxilia na boa forma e no sistema imunol\u00f3gico de seu organismo.<\/p>\n<p style=\"text-align: justify\">Uma op\u00e7\u00e3o saud\u00e1vel e r\u00e1pida para promover hidrata\u00e7\u00e3o para voc\u00ea<\/p>\n<p style=\"text-align: justify\">&#8211; SEM ADI\u00c7\u00c3O DE A\u00c7UCARES.<\/p>\n<p style=\"text-align: justify\">&#8211; ZERO CALORIAS.<\/p>\n<p style=\"text-align: justify\">-N\u00c3O CONT\u00c9M GL\u00daTEN.<\/p>\n<p>&nbsp;<\/p>\n","protected":false},"excerpt":{"rendered":"<p>Ch\u00e1 em sach\u00ea para preparo direto na \u00e1gua gelada. Pensando em sua rotina, a Ch\u00e1<a class=\"read-more\" href=\"https:\/\/www.emporioamazonervas.com.br\/index.php\/produto\/fresh-mais-cha-gelado-sabor-frutas-negras-15-saches-cha-mais\/\">&#8230;<\/a><\/p>\n","protected":false},"featured_media":2531,"comment_status":"open","ping_status":"closed","template":"","meta":[],"product_cat":[470],"product_tag":[471,807,808,208,765],"_links":{"self":[{"href":"https:\/\/www.emporioamazonervas.com.br\/index.php\/wp-json\/wp\/v2\/product\/2530"}],"collection":[{"href":"https:\/\/www.emporioamazonervas.com.br\/index.php\/wp-json\/wp\/v2\/product"}],"about":[{"href":"https:\/\/www.emporioamazonervas.com.br\/index.php\/wp-json\/wp\/v2\/types\/product"}],"replies":[{"embeddable":true,"href":"https:\/\/www.emporioamazonervas.com.br\/index.php\/wp-json\/wp\/v2\/comments?post=2530"}],"wp:featuredmedia":[{"embeddable":true,"href":"https:\/\/www.emporioamazonervas.com.br\/index.php\/wp-json\/wp\/v2\/media\/2531"}],"wp:attachment":[{"href":"https:\/\/www.emporioamazonervas.com.br\/index.php\/wp-json\/wp\/v2\/media?parent=2530"}],"wp:term":[{"taxonomy":"product_cat","embeddable":true,"href":"https:\/\/www.emporioamazonervas.com.br\/index.php\/wp-json\/wp\/v2\/product_cat?post=2530"},{"taxonomy":"product_tag","embeddable":true,"href":"https:\/\/www.emporioamazonervas.com.br\/index.php\/wp-json\/wp\/v2\/product_tag?post=2530"}],"curies":[{"name":"wp","href":"https:\/\/api.w.org\/{rel}","templated":true}]}}