{"id":2526,"date":"2022-11-18T17:05:59","date_gmt":"2022-11-18T20:05:59","guid":{"rendered":"https:\/\/www.emporioamazonervas.com.br\/?post_type=product&#038;p=2526"},"modified":"2023-06-02T02:58:26","modified_gmt":"2023-06-02T05:58:26","slug":"fresh-mais-cha-gelado-sabor-maracuja-15-saches-cha-mais","status":"publish","type":"product","link":"https:\/\/www.emporioamazonervas.com.br\/index.php\/produto\/fresh-mais-cha-gelado-sabor-maracuja-15-saches-cha-mais\/","title":{"rendered":"Fresh Mais Ch\u00e1 Gelado Sabor Maracuj\u00e1 15 sach\u00eas &#8211; Ch\u00e1 Mais"},"content":{"rendered":"<pre class=\"_28cEs\" data-hook=\"description\"><strong>Ch\u00e1 em sach\u00ea para preparo direto na \u00e1gua gelada!\r\n<\/strong><\/pre>\n<p style=\"text-align: justify\">Pensando em sua rotina, a Ch\u00e1 Mais desenvolveu\u00a0<strong>o Ch\u00e1 gelado<\/strong>\u00a0mais\u00a0<strong>pr\u00e1tico<\/strong>\u00a0e <b>saud\u00e1vel<\/b>, especialmente para voc\u00ea.<\/p>\n<p style=\"text-align: justify\">Com o\u00a0<strong>FreshMais<\/strong>\u00a0os seus dias ser\u00e3o mais fresco, pois conta\u00a0com a exclusiva tecnologia do ch\u00e1 gelado. Al\u00e9m de ter um\u00a0<strong>preparo r\u00e1pido<\/strong>, auxilia na\u00a0<strong>boa forma\u00a0<\/strong>e no<strong>\u00a0sistema imunol\u00f3gico<\/strong>\u00a0de seu organismo.<\/p>\n<p style=\"text-align: justify\">Uma op\u00e7\u00e3o saud\u00e1vel e r\u00e1pida para promover hidrata\u00e7\u00e3o para voc\u00ea<\/p>\n<p style=\"text-align: justify\"><strong>&#8211; SEM ADI\u00c7\u00c3O DE A\u00c7UCARES.<\/strong><\/p>\n<p style=\"text-align: justify\"><strong>&#8211; ZERO CALORIAS.<\/strong><\/p>\n<p style=\"text-align: justify\"><strong>-N\u00c3O CONT\u00c9M GL\u00daTEN.<\/strong><\/p>\n","protected":false},"excerpt":{"rendered":"<p>Ch\u00e1 em sach\u00ea para preparo direto na \u00e1gua gelada! Pensando em sua rotina, a Ch\u00e1<a class=\"read-more\" href=\"https:\/\/www.emporioamazonervas.com.br\/index.php\/produto\/fresh-mais-cha-gelado-sabor-maracuja-15-saches-cha-mais\/\">&#8230;<\/a><\/p>\n","protected":false},"featured_media":2527,"comment_status":"open","ping_status":"closed","template":"","meta":[],"product_cat":[470],"product_tag":[471,807,808,208,765],"_links":{"self":[{"href":"https:\/\/www.emporioamazonervas.com.br\/index.php\/wp-json\/wp\/v2\/product\/2526"}],"collection":[{"href":"https:\/\/www.emporioamazonervas.com.br\/index.php\/wp-json\/wp\/v2\/product"}],"about":[{"href":"https:\/\/www.emporioamazonervas.com.br\/index.php\/wp-json\/wp\/v2\/types\/product"}],"replies":[{"embeddable":true,"href":"https:\/\/www.emporioamazonervas.com.br\/index.php\/wp-json\/wp\/v2\/comments?post=2526"}],"wp:featuredmedia":[{"embeddable":true,"href":"https:\/\/www.emporioamazonervas.com.br\/index.php\/wp-json\/wp\/v2\/media\/2527"}],"wp:attachment":[{"href":"https:\/\/www.emporioamazonervas.com.br\/index.php\/wp-json\/wp\/v2\/media?parent=2526"}],"wp:term":[{"taxonomy":"product_cat","embeddable":true,"href":"https:\/\/www.emporioamazonervas.com.br\/index.php\/wp-json\/wp\/v2\/product_cat?post=2526"},{"taxonomy":"product_tag","embeddable":true,"href":"https:\/\/www.emporioamazonervas.com.br\/index.php\/wp-json\/wp\/v2\/product_tag?post=2526"}],"curies":[{"name":"wp","href":"https:\/\/api.w.org\/{rel}","templated":true}]}}