{"id":2524,"date":"2022-11-18T16:56:09","date_gmt":"2022-11-18T19:56:09","guid":{"rendered":"https:\/\/www.emporioamazonervas.com.br\/?post_type=product&#038;p=2524"},"modified":"2022-11-29T18:28:56","modified_gmt":"2022-11-29T21:28:56","slug":"sal-amargo-30g-clinicmais","status":"publish","type":"product","link":"https:\/\/www.emporioamazonervas.com.br\/index.php\/produto\/sal-amargo-30g-clinicmais\/","title":{"rendered":"Sal Amargo 30g &#8211; ClinicMais"},"content":{"rendered":"<p style=\"text-align: justify\">O sal amargo \u00e9 um medicamento que cont\u00e9m sulfato de magn\u00e9sio na sua composi\u00e7\u00e3o, sendo normalmente indicado para defici\u00eancia de magn\u00e9sio no corpo, aliviar a pris\u00e3o de ventre, ou reduzir a dor muscular; um mineral com usos que v\u00e3o desde laxante natural, anti-inflamat\u00f3rio a at\u00e9 mesmo esfoliante para rosto e corpo, ou usado em banhos ou escalda p\u00e9s.<\/p>\n","protected":false},"excerpt":{"rendered":"<p>O sal amargo \u00e9 um medicamento que cont\u00e9m sulfato de magn\u00e9sio na sua composi\u00e7\u00e3o, sendo<a class=\"read-more\" href=\"https:\/\/www.emporioamazonervas.com.br\/index.php\/produto\/sal-amargo-30g-clinicmais\/\">&#8230;<\/a><\/p>\n","protected":false},"featured_media":2525,"comment_status":"open","ping_status":"closed","template":"","meta":[],"product_cat":[802],"product_tag":[507,646,805,806,705,746,803,804],"_links":{"self":[{"href":"https:\/\/www.emporioamazonervas.com.br\/index.php\/wp-json\/wp\/v2\/product\/2524"}],"collection":[{"href":"https:\/\/www.emporioamazonervas.com.br\/index.php\/wp-json\/wp\/v2\/product"}],"about":[{"href":"https:\/\/www.emporioamazonervas.com.br\/index.php\/wp-json\/wp\/v2\/types\/product"}],"replies":[{"embeddable":true,"href":"https:\/\/www.emporioamazonervas.com.br\/index.php\/wp-json\/wp\/v2\/comments?post=2524"}],"wp:featuredmedia":[{"embeddable":true,"href":"https:\/\/www.emporioamazonervas.com.br\/index.php\/wp-json\/wp\/v2\/media\/2525"}],"wp:attachment":[{"href":"https:\/\/www.emporioamazonervas.com.br\/index.php\/wp-json\/wp\/v2\/media?parent=2524"}],"wp:term":[{"taxonomy":"product_cat","embeddable":true,"href":"https:\/\/www.emporioamazonervas.com.br\/index.php\/wp-json\/wp\/v2\/product_cat?post=2524"},{"taxonomy":"product_tag","embeddable":true,"href":"https:\/\/www.emporioamazonervas.com.br\/index.php\/wp-json\/wp\/v2\/product_tag?post=2524"}],"curies":[{"name":"wp","href":"https:\/\/api.w.org\/{rel}","templated":true}]}}