{"id":2520,"date":"2022-11-18T16:42:15","date_gmt":"2022-11-18T19:42:15","guid":{"rendered":"https:\/\/www.emporioamazonervas.com.br\/?post_type=product&#038;p=2520"},"modified":"2023-06-02T02:49:58","modified_gmt":"2023-06-02T05:49:58","slug":"colageno-trio-complex-femme-sabor-frutas-negras-200g-apisnutri","status":"publish","type":"product","link":"https:\/\/www.emporioamazonervas.com.br\/index.php\/produto\/colageno-trio-complex-femme-sabor-frutas-negras-200g-apisnutri\/","title":{"rendered":"Col\u00e1geno Trio Complex Femme Sabor: Frutas Negras 200g &#8211; ApisNutri"},"content":{"rendered":"<div style=\"text-align: justify\"><strong>Col\u00e1geno Trio Complex<\/strong>\u00a0oferece, atrav\u00e9s da sua composi\u00e7\u00e3o,\u00a0<strong>col\u00e1geno hidrolisado Tipo I,<\/strong>\u00a0pept\u00eddeos bioativos de\u00a0<strong>col\u00e1geno hidrolisado Verisol<\/strong>\u00a0e<strong>\u00a0col\u00e1geno tipo II n\u00e3o desnaturado;\u00a0<\/strong>al\u00e9m de contar com um selecionado mix de<strong>\u00a0vitaminas e minerais<\/strong>\u00a0que tamb\u00e9m colaboram para a<strong>\u00a0manuten\u00e7\u00e3o\u00a0<\/strong>da<strong>\u00a0pele.<\/strong><\/p>\n<p>Cada por\u00e7\u00e3o do produto oferece 6,5g de col\u00e1geno hidrolisado, 2,5g de pept\u00eddeos biativos de col\u00e1geno hidrolisado Verisol e 40mg de col\u00e1geno tipo II n\u00e3o desnaturado.<\/p>\n<p>Confira algumas prorpiedades dos componentes da f\u00f3rmula:<\/p><\/div>\n<ul>\n<li style=\"text-align: justify\"><strong>Pept\u00eddeos bioativos de col\u00e1geno hidrolisado Verisol\u00a0<\/strong>auxiliam na manuten\u00e7\u00e3o<strong>\u00a0da sa\u00fade da pele<\/strong><\/li>\n<li style=\"text-align: justify\"><strong>Col\u00e1geno hidrolisado tipo I\u00a0<\/strong>\u00e9 fonte de prote\u00ednas, que auxilia na<strong>\u00a0forma\u00e7\u00e3o de m\u00fasculos, ossos\u00a0<\/strong>e no equil\u00edbrio da pele<\/li>\n<li style=\"text-align: justify\"><strong>Col\u00e1geno tipo II n\u00e3o desnaturado\u00a0<\/strong>auxilia na manuten\u00e7\u00e3o da<strong>\u00a0fun\u00e7\u00e3o articular<\/strong><\/li>\n<li style=\"text-align: justify\"><strong>Vitamina B7 &#8211; Biotina\u00a0<\/strong>contribui para a manuten\u00e7\u00e3o do<strong>\u00a0cabelo, pele e unhas<\/strong><\/li>\n<li style=\"text-align: justify\"><strong>Vitamina A<\/strong>\u00a0atua na manuten\u00e7\u00e3o da<strong>\u00a0pele,\u00a0<\/strong>na<strong>\u00a0vis\u00e3o\u00a0<\/strong>e no<strong>\u00a0transporte do ferro\u00a0<\/strong>pelo<strong>\u00a0organismo<\/strong><\/li>\n<li style=\"text-align: justify\"><strong>Vitamina C\u00a0<\/strong>\u00e9<strong>\u00a0antioxidante e favorece\u00a0<\/strong><strong>a forma\u00e7\u00e3o do col\u00e1geno<\/strong><\/li>\n<li style=\"text-align: justify\"><strong>Cobre,\u00a0<\/strong>contribui para a<strong>\u00a0pigmenta\u00e7\u00e3o\u00a0<\/strong>da<strong>\u00a0pele\u00a0<\/strong>e<strong>\u00a0cabelos<\/strong><\/li>\n<li style=\"text-align: justify\"><strong>Zinco \u00e9\u00a0<\/strong>coadjuvante\u00a0no\u00a0<strong>metabolismo<\/strong>\u00a0da<strong>\u00a0vitamina A,\u00a0<\/strong>favorece a\u00a0<strong>sa\u00fade<\/strong>\u00a0do\u00a0<strong>cabelo, pele\u00a0<\/strong>e<strong>\u00a0unhas\u00a0<\/strong>e na manuten\u00e7\u00e3o dos<strong>\u00a0tecidos conjuntivos.<\/strong><\/li>\n<\/ul>\n","protected":false},"excerpt":{"rendered":"<p>Col\u00e1geno Trio Complex\u00a0oferece, atrav\u00e9s da sua composi\u00e7\u00e3o,\u00a0col\u00e1geno hidrolisado Tipo I,\u00a0pept\u00eddeos bioativos de\u00a0col\u00e1geno hidrolisado Verisol\u00a0e\u00a0col\u00e1geno tipo<a class=\"read-more\" href=\"https:\/\/www.emporioamazonervas.com.br\/index.php\/produto\/colageno-trio-complex-femme-sabor-frutas-negras-200g-apisnutri\/\">&#8230;<\/a><\/p>\n","protected":false},"featured_media":2523,"comment_status":"open","ping_status":"closed","template":"","meta":[],"product_cat":[74],"product_tag":[316,308,786,584,554,310,89,556,555,557,679,112,113,399],"_links":{"self":[{"href":"https:\/\/www.emporioamazonervas.com.br\/index.php\/wp-json\/wp\/v2\/product\/2520"}],"collection":[{"href":"https:\/\/www.emporioamazonervas.com.br\/index.php\/wp-json\/wp\/v2\/product"}],"about":[{"href":"https:\/\/www.emporioamazonervas.com.br\/index.php\/wp-json\/wp\/v2\/types\/product"}],"replies":[{"embeddable":true,"href":"https:\/\/www.emporioamazonervas.com.br\/index.php\/wp-json\/wp\/v2\/comments?post=2520"}],"wp:featuredmedia":[{"embeddable":true,"href":"https:\/\/www.emporioamazonervas.com.br\/index.php\/wp-json\/wp\/v2\/media\/2523"}],"wp:attachment":[{"href":"https:\/\/www.emporioamazonervas.com.br\/index.php\/wp-json\/wp\/v2\/media?parent=2520"}],"wp:term":[{"taxonomy":"product_cat","embeddable":true,"href":"https:\/\/www.emporioamazonervas.com.br\/index.php\/wp-json\/wp\/v2\/product_cat?post=2520"},{"taxonomy":"product_tag","embeddable":true,"href":"https:\/\/www.emporioamazonervas.com.br\/index.php\/wp-json\/wp\/v2\/product_tag?post=2520"}],"curies":[{"name":"wp","href":"https:\/\/api.w.org\/{rel}","templated":true}]}}