{"id":2514,"date":"2022-11-18T13:01:58","date_gmt":"2022-11-18T16:01:58","guid":{"rendered":"https:\/\/www.emporioamazonervas.com.br\/?post_type=product&#038;p=2514"},"modified":"2022-11-18T13:01:59","modified_gmt":"2022-11-18T16:01:59","slug":"tcm-burb-cafe-verde-curcuma-pimenta-60-caps-500mg-clinicmais","status":"publish","type":"product","link":"https:\/\/www.emporioamazonervas.com.br\/index.php\/produto\/tcm-burb-cafe-verde-curcuma-pimenta-60-caps-500mg-clinicmais\/","title":{"rendered":"TCM Burb Caf\u00e9 Verde\/C\u00farcuma\/Pimenta 60 caps 500mg &#8211; ClinicMais"},"content":{"rendered":"<p style=\"text-align: justify\">TCM Burn \u00e9 uma combina\u00e7\u00e3o de caf\u00e9 verde, triglicer\u00eddeos de cadeia m\u00e9dia com c\u00farcuma e pimenta em c\u00e1psulas. A f\u00f3rmula re\u00fane ingredientes termog\u00eanicos que auxiliam no gerenciamento de peso, pois aceleram o metabolismo e auxiliam na queima de gordura.<\/p>\n<p style=\"text-align: justify\">Os Triglicer\u00eddeos de Cadeia M\u00e9dia (TCMs) s\u00e3o \u00e1cidos graxos curtos que facilitam sua absor\u00e7\u00e3o pelo sistema gastrointestinal. Por serem uma classe especial de gorduras, quando metabolizados no corpo, se comportam como um carboidrato e n\u00e3o uma gordura.<\/p>\n<p style=\"text-align: justify\">Os TCMs fornecem energia r\u00e1pida para o corpo e s\u00e3o menos suscet\u00edveis de serem armazenados como gordura corporal. Tem efeito termog\u00eanico, auxiliando na redu\u00e7\u00e3o dos n\u00edveis de gordura corporal e mantendo os n\u00edveis de energia.<\/p>\n<ul style=\"text-align: justify\">\n<li>Gerenciamento de peso: Possui teor cal\u00f3rico mais baixo do que outras gorduras, contribui para o metabolismo refor\u00e7ado para queimar ainda mais calorias;<\/li>\n<\/ul>\n<p style=\"text-align: justify\">O\u00a0caf\u00e9 verde\u00a0cont\u00e9m cafe\u00edna em concentra\u00e7\u00e3o duas vezes maior do que no gr\u00e3o torrado, por isso apresenta efeito termog\u00eanico. Tamb\u00e9m fonte de \u00e1cido clorog\u00eanico, \u00e9 aliado para os praticantes de atividade f\u00edsica e coadjuvante em dietas que visam a boa forma;<\/p>\n<p style=\"text-align: justify\">Curc\u00fama\u00a0quilibra os n\u00edveis de a\u00e7\u00facar no sangue e mant\u00e9m o organismo sempre em bom funcionamento, o que ajuda na constante quebra de gordura;<\/p>\n<p style=\"text-align: justify\">Pimenta\u00a0possui a\u00e7\u00e3o anti-inflamat\u00f3ria, al\u00e9m de ser anticoagulante e ajudar a reduzir os n\u00edveis de colesterol ruim (LDL) e aumentar os do bom (HDL).<\/p>\n<p style=\"text-align: justify\">&#8211; N\u00c3O CONT\u00c9M GL\u00daTEN.<\/p>\n","protected":false},"excerpt":{"rendered":"<p>TCM Burn \u00e9 uma combina\u00e7\u00e3o de caf\u00e9 verde, triglicer\u00eddeos de cadeia m\u00e9dia com c\u00farcuma e<a class=\"read-more\" href=\"https:\/\/www.emporioamazonervas.com.br\/index.php\/produto\/tcm-burb-cafe-verde-curcuma-pimenta-60-caps-500mg-clinicmais\/\">&#8230;<\/a><\/p>\n","protected":false},"featured_media":2515,"comment_status":"open","ping_status":"closed","template":"","meta":[],"product_cat":[173],"product_tag":[614,507,263,136,227,531,633,256,631,778,133],"_links":{"self":[{"href":"https:\/\/www.emporioamazonervas.com.br\/index.php\/wp-json\/wp\/v2\/product\/2514"}],"collection":[{"href":"https:\/\/www.emporioamazonervas.com.br\/index.php\/wp-json\/wp\/v2\/product"}],"about":[{"href":"https:\/\/www.emporioamazonervas.com.br\/index.php\/wp-json\/wp\/v2\/types\/product"}],"replies":[{"embeddable":true,"href":"https:\/\/www.emporioamazonervas.com.br\/index.php\/wp-json\/wp\/v2\/comments?post=2514"}],"wp:featuredmedia":[{"embeddable":true,"href":"https:\/\/www.emporioamazonervas.com.br\/index.php\/wp-json\/wp\/v2\/media\/2515"}],"wp:attachment":[{"href":"https:\/\/www.emporioamazonervas.com.br\/index.php\/wp-json\/wp\/v2\/media?parent=2514"}],"wp:term":[{"taxonomy":"product_cat","embeddable":true,"href":"https:\/\/www.emporioamazonervas.com.br\/index.php\/wp-json\/wp\/v2\/product_cat?post=2514"},{"taxonomy":"product_tag","embeddable":true,"href":"https:\/\/www.emporioamazonervas.com.br\/index.php\/wp-json\/wp\/v2\/product_tag?post=2514"}],"curies":[{"name":"wp","href":"https:\/\/api.w.org\/{rel}","templated":true}]}}