{"id":2511,"date":"2022-11-18T11:59:43","date_gmt":"2022-11-18T14:59:43","guid":{"rendered":"https:\/\/www.emporioamazonervas.com.br\/?post_type=product&#038;p=2511"},"modified":"2022-11-18T12:01:27","modified_gmt":"2022-11-18T15:01:27","slug":"shake-mais-com-chia-laranja-moro-inositol-bio-forma-sabor-morango-400g-clinicmais","status":"publish","type":"product","link":"https:\/\/www.emporioamazonervas.com.br\/index.php\/produto\/shake-mais-com-chia-laranja-moro-inositol-bio-forma-sabor-morango-400g-clinicmais\/","title":{"rendered":"Shake Mais com Chia\/Laranja Moro\/Inositol BioForma Sabor: Morango 400g &#8211; ClinicMais"},"content":{"rendered":"<p><strong>O Shake Mais com Chia Bio forma Sabor Morango proporciona uma dose completa de nutrientes essenciais ao organismo para o gerenciamento de peso.<\/strong><\/p>\n<p>Al\u00e9m conter sabor agrad\u00e1vel, apresenta-se nutritivo por ser \u00e0 base de\u00a0<strong>chia<\/strong>, alimento rico em fibras, que\u00a0<strong>prolongam a saciedade<\/strong>\u00a0e contribui na\u00a0<strong>fun\u00e7\u00e3o intestinal.<\/strong><\/p>\n<p><strong>Alimento auxiliar para dietas de emagrecimento. Possui acr\u00e9scimo de nutrientes para uma alimenta\u00e7\u00e3o saud\u00e1vel, com alto conte\u00fado de vitaminas e minerais.<\/strong><\/p>\n<p>O Shake Mais auxilia na perda de peso, estimula o processo de queima de gordura e promove saciedade.<\/p>\n<ul>\n<li>Auxilia na digest\u00e3o;<\/li>\n<li>Cont\u00e9m vitaminas e minerais;<\/li>\n<li>Rico em fibras;<\/li>\n<li>Pode ser usado como substituto de refei\u00e7\u00e3o ou complemento alimentar.<\/li>\n<\/ul>\n<p>&#8211; N\u00c3O CONT\u00c9M GL\u00daTEN.<\/p>\n","protected":false},"excerpt":{"rendered":"<p>O Shake Mais com Chia Bio forma Sabor Morango proporciona uma dose completa de nutrientes<a class=\"read-more\" href=\"https:\/\/www.emporioamazonervas.com.br\/index.php\/produto\/shake-mais-com-chia-laranja-moro-inositol-bio-forma-sabor-morango-400g-clinicmais\/\">&#8230;<\/a><\/p>\n","protected":false},"featured_media":2512,"comment_status":"open","ping_status":"closed","template":"","meta":[],"product_cat":[131],"product_tag":[72,528,543,310,633,631,722,721,727,399],"_links":{"self":[{"href":"https:\/\/www.emporioamazonervas.com.br\/index.php\/wp-json\/wp\/v2\/product\/2511"}],"collection":[{"href":"https:\/\/www.emporioamazonervas.com.br\/index.php\/wp-json\/wp\/v2\/product"}],"about":[{"href":"https:\/\/www.emporioamazonervas.com.br\/index.php\/wp-json\/wp\/v2\/types\/product"}],"replies":[{"embeddable":true,"href":"https:\/\/www.emporioamazonervas.com.br\/index.php\/wp-json\/wp\/v2\/comments?post=2511"}],"wp:featuredmedia":[{"embeddable":true,"href":"https:\/\/www.emporioamazonervas.com.br\/index.php\/wp-json\/wp\/v2\/media\/2512"}],"wp:attachment":[{"href":"https:\/\/www.emporioamazonervas.com.br\/index.php\/wp-json\/wp\/v2\/media?parent=2511"}],"wp:term":[{"taxonomy":"product_cat","embeddable":true,"href":"https:\/\/www.emporioamazonervas.com.br\/index.php\/wp-json\/wp\/v2\/product_cat?post=2511"},{"taxonomy":"product_tag","embeddable":true,"href":"https:\/\/www.emporioamazonervas.com.br\/index.php\/wp-json\/wp\/v2\/product_tag?post=2511"}],"curies":[{"name":"wp","href":"https:\/\/api.w.org\/{rel}","templated":true}]}}