{"id":2507,"date":"2022-11-18T11:16:19","date_gmt":"2022-11-18T14:16:19","guid":{"rendered":"https:\/\/www.emporioamazonervas.com.br\/?post_type=product&#038;p=2507"},"modified":"2022-11-18T12:50:41","modified_gmt":"2022-11-18T15:50:41","slug":"colageno-peptgencare-sabor-laranja-200g-clinicmais","status":"publish","type":"product","link":"https:\/\/www.emporioamazonervas.com.br\/index.php\/produto\/colageno-peptgencare-sabor-laranja-200g-clinicmais\/","title":{"rendered":"Col\u00e1geno PeptgenCare Sabor: Laranja 200g &#8211; ClinicMais"},"content":{"rendered":"<p><strong>O Suplemento Alimentar Col\u00e1geno PeptGenCare Verisol\u00ae Sabor Laranja atua na firmeza da pele, no antienvelhecimento e manuten\u00e7\u00e3o do col\u00e1geno do organismo.<\/strong><\/p>\n<p><em>Este suplemento Alimentar sol\u00favel a base de peptideos bioativos de col\u00e1geno hidrolisado com vitaminas minerais cont\u00e9m sabor agrad\u00e1vel de Laranja, ado\u00e7ado com est\u00e9via.<\/em><\/p>\n<p><strong>Melhora a elasticidade, a firmeza e a hidrata\u00e7\u00e3o da pele. Esta combina\u00e7\u00e3o tamb\u00e9m minimiza as agress\u00f5es di\u00e1rias \u00e0 pele e reverte os sinais do envelhecimento, promovendo hidrata\u00e7\u00e3o cont\u00ednua.<\/strong><\/p>\n<p><em>VERISOL\u00ae\u00a0BOOSTER DE BELEZA PARA PELE<\/em><\/p>\n<p>Contribui para:<\/p>\n<ul>\n<li>Melhora significativa da apar\u00eancia da pele;<\/li>\n<li>Maior elasticidade da pele;<\/li>\n<li>Redu\u00e7\u00e3o de rugas;<\/li>\n<li>Melhora na estrutura da superf\u00edcie da pele e redu\u00e7\u00e3o da celulite;<\/li>\n<li>Alto conte\u00fado\u00a0de vitaminas C, E e B5, Zinco, Cobre, Sel\u00eanio e Biotina;<\/li>\n<\/ul>\n<p>&#8220;Este produto conta com alto teor de vitaminas e minerais, al\u00e9m da vitamina C que auxilia na forma\u00e7\u00e3o do col\u00e1geno.&#8221;<\/p>\n<p>&#8220;O zinco contribui para a manuten\u00e7\u00e3o do cabelo, da pele e das unhas, melhorando a autoestima e sa\u00fade.&#8221;<\/p>\n<p>&#8220;A vitamina C, o zinco e o sel\u00eanio s\u00e3o antioxidantes que auxiliam na prote\u00e7\u00e3o dos danos causados pelos radicais livres e auxiliam no funcionamento do sistema imune.&#8221;<\/p>\n<p>&#8220;O cobre auxilia no funcionamento do sistema imune, no metabolismo energ\u00e9tico, contribui para a pigmenta\u00e7\u00e3o do cabelo e da pele.&#8221;<\/p>\n<p>&#8220;A biotina contribui para a manuten\u00e7\u00e3o do cabelo, pele e manuten\u00e7\u00e3o de mucosas e auxilia na manuten\u00e7\u00e3o da sa\u00fade da pele.&#8221;<\/p>\n","protected":false},"excerpt":{"rendered":"<p>O Suplemento Alimentar Col\u00e1geno PeptGenCare Verisol\u00ae Sabor Laranja atua na firmeza da pele, no antienvelhecimento<a class=\"read-more\" href=\"https:\/\/www.emporioamazonervas.com.br\/index.php\/produto\/colageno-peptgencare-sabor-laranja-200g-clinicmais\/\">&#8230;<\/a><\/p>\n","protected":false},"featured_media":2508,"comment_status":"open","ping_status":"closed","template":"","meta":[],"product_cat":[74,131],"product_tag":[554,737,360,595,556,555,557,626],"_links":{"self":[{"href":"https:\/\/www.emporioamazonervas.com.br\/index.php\/wp-json\/wp\/v2\/product\/2507"}],"collection":[{"href":"https:\/\/www.emporioamazonervas.com.br\/index.php\/wp-json\/wp\/v2\/product"}],"about":[{"href":"https:\/\/www.emporioamazonervas.com.br\/index.php\/wp-json\/wp\/v2\/types\/product"}],"replies":[{"embeddable":true,"href":"https:\/\/www.emporioamazonervas.com.br\/index.php\/wp-json\/wp\/v2\/comments?post=2507"}],"wp:featuredmedia":[{"embeddable":true,"href":"https:\/\/www.emporioamazonervas.com.br\/index.php\/wp-json\/wp\/v2\/media\/2508"}],"wp:attachment":[{"href":"https:\/\/www.emporioamazonervas.com.br\/index.php\/wp-json\/wp\/v2\/media?parent=2507"}],"wp:term":[{"taxonomy":"product_cat","embeddable":true,"href":"https:\/\/www.emporioamazonervas.com.br\/index.php\/wp-json\/wp\/v2\/product_cat?post=2507"},{"taxonomy":"product_tag","embeddable":true,"href":"https:\/\/www.emporioamazonervas.com.br\/index.php\/wp-json\/wp\/v2\/product_tag?post=2507"}],"curies":[{"name":"wp","href":"https:\/\/api.w.org\/{rel}","templated":true}]}}