{"id":2505,"date":"2022-11-18T10:47:13","date_gmt":"2022-11-18T13:47:13","guid":{"rendered":"https:\/\/www.emporioamazonervas.com.br\/?post_type=product&#038;p=2505"},"modified":"2023-02-18T20:56:57","modified_gmt":"2023-02-18T23:56:57","slug":"colageno-peptgencare-sabor-neutro-200g-clinicmais","status":"publish","type":"product","link":"https:\/\/www.emporioamazonervas.com.br\/index.php\/produto\/colageno-peptgencare-sabor-neutro-200g-clinicmais\/","title":{"rendered":"Col\u00e1geno PeptgenCare Sabor: Neutro 200g &#8211; ClinicMais"},"content":{"rendered":"<p style=\"text-align: justify\"><strong>O Suplemento Alimentar Col\u00e1geno PeptGenCare Verisol\u00ae Neutro atua na firmeza da pele, no antienvelhecimento e manuten\u00e7\u00e3o do col\u00e1geno do organismo.<\/strong><\/p>\n<p style=\"text-align: justify\"><em>Este suplemento Alimentar ClinicMais sol\u00favel cont\u00e9m\u00a0de peptideos bioativos de col\u00e1geno hidrolisado com vitaminas minerais\u00a0<\/em><\/p>\n<p style=\"text-align: justify\"><strong>Melhora a elasticidade, a firmeza e a hidrata\u00e7\u00e3o da pele. Esta combina\u00e7\u00e3o tamb\u00e9m minimiza as agress\u00f5es di\u00e1rias \u00e0 pele e reverte os sinais do envelhecimento, promovendo hidrata\u00e7\u00e3o cont\u00ednua.<\/strong><\/p>\n<p style=\"text-align: justify\"><em>VERISOL\u00ae\u00a0BOOSTER DE BELEZA PARA PELE<\/em><\/p>\n<p style=\"text-align: justify\">Contribui para:<\/p>\n<ul style=\"text-align: justify\">\n<li>Melhora significativa da apar\u00eancia da pele;<\/li>\n<li>Maior elasticidade da pele;<\/li>\n<li>Redu\u00e7\u00e3o de rugas;<\/li>\n<li>Melhora na estrutura da superf\u00edcie da pele e redu\u00e7\u00e3o da celulite;<\/li>\n<li>Alto conte\u00fado\u00a0de vitaminas C, E e B5, Zinco, Cobre, Sel\u00eanio e Biotina;<\/li>\n<\/ul>\n<p style=\"text-align: justify\">&#8220;Este produto conta com alto teor de vitaminas e minerais, al\u00e9m da vitamina C que auxilia na forma\u00e7\u00e3o do col\u00e1geno.&#8221;<\/p>\n<p style=\"text-align: justify\">&#8220;O zinco contribui para a manuten\u00e7\u00e3o do cabelo, da pele e das unhas, melhorando a autoestima e sa\u00fade.&#8221;<\/p>\n<p style=\"text-align: justify\">&#8220;A vitamina C, o zinco e o sel\u00eanio s\u00e3o antioxidantes que auxiliam na prote\u00e7\u00e3o dos danos causados pelos radicais livres e auxiliam no funcionamento do sistema imune.&#8221;<\/p>\n<p style=\"text-align: justify\">&#8220;O cobre auxilia no funcionamento do sistema imune, no metabolismo energ\u00e9tico, contribui para a pigmenta\u00e7\u00e3o do cabelo e da pele.&#8221;<\/p>\n<p style=\"text-align: justify\">&#8220;A biotina contribui para a manuten\u00e7\u00e3o do cabelo, pele e manuten\u00e7\u00e3o de mucosas e auxilia na manuten\u00e7\u00e3o da sa\u00fade da pele.<\/p>\n","protected":false},"excerpt":{"rendered":"<p><strong>Melhora a elasticidade, a firmeza e a hidrata\u00e7\u00e3o da pele. Esta combina\u00e7\u00e3o tamb\u00e9m minimiza as agress\u00f5es di\u00e1rias \u00e0 pele e reverte os sinais do envelhecimento, promovendo hidrata\u00e7\u00e3o cont\u00ednua.<\/strong><\/p>\n","protected":false},"featured_media":2506,"comment_status":"open","ping_status":"closed","template":"","meta":[],"product_cat":[74,131],"product_tag":[675,308,289,52,737,654,556,142,635,113,114,115],"_links":{"self":[{"href":"https:\/\/www.emporioamazonervas.com.br\/index.php\/wp-json\/wp\/v2\/product\/2505"}],"collection":[{"href":"https:\/\/www.emporioamazonervas.com.br\/index.php\/wp-json\/wp\/v2\/product"}],"about":[{"href":"https:\/\/www.emporioamazonervas.com.br\/index.php\/wp-json\/wp\/v2\/types\/product"}],"replies":[{"embeddable":true,"href":"https:\/\/www.emporioamazonervas.com.br\/index.php\/wp-json\/wp\/v2\/comments?post=2505"}],"wp:featuredmedia":[{"embeddable":true,"href":"https:\/\/www.emporioamazonervas.com.br\/index.php\/wp-json\/wp\/v2\/media\/2506"}],"wp:attachment":[{"href":"https:\/\/www.emporioamazonervas.com.br\/index.php\/wp-json\/wp\/v2\/media?parent=2505"}],"wp:term":[{"taxonomy":"product_cat","embeddable":true,"href":"https:\/\/www.emporioamazonervas.com.br\/index.php\/wp-json\/wp\/v2\/product_cat?post=2505"},{"taxonomy":"product_tag","embeddable":true,"href":"https:\/\/www.emporioamazonervas.com.br\/index.php\/wp-json\/wp\/v2\/product_tag?post=2505"}],"curies":[{"name":"wp","href":"https:\/\/api.w.org\/{rel}","templated":true}]}}