{"id":2501,"date":"2022-11-16T17:16:07","date_gmt":"2022-11-16T20:16:07","guid":{"rendered":"https:\/\/www.emporioamazonervas.com.br\/?post_type=product&#038;p=2501"},"modified":"2023-06-02T03:13:12","modified_gmt":"2023-06-02T06:13:12","slug":"shake-com-chia-bioforma-sabor-baunilha-400g-clinicmais","status":"publish","type":"product","link":"https:\/\/www.emporioamazonervas.com.br\/index.php\/produto\/shake-com-chia-bioforma-sabor-baunilha-400g-clinicmais\/","title":{"rendered":"Shake com Chia BioForma Sabor: Baunilha 400g &#8211; ClinicMais"},"content":{"rendered":"<p style=\"text-align: justify\"><strong>O ShakeMais com Chia BioForma Sabor Baunilha proporciona uma dose completa de nutrientes essenciais ao organismo para o gerenciamento de peso.<\/strong><\/p>\n<p style=\"text-align: justify\">Al\u00e9m conter sabor agrad\u00e1vel, apresenta-se muito nutritivo por ser \u00e0 base de\u00a0<strong>chia<\/strong>, alimento rico em fibras, que\u00a0<strong>prolongam a saciedade<\/strong>\u00a0e contribui na\u00a0<strong>fun\u00e7\u00e3o intestinal.\u00a0<\/strong><\/p>\n<p style=\"text-align: justify\"><strong>Alimento auxiliar para dietas de emagrecimento. Possui acr\u00e9scimo de nutrientes para uma alimenta\u00e7\u00e3o saud\u00e1vel, com alto conte\u00fado de vitaminas e minerais.<\/strong><\/p>\n<p style=\"text-align: justify\">O ShakeMais\u00a0 auxilia na perda de peso, estimula o processo de queima de gordura e promove saciedade.<\/p>\n<ul style=\"text-align: justify\">\n<li>Auxilia na digest\u00e3o;<\/li>\n<li>Cont\u00e9m vitaminas e minerais;<\/li>\n<li>Rico em fibras;<\/li>\n<li>Pode ser usado como substituto de refei\u00e7\u00e3o ou complemento alimentar.<\/li>\n<\/ul>\n<p style=\"text-align: justify\">&#8211; N\u00c3O CONT\u00c9M GL\u00daTEN.<\/p>\n","protected":false},"excerpt":{"rendered":"<p style=\"text-align: justify\"><strong>O ShakeMais com Chia BioForma Sabor Baunilha proporciona uma dose completa de nutrientes essenciais ao organismo para o gerenciamento de peso.<\/strong><\/p>\n","protected":false},"featured_media":2502,"comment_status":"open","ping_status":"closed","template":"","meta":[],"product_cat":[131],"product_tag":[72,528,283,657,310,633,722,721,727,399],"_links":{"self":[{"href":"https:\/\/www.emporioamazonervas.com.br\/index.php\/wp-json\/wp\/v2\/product\/2501"}],"collection":[{"href":"https:\/\/www.emporioamazonervas.com.br\/index.php\/wp-json\/wp\/v2\/product"}],"about":[{"href":"https:\/\/www.emporioamazonervas.com.br\/index.php\/wp-json\/wp\/v2\/types\/product"}],"replies":[{"embeddable":true,"href":"https:\/\/www.emporioamazonervas.com.br\/index.php\/wp-json\/wp\/v2\/comments?post=2501"}],"wp:featuredmedia":[{"embeddable":true,"href":"https:\/\/www.emporioamazonervas.com.br\/index.php\/wp-json\/wp\/v2\/media\/2502"}],"wp:attachment":[{"href":"https:\/\/www.emporioamazonervas.com.br\/index.php\/wp-json\/wp\/v2\/media?parent=2501"}],"wp:term":[{"taxonomy":"product_cat","embeddable":true,"href":"https:\/\/www.emporioamazonervas.com.br\/index.php\/wp-json\/wp\/v2\/product_cat?post=2501"},{"taxonomy":"product_tag","embeddable":true,"href":"https:\/\/www.emporioamazonervas.com.br\/index.php\/wp-json\/wp\/v2\/product_tag?post=2501"}],"curies":[{"name":"wp","href":"https:\/\/api.w.org\/{rel}","templated":true}]}}