{"id":2493,"date":"2022-11-16T16:23:35","date_gmt":"2022-11-16T19:23:35","guid":{"rendered":"https:\/\/www.emporioamazonervas.com.br\/?post_type=product&#038;p=2493"},"modified":"2022-11-22T17:23:18","modified_gmt":"2022-11-22T20:23:18","slug":"shake-mais-com-chia-bioforma-sabor-banana-com-canela-400g-clinicmais","status":"publish","type":"product","link":"https:\/\/www.emporioamazonervas.com.br\/index.php\/produto\/shake-mais-com-chia-bioforma-sabor-banana-com-canela-400g-clinicmais\/","title":{"rendered":"Shake Mais com Chia BioForma Sabor: Banana com Canela 400g &#8211; ClinicMais"},"content":{"rendered":"<p style=\"text-align: justify\"><strong>O Shake Mais com Chia Bio forma Sabor Banana com Canela proporciona uma dose completa de nutrientes essenciais ao organismo para o gerenciamento de peso.<\/strong><\/p>\n<p style=\"text-align: justify\">Al\u00e9m\u00a0 conter sabor de Banana e Canela, o mesmos apresenta-se nutritivo por ser \u00e0 base de chia, alimento rico em fibras, que prolongam a saciedade e contribui na fun\u00e7\u00e3o intestinal.<\/p>\n<p style=\"text-align: justify\">Alimento auxiliar para\u00a0<strong>dietas de emagrecimento<\/strong>. Possui acr\u00e9scimo de nutrientes para uma alimenta\u00e7\u00e3o saud\u00e1vel, com\u00a0<strong>alto conte\u00fado de vitaminas e minerais.<\/strong><\/p>\n<p style=\"text-align: justify\"><em>O ShakeMais ClinicMais auxilia na perda de peso, estimula o processo de queima de gordura e promove saciedade.<\/em><\/p>\n<ul style=\"text-align: justify\">\n<li>Auxilia na digest\u00e3o;<\/li>\n<li>Cont\u00e9m vitaminas e minerais;<\/li>\n<li>Rico em fibras;<\/li>\n<li>Pode ser usado como substituto de refei\u00e7\u00e3o ou complemento alimentar.<\/li>\n<\/ul>\n<p style=\"text-align: justify\">&#8211; N\u00c3O CONT\u00c9M GL\u00daTEN.<\/p>\n","protected":false},"excerpt":{"rendered":"<p>O Shake Mais com Chia Bio forma Sabor Banana com Canela proporciona uma dose completa<a class=\"read-more\" href=\"https:\/\/www.emporioamazonervas.com.br\/index.php\/produto\/shake-mais-com-chia-bioforma-sabor-banana-com-canela-400g-clinicmais\/\">&#8230;<\/a><\/p>\n","protected":false},"featured_media":2494,"comment_status":"open","ping_status":"closed","template":"","meta":[],"product_cat":[131,39],"product_tag":[143,185,528,657,138,543,310,529,721,727,399],"_links":{"self":[{"href":"https:\/\/www.emporioamazonervas.com.br\/index.php\/wp-json\/wp\/v2\/product\/2493"}],"collection":[{"href":"https:\/\/www.emporioamazonervas.com.br\/index.php\/wp-json\/wp\/v2\/product"}],"about":[{"href":"https:\/\/www.emporioamazonervas.com.br\/index.php\/wp-json\/wp\/v2\/types\/product"}],"replies":[{"embeddable":true,"href":"https:\/\/www.emporioamazonervas.com.br\/index.php\/wp-json\/wp\/v2\/comments?post=2493"}],"wp:featuredmedia":[{"embeddable":true,"href":"https:\/\/www.emporioamazonervas.com.br\/index.php\/wp-json\/wp\/v2\/media\/2494"}],"wp:attachment":[{"href":"https:\/\/www.emporioamazonervas.com.br\/index.php\/wp-json\/wp\/v2\/media?parent=2493"}],"wp:term":[{"taxonomy":"product_cat","embeddable":true,"href":"https:\/\/www.emporioamazonervas.com.br\/index.php\/wp-json\/wp\/v2\/product_cat?post=2493"},{"taxonomy":"product_tag","embeddable":true,"href":"https:\/\/www.emporioamazonervas.com.br\/index.php\/wp-json\/wp\/v2\/product_tag?post=2493"}],"curies":[{"name":"wp","href":"https:\/\/api.w.org\/{rel}","templated":true}]}}