{"id":2488,"date":"2022-11-16T15:21:14","date_gmt":"2022-11-16T18:21:14","guid":{"rendered":"https:\/\/www.emporioamazonervas.com.br\/?post_type=product&#038;p=2488"},"modified":"2023-06-02T03:02:08","modified_gmt":"2023-06-02T06:02:08","slug":"leveza-30-shake-com-inositol-laranja-moro-chia-sabor-baunilha-400g-clinicmais","status":"publish","type":"product","link":"https:\/\/www.emporioamazonervas.com.br\/index.php\/produto\/leveza-30-shake-com-inositol-laranja-moro-chia-sabor-baunilha-400g-clinicmais\/","title":{"rendered":"Leveza 30 Shake com Inositol\/Laranja Moro\/Chia Sabor: Baunilha 400g &#8211; ClinicMais"},"content":{"rendered":"<p style=\"text-align: justify\"><strong>A Leveza 30 Shake Sabor Baunilha garante a ingest\u00e3o completa de nutrientes que o organismo precisa para o controle de peso. Neste Shake a base de Chia, nutriente rico em fibras que prolongam a saciedade e contribuem na fun\u00e7\u00e3o intestinal.<\/strong><\/p>\n<p style=\"text-align: justify\">O Shake Leveza30 Auxilia na perda de peso, estimula o processo de queima de gordura e promove saciedade por mais tempo.<\/p>\n<p style=\"text-align: justify\">Cont\u00e9m vitaminas e minerais, \u00e9 rico em fibras e pode ser usado como substituto de refei\u00e7\u00e3o ou complemento alimentar.<\/p>\n<p style=\"text-align: justify\">A Chia presente no Leveza30 atua:<\/p>\n<ul class=\"i8Z77e\" style=\"text-align: justify\">\n<li class=\"TrT0Xe\">Previnindo o envelhecimento precoce;<\/li>\n<li class=\"TrT0Xe\">Controlando e previnindo diabetes;<\/li>\n<li class=\"TrT0Xe\">Fortalecendo a imunidade;<\/li>\n<li class=\"TrT0Xe\">Protege os ossos;<\/li>\n<li class=\"TrT0Xe\">Afastando doen\u00e7as card\u00edacas.<\/li>\n<\/ul>\n<p style=\"text-align: justify\">&#8211; N\u00c3O CONT\u00c9M GL\u00daTEN.<\/p>\n","protected":false},"excerpt":{"rendered":"<p style=\"text-align: justify\"><strong>A Leveza 30 Shake Sabor Baunilha garante a ingest\u00e3o completa de nutrientes que o organismo precisa para o controle de peso. Neste Shake a base de Chia, nutriente rico em fibras que prolongam a saciedade e contribuem na fun\u00e7\u00e3o intestinal.<\/strong><\/p>\n","protected":false},"featured_media":2489,"comment_status":"open","ping_status":"closed","template":"","meta":[],"product_cat":[131,39],"product_tag":[72,143,795,401,138,543,310,633,631,791,727,765,399],"_links":{"self":[{"href":"https:\/\/www.emporioamazonervas.com.br\/index.php\/wp-json\/wp\/v2\/product\/2488"}],"collection":[{"href":"https:\/\/www.emporioamazonervas.com.br\/index.php\/wp-json\/wp\/v2\/product"}],"about":[{"href":"https:\/\/www.emporioamazonervas.com.br\/index.php\/wp-json\/wp\/v2\/types\/product"}],"replies":[{"embeddable":true,"href":"https:\/\/www.emporioamazonervas.com.br\/index.php\/wp-json\/wp\/v2\/comments?post=2488"}],"wp:featuredmedia":[{"embeddable":true,"href":"https:\/\/www.emporioamazonervas.com.br\/index.php\/wp-json\/wp\/v2\/media\/2489"}],"wp:attachment":[{"href":"https:\/\/www.emporioamazonervas.com.br\/index.php\/wp-json\/wp\/v2\/media?parent=2488"}],"wp:term":[{"taxonomy":"product_cat","embeddable":true,"href":"https:\/\/www.emporioamazonervas.com.br\/index.php\/wp-json\/wp\/v2\/product_cat?post=2488"},{"taxonomy":"product_tag","embeddable":true,"href":"https:\/\/www.emporioamazonervas.com.br\/index.php\/wp-json\/wp\/v2\/product_tag?post=2488"}],"curies":[{"name":"wp","href":"https:\/\/api.w.org\/{rel}","templated":true}]}}